{"id":8,"date":"2025-08-25T10:45:42","date_gmt":"2025-08-25T13:45:42","guid":{"rendered":"https:\/\/eventos.uepb.edu.br\/ixsemex\/?page_id=8"},"modified":"2025-09-02T09:02:18","modified_gmt":"2025-09-02T12:02:18","slug":"comissao-organizadora","status":"publish","type":"page","link":"https:\/\/eventos.uepb.edu.br\/ixsemex\/comissao-organizadora\/","title":{"rendered":"Comiss\u00e3o Organizadora"},"content":{"rendered":"<p class=\"western\" align=\"left\"><span style=\"color: #444444\"><span style=\"font-family: Calibri, serif\"><span style=\"font-size: medium\"><b>Comiss\u00e3o Organizadora<\/b><\/span><\/span><\/span><\/p>\n<ul>\n<li>\n<p class=\"western\" align=\"left\"><span style=\"color: #000000\"><span style=\"font-family: Calibri, serif\"><span style=\"font-size: medium\">Profa. Dra. <\/span><\/span><\/span><span style=\"color: #000000\"><span style=\"font-family: Calibri, serif\"><span style=\"font-size: medium\">Alessandra Teixeira<\/span><\/span><\/span><span style=\"color: #000000\"><span style=\"font-family: Calibri, serif\"><span style=\"font-size: medium\"> (Presidente)<\/span><\/span><\/span><\/p>\n<\/li>\n<li>\n<p class=\"western\" align=\"left\"><span style=\"color: #000000\"><span style=\"font-family: Calibri, serif\"><span style=\"font-size: medium\">Profa. Dr. Jos\u00e9 Arlindo de Aguiar Filho<\/span><\/span><\/span><\/p>\n<\/li>\n<li>\n<p class=\"western\" align=\"left\"><span style=\"color: #000000\"><span style=\"font-family: Calibri, serif\"><span style=\"font-size: medium\">Adja Fernanda da Silva<\/span><\/span><\/span><\/p>\n<\/li>\n<li>\n<p class=\"western\" align=\"left\"><span style=\"color: #000000\"><span style=\"font-family: Calibri, serif\"><span style=\"font-size: medium\">Aldo Manoel Branquinho Nunes<\/span><\/span><\/span><\/p>\n<\/li>\n<li>\n<p class=\"western\" align=\"left\"><span style=\"color: #000000\"><span style=\"font-family: Calibri, serif\"><span style=\"font-size: medium\">Dillane Ara\u00fajo Arruda Ramos<\/span><\/span><\/span><\/p>\n<\/li>\n<li>\n<p class=\"western\" align=\"left\"><span style=\"color: #000000\"><span style=\"font-family: Calibri, serif\"><span style=\"font-size: medium\">Natan Mamede da Silva<\/span><\/span><\/span><\/p>\n<\/li>\n<li>\n<p class=\"western\" align=\"left\"><span style=\"color: #000000\"><span style=\"font-family: Calibri, serif\"><span style=\"font-size: medium\">Samuel Herbert de <\/span><\/span><\/span><span style=\"color: #000000\"><span style=\"font-family: Calibri, serif\"><span style=\"font-size: medium\">S\u00e1<\/span><\/span><\/span><span style=\"color: #000000\"><span style=\"font-family: Calibri, serif\"><span style=\"font-size: medium\"> e Silva <\/span><\/span><\/span><\/p>\n<\/li>\n<li>\n<p class=\"western\" align=\"left\"><span style=\"color: #000000\"><span style=\"font-family: Calibri, serif\"><span style=\"font-size: medium\">Thamara Ribeiro Alencar<\/span><\/span><\/span><\/p>\n<\/li>\n<li>\n<p class=\"western\" align=\"left\"><span style=\"color: #000000\"><span style=\"font-family: Calibri, serif\"><span style=\"font-size: medium\">Yasmin Sim\u00f5es de Souza<\/span><\/span><\/span><\/p>\n<\/li>\n<\/ul>\n","protected":false},"excerpt":{"rendered":"<p>Comiss\u00e3o Organizadora Profa. Dra. Alessandra Teixeira (Presidente) Profa. Dr. Jos\u00e9 Arlindo de Aguiar Filho Adja Fernanda da Silva Aldo Manoel Branquinho Nunes Dillane Ara\u00fajo Arruda Ramos Natan Mamede da Silva Samuel Herbert de S\u00e1 e Silva Thamara Ribeiro Alencar Yasmin Sim\u00f5es de Souza<\/p>\n","protected":false},"author":1,"featured_media":0,"parent":0,"menu_order":0,"comment_status":"closed","ping_status":"closed","template":"","meta":{"footnotes":""},"class_list":["post-8","page","type-page","status-publish","hentry"],"_links":{"self":[{"href":"https:\/\/eventos.uepb.edu.br\/ixsemex\/wp-json\/wp\/v2\/pages\/8","targetHints":{"allow":["GET"]}}],"collection":[{"href":"https:\/\/eventos.uepb.edu.br\/ixsemex\/wp-json\/wp\/v2\/pages"}],"about":[{"href":"https:\/\/eventos.uepb.edu.br\/ixsemex\/wp-json\/wp\/v2\/types\/page"}],"author":[{"embeddable":true,"href":"https:\/\/eventos.uepb.edu.br\/ixsemex\/wp-json\/wp\/v2\/users\/1"}],"replies":[{"embeddable":true,"href":"https:\/\/eventos.uepb.edu.br\/ixsemex\/wp-json\/wp\/v2\/comments?post=8"}],"version-history":[{"count":2,"href":"https:\/\/eventos.uepb.edu.br\/ixsemex\/wp-json\/wp\/v2\/pages\/8\/revisions"}],"predecessor-version":[{"id":43,"href":"https:\/\/eventos.uepb.edu.br\/ixsemex\/wp-json\/wp\/v2\/pages\/8\/revisions\/43"}],"wp:attachment":[{"href":"https:\/\/eventos.uepb.edu.br\/ixsemex\/wp-json\/wp\/v2\/media?parent=8"}],"curies":[{"name":"wp","href":"https:\/\/api.w.org\/{rel}","templated":true}]}}