{"id":36,"date":"2025-08-25T10:51:31","date_gmt":"2025-08-25T13:51:31","guid":{"rendered":"https:\/\/eventos.uepb.edu.br\/ixsemex\/?page_id=36"},"modified":"2025-09-09T08:58:23","modified_gmt":"2025-09-09T11:58:23","slug":"pagina-inicial","status":"publish","type":"page","link":"https:\/\/eventos.uepb.edu.br\/ixsemex\/","title":{"rendered":"P\u00e1gina Inicial"},"content":{"rendered":"<div class=\"wpb-content-wrapper\"><p>[vc_row][vc_column][vc_single_image image=&#8221;76&#8243; img_size=&#8221;full&#8221; alignment=&#8221;center&#8221; css=&#8221;&#8221;][vc_text_separator title=&#8221;Apresenta\u00e7\u00e3o&#8221; i_icon_fontawesome=&#8221;fa fa-solid fa-angles-right&#8221; i_color=&#8221;custom&#8221; title_align=&#8221;separator_align_left&#8221; css=&#8221;&#8221; add_icon=&#8221;true&#8221; i_custom_color=&#8221;#CC0000&#8243;][vc_column_text css=&#8221;&#8221;]Entre 29 de outubro e 01 de novembro ocorrer\u00e1 a semana acad\u00eamica da UEPB, evento integrado de extens\u00e3o, pesquisa e ensino a dist\u00e2ncia.<\/p>\n<p>A programa\u00e7\u00e3o das atividades de extens\u00e3o engloba rodas de conversa, palestras, extens\u00e3o mostra, voz da comunidade, apresenta\u00e7\u00e3o de resultados e comunica\u00e7\u00f5es orais do IX SEMEX &#8211; Semin\u00e1rio de Extens\u00e3o.<\/p>\n<p>A atividade extensionista, que constitui a conex\u00e3o direta entre a universidade e a comunidade que a acolhe, estar\u00e1 em evid\u00eancia nas discuss\u00f5es da tem\u00e1tica \u201cEquidade, Inclus\u00e3o, Sustentabilidade e Inova\u00e7\u00e3o: Desafios na forma\u00e7\u00e3o acad\u00eamica contempor\u00e2nea\u201d.\u00a0 A finalidade de conectar a comunidade acad\u00eamica com a sociedade de que faz parte estar\u00e1 presente no evento que re\u00fane professores convidados, estudantes extensionistas da universidade estadual, estudantes da gradua\u00e7\u00e3o e p\u00f3s-gradua\u00e7\u00e3o, comunidade paraibana e de outros estados!<\/p>\n<p>Juntos somos mais, bem-vindos ao nosso evento![\/vc_column_text][\/vc_column][\/vc_row]<\/p>\n<\/div>","protected":false},"excerpt":{"rendered":"<p>[vc_row][vc_column][vc_single_image image=&#8221;76&#8243; img_size=&#8221;full&#8221; alignment=&#8221;center&#8221; css=&#8221;&#8221;][vc_text_separator title=&#8221;Apresenta\u00e7\u00e3o&#8221; i_icon_fontawesome=&#8221;fa fa-solid fa-angles-right&#8221; i_color=&#8221;custom&#8221; title_align=&#8221;separator_align_left&#8221; css=&#8221;&#8221; add_icon=&#8221;true&#8221; i_custom_color=&#8221;#CC0000&#8243;][vc_column_text css=&#8221;&#8221;]Entre 29 de outubro e 01 de novembro ocorrer\u00e1 a semana acad\u00eamica da UEPB, evento integrado de extens\u00e3o, pesquisa e ensino a dist\u00e2ncia. A programa\u00e7\u00e3o das atividades de extens\u00e3o engloba rodas de conversa, palestras, extens\u00e3o mostra, voz da comunidade, apresenta\u00e7\u00e3o de <a class=\"leiamais\" href=\"https:\/\/eventos.uepb.edu.br\/ixsemex\/\">Leia Mais&#8230;<\/a><\/p>\n","protected":false},"author":1,"featured_media":0,"parent":0,"menu_order":0,"comment_status":"closed","ping_status":"closed","template":"","meta":{"footnotes":""},"class_list":["post-36","page","type-page","status-publish","hentry"],"_links":{"self":[{"href":"https:\/\/eventos.uepb.edu.br\/ixsemex\/wp-json\/wp\/v2\/pages\/36","targetHints":{"allow":["GET"]}}],"collection":[{"href":"https:\/\/eventos.uepb.edu.br\/ixsemex\/wp-json\/wp\/v2\/pages"}],"about":[{"href":"https:\/\/eventos.uepb.edu.br\/ixsemex\/wp-json\/wp\/v2\/types\/page"}],"author":[{"embeddable":true,"href":"https:\/\/eventos.uepb.edu.br\/ixsemex\/wp-json\/wp\/v2\/users\/1"}],"replies":[{"embeddable":true,"href":"https:\/\/eventos.uepb.edu.br\/ixsemex\/wp-json\/wp\/v2\/comments?post=36"}],"version-history":[{"count":16,"href":"https:\/\/eventos.uepb.edu.br\/ixsemex\/wp-json\/wp\/v2\/pages\/36\/revisions"}],"predecessor-version":[{"id":96,"href":"https:\/\/eventos.uepb.edu.br\/ixsemex\/wp-json\/wp\/v2\/pages\/36\/revisions\/96"}],"wp:attachment":[{"href":"https:\/\/eventos.uepb.edu.br\/ixsemex\/wp-json\/wp\/v2\/media?parent=36"}],"curies":[{"name":"wp","href":"https:\/\/api.w.org\/{rel}","templated":true}]}}