{"id":23,"date":"2025-08-25T10:46:23","date_gmt":"2025-08-25T13:46:23","guid":{"rendered":"https:\/\/eventos.uepb.edu.br\/ixsemex\/?page_id=23"},"modified":"2025-09-02T09:34:56","modified_gmt":"2025-09-02T12:34:56","slug":"alocacao-de-trabalhos","status":"publish","type":"page","link":"https:\/\/eventos.uepb.edu.br\/ixsemex\/alocacao-de-trabalhos\/","title":{"rendered":"Aloca\u00e7\u00e3o de trabalhos"},"content":{"rendered":"<p class=\"western\" align=\"left\"><span style=\"color: #2a6099\"><span style=\"font-family: Calibri, serif\"><span style=\"font-size: medium\"><b>Aloca\u00e7\u00e3o de trabalhos<\/b><\/span><\/span><\/span><\/p>\n<p class=\"western\" align=\"left\">\n<p class=\"western\" align=\"left\"><span style=\"color: #444444\"><span style=\"font-family: Calibri, serif\"><span style=\"font-size: medium\">Caros e caras participantes, ap\u00f3s o final da data de submiss\u00e3o divulgaremos as datas e hor\u00e1rios de suas apresenta\u00e7\u00f5es nas Comunica\u00e7\u00f5es Orais em Rodas de Conversa.<\/span><\/span><\/span><\/p>\n<p class=\"western\" align=\"left\"><span style=\"color: #444444\"><span style=\"font-family: Calibri, serif\"><span style=\"font-size: medium\"><b>Aten\u00e7\u00e3o!<\/b><\/span><\/span><\/span><span style=\"color: #444444\"><span style=\"font-family: Calibri, serif\"><span style=\"font-size: medium\"> Orientamos a todos e todas que entrem nas salas, preferencialmente, logados(as) com os respectivos <\/span><\/span><\/span><span style=\"color: #444444\"><span style=\"font-family: Calibri, serif\"><span style=\"font-size: medium\"><b>e-mails institucionais<\/b><\/span><\/span><\/span><span style=\"color: #444444\"><span style=\"font-family: Calibri, serif\"><span style=\"font-size: medium\"> para que n\u00e3o seja necess\u00e1ria a solicita\u00e7\u00e3o de acesso.<\/span><\/span><\/span><\/p>\n<p class=\"western\" align=\"left\"><span style=\"color: #444444;font-family: Calibri, serif;font-size: medium\">Aguardem a divulga\u00e7\u00e3o.<\/span><\/p>\n","protected":false},"excerpt":{"rendered":"<p>Aloca\u00e7\u00e3o de trabalhos Caros e caras participantes, ap\u00f3s o final da data de submiss\u00e3o divulgaremos as datas e hor\u00e1rios de suas apresenta\u00e7\u00f5es nas Comunica\u00e7\u00f5es Orais em Rodas de Conversa. Aten\u00e7\u00e3o! Orientamos a todos e todas que entrem nas salas, preferencialmente, logados(as) com os respectivos e-mails institucionais para que n\u00e3o seja necess\u00e1ria a solicita\u00e7\u00e3o de acesso. <a class=\"leiamais\" href=\"https:\/\/eventos.uepb.edu.br\/ixsemex\/alocacao-de-trabalhos\/\">Leia Mais&#8230;<\/a><\/p>\n","protected":false},"author":1,"featured_media":0,"parent":0,"menu_order":0,"comment_status":"closed","ping_status":"closed","template":"","meta":{"footnotes":""},"class_list":["post-23","page","type-page","status-publish","hentry"],"_links":{"self":[{"href":"https:\/\/eventos.uepb.edu.br\/ixsemex\/wp-json\/wp\/v2\/pages\/23","targetHints":{"allow":["GET"]}}],"collection":[{"href":"https:\/\/eventos.uepb.edu.br\/ixsemex\/wp-json\/wp\/v2\/pages"}],"about":[{"href":"https:\/\/eventos.uepb.edu.br\/ixsemex\/wp-json\/wp\/v2\/types\/page"}],"author":[{"embeddable":true,"href":"https:\/\/eventos.uepb.edu.br\/ixsemex\/wp-json\/wp\/v2\/users\/1"}],"replies":[{"embeddable":true,"href":"https:\/\/eventos.uepb.edu.br\/ixsemex\/wp-json\/wp\/v2\/comments?post=23"}],"version-history":[{"count":3,"href":"https:\/\/eventos.uepb.edu.br\/ixsemex\/wp-json\/wp\/v2\/pages\/23\/revisions"}],"predecessor-version":[{"id":57,"href":"https:\/\/eventos.uepb.edu.br\/ixsemex\/wp-json\/wp\/v2\/pages\/23\/revisions\/57"}],"wp:attachment":[{"href":"https:\/\/eventos.uepb.edu.br\/ixsemex\/wp-json\/wp\/v2\/media?parent=23"}],"curies":[{"name":"wp","href":"https:\/\/api.w.org\/{rel}","templated":true}]}}