{"id":15,"date":"2025-08-25T10:46:36","date_gmt":"2025-08-25T13:46:36","guid":{"rendered":"https:\/\/eventos.uepb.edu.br\/ixsemex\/?page_id=15"},"modified":"2025-09-02T09:40:35","modified_gmt":"2025-09-02T12:40:35","slug":"certificados-e-anais","status":"publish","type":"page","link":"https:\/\/eventos.uepb.edu.br\/ixsemex\/certificados-e-anais\/","title":{"rendered":"Certificados e ANAIS"},"content":{"rendered":"<p class=\"western\" align=\"left\"><span style=\"color: #2a6099\"><span style=\"font-family: Calibri, serif\"><span style=\"font-size: medium\"><span lang=\"pt-BR\"><b>Certificados e ANAIS<\/b><\/span><\/span><\/span><\/span><\/p>\n<ul>\n<li>\n<p class=\"western\" align=\"justify\"><span style=\"color: #444444\"><span style=\"font-family: Calibri, serif\"><span style=\"font-size: medium\">Informamos aos participantes do <\/span><\/span><\/span><span style=\"color: #444444\"><span style=\"font-family: Calibri, serif\"><span style=\"font-size: medium\"><b>IX Semin\u00e1rio de Extens\u00e3o -SEMEX <\/b><\/span><\/span><\/span><span style=\"color: #444444\"><span style=\"font-family: Calibri, serif\"><span style=\"font-size: medium\">que os certificados ser\u00e3o disponibilizados no site do evento, na aba \u201cCertificados e ANAIS\u201d;<\/span><\/span><\/span><\/p>\n<\/li>\n<li>\n<p class=\"western\" align=\"justify\"><span style=\"color: #444444\"><span style=\"font-family: Calibri, serif\"><span style=\"font-size: medium\">Os certificados de Participa\u00e7\u00e3o no <\/span><\/span><\/span><span style=\"color: #444444\"><span style=\"font-family: Calibri, serif\"><span style=\"font-size: medium\"><b>IX Semin\u00e1rio de Extens\u00e3o -SEMEX ser\u00e3o <\/b><\/span><\/span><\/span><span style=\"color: #444444\"><span style=\"font-family: Calibri, serif\"><span style=\"font-size: medium\">emitidos com carga hor\u00e1ria de 30 horas para todos os participantes inscritos e que assinaram as listas de presen\u00e7a;<\/span><\/span><\/span><\/p>\n<\/li>\n<li>\n<p class=\"western\" align=\"justify\"><span style=\"color: #444444\"><span style=\"font-family: Calibri, serif\"><span style=\"font-size: medium\">Os certificados de apresenta\u00e7\u00e3o de trabalhos, Comiss\u00e3o Organizadora, Cient\u00edfica e Avaliadora, Monitor, Palestrante, Debatedor(a) e Moderador(a) de mesa-redonda ser\u00e3o enviados para o e-mail informado no ato da inscri\u00e7\u00e3o;<\/span><\/span><\/span><\/p>\n<\/li>\n<li>\n<p class=\"western\" align=\"justify\"><span style=\"color: #444444\"><span style=\"font-family: Calibri, serif\"><span style=\"font-size: medium\">Os ANAIS a medida que forem publicados ser\u00e3o divulgados.<\/span><\/span><\/span><\/p>\n<\/li>\n<\/ul>\n","protected":false},"excerpt":{"rendered":"<p>Certificados e ANAIS Informamos aos participantes do IX Semin\u00e1rio de Extens\u00e3o -SEMEX que os certificados ser\u00e3o disponibilizados no site do evento, na aba \u201cCertificados e ANAIS\u201d; Os certificados de Participa\u00e7\u00e3o no IX Semin\u00e1rio de Extens\u00e3o -SEMEX ser\u00e3o emitidos com carga hor\u00e1ria de 30 horas para todos os participantes inscritos e que assinaram as listas de <a class=\"leiamais\" href=\"https:\/\/eventos.uepb.edu.br\/ixsemex\/certificados-e-anais\/\">Leia Mais&#8230;<\/a><\/p>\n","protected":false},"author":1,"featured_media":0,"parent":0,"menu_order":0,"comment_status":"closed","ping_status":"closed","template":"","meta":{"footnotes":""},"class_list":["post-15","page","type-page","status-publish","hentry"],"_links":{"self":[{"href":"https:\/\/eventos.uepb.edu.br\/ixsemex\/wp-json\/wp\/v2\/pages\/15","targetHints":{"allow":["GET"]}}],"collection":[{"href":"https:\/\/eventos.uepb.edu.br\/ixsemex\/wp-json\/wp\/v2\/pages"}],"about":[{"href":"https:\/\/eventos.uepb.edu.br\/ixsemex\/wp-json\/wp\/v2\/types\/page"}],"author":[{"embeddable":true,"href":"https:\/\/eventos.uepb.edu.br\/ixsemex\/wp-json\/wp\/v2\/users\/1"}],"replies":[{"embeddable":true,"href":"https:\/\/eventos.uepb.edu.br\/ixsemex\/wp-json\/wp\/v2\/comments?post=15"}],"version-history":[{"count":2,"href":"https:\/\/eventos.uepb.edu.br\/ixsemex\/wp-json\/wp\/v2\/pages\/15\/revisions"}],"predecessor-version":[{"id":58,"href":"https:\/\/eventos.uepb.edu.br\/ixsemex\/wp-json\/wp\/v2\/pages\/15\/revisions\/58"}],"wp:attachment":[{"href":"https:\/\/eventos.uepb.edu.br\/ixsemex\/wp-json\/wp\/v2\/media?parent=15"}],"curies":[{"name":"wp","href":"https:\/\/api.w.org\/{rel}","templated":true}]}}