{"id":12,"date":"2025-08-25T10:46:06","date_gmt":"2025-08-25T13:46:06","guid":{"rendered":"https:\/\/eventos.uepb.edu.br\/ixsemex\/?page_id=12"},"modified":"2025-09-02T10:15:41","modified_gmt":"2025-09-02T13:15:41","slug":"submissao-de-trabalhos","status":"publish","type":"page","link":"https:\/\/eventos.uepb.edu.br\/ixsemex\/submissao-de-trabalhos\/","title":{"rendered":"Submiss\u00e3o de trabalhos"},"content":{"rendered":"<p class=\"western\" align=\"left\"><span style=\"color: #0000ff\"><span style=\"font-family: Calibri, serif\"><span style=\"font-size: medium\"><b>Normas para submiss\u00e3o de trabalhos<\/b><\/span><\/span><\/span><\/p>\n<p class=\"western\" align=\"justify\"><span style=\"color: #800080\"><span style=\"font-family: Calibri, serif\"><span style=\"font-size: medium\"><b>COMUNICA\u00c7\u00c3O ORAL EM RODAS DE CONVERSA<\/b><\/span><\/span><\/span><\/p>\n<ul>\n<li>\n<p class=\"western\" align=\"justify\"><span style=\"color: #444444\"><span style=\"font-family: Calibri, serif\"><span style=\"font-size: medium\">A comunica\u00e7\u00e3o oral em rodas de conversa do <\/span><\/span><\/span><span style=\"color: #444444\"><span style=\"font-family: Calibri, serif\"><span style=\"font-size: medium\"><b>IX Semin\u00e1rio de Extens\u00e3o \u2013 SEMEX <\/b><\/span><\/span><\/span><span style=\"color: #444444\"><span style=\"font-family: Calibri, serif\"><span style=\"font-size: medium\">\u00e9 um espa\u00e7o de di\u00e1logo no <\/span><\/span><\/span><span style=\"color: #444444\"><span style=\"font-family: Calibri, serif\"><span style=\"font-size: medium\"><b>formato remoto<\/b><\/span><\/span><\/span><span style=\"color: #444444\"><span style=\"font-family: Calibri, serif\"><span style=\"font-size: medium\">, no qual a comunidade acad\u00eamica discute a extens\u00e3o em sua ess\u00eancia e os alunos extensionistas apresentam suas experi\u00eancias na execu\u00e7\u00e3o das a\u00e7\u00f5es desenvolvidas nos Projetos de Extens\u00e3o da UEPB;<\/span><\/span><\/span><\/p>\n<\/li>\n<li>\n<p class=\"western\" align=\"justify\"><span style=\"color: #444444\"><span style=\"font-family: Calibri, serif\"><span style=\"font-size: medium\">A comunica\u00e7\u00e3o oral em rodas de conversa servir\u00e1 para o compartilhamento\/socializa\u00e7\u00e3o dos resultados alcan\u00e7ados pelos Projetos de Extens\u00e3o desenvolvidos na <\/span><\/span><\/span><span style=\"color: #444444\"><span style=\"font-family: Calibri, serif\"><span style=\"font-size: medium\"><b>Cota PROBEX 2024-2025 (maio de 2024 a abril de 2025)<\/b><\/span><\/span><\/span><span style=\"color: #444444\"><span style=\"font-family: Calibri, serif\"><span style=\"font-size: medium\">;<\/span><\/span><\/span><\/p>\n<\/li>\n<\/ul>\n<ul>\n<li>\n<p class=\"western\" align=\"justify\"><span style=\"color: #444444\"><span style=\"font-family: Calibri, serif\"><span style=\"font-size: medium\">Todas as apresenta\u00e7\u00f5es ser\u00e3o avaliadas e concorrer\u00e3o ao <\/span><\/span><\/span><span style=\"color: #444444\"><span style=\"font-family: Calibri, serif\"><span style=\"font-size: medium\"><b>V Pr\u00eamio Paulo Freire de Extens\u00e3o<\/b><\/span><\/span><\/span><span style=\"color: #444444\"><span style=\"font-family: Calibri, serif\"><span style=\"font-size: medium\">;<\/span><\/span><\/span><\/p>\n<\/li>\n<\/ul>\n<p class=\"western\" align=\"justify\"><span style=\"color: #444444\"><span style=\"font-family: Calibri, serif\"><span style=\"font-size: medium\">Participar\u00e3o dessa modalidade, obrigatoriamente, todos os(as) alunos(as) extensionista(s) bolsistas dos projetos desenvolvidos na Cota PROBEX 2024\/2025 (de maio de 2024 a abril 2025) como apresentador(a)\/autor(a) principal. Os demais integrantes dos projetos poder\u00e3o participar como coautores;<\/span><\/span><\/span><\/p>\n<p class=\"western\" align=\"justify\"><span style=\"color: #800080\"><span style=\"font-family: Calibri, serif\"><span style=\"font-size: medium\"><b>SUBMISS\u00c3O<\/b><\/span><\/span><\/span><\/p>\n<p class=\"western\" align=\"justify\"><span style=\"color: #444444\"><span style=\"font-family: Calibri, serif\"><span style=\"font-size: medium\">Para submiss\u00e3o, o(a) apresentador(a)\/autor(a) dever\u00e1 efetuar a inscri\u00e7\u00e3o no <\/span><\/span><\/span><span style=\"color: #444444\"><span style=\"font-family: Calibri, serif\"><span style=\"font-size: medium\"><b>IX SEMEX<\/b><\/span><\/span><\/span><span style=\"color: #444444\"><span style=\"font-family: Calibri, serif\"><span style=\"font-size: medium\"> e disponibilizar para a organiza\u00e7\u00e3o do evento um texto em formato *.doc ou *.docx contendo um resumo do trabalho que sintetize os procedimentos de execu\u00e7\u00e3o do projeto:<\/span><\/span><\/span><\/p>\n<p class=\"western\" align=\"justify\"><span style=\"color: #444444\"><span style=\"font-family: Calibri, serif\"><span style=\"font-size: medium\">Em caso de impossibilidade de participa\u00e7\u00e3o do bolsista da Cota PROBEX 2024\/2025 (por motivos de for\u00e7a maior), poder\u00e1 figurar como apresentador(a)\/autor(a) um(a) volunt\u00e1rio(a) que participou ativamente da execu\u00e7\u00e3o do projeto de extens\u00e3o, indicado(a) pelo(a) coordenador(a) do projeto na referida cota;<\/span><\/span><\/span><\/p>\n<p class=\"western\" align=\"justify\"><span style=\"color: #444444\"><span style=\"font-family: Calibri, serif\"><span style=\"font-size: medium\">As submiss\u00f5es ocorrer\u00e3o exclusivamente no per\u00edodo que se estende dos dias <\/span><\/span><\/span><span style=\"color: #000000\"><span style=\"font-family: Calibri, serif\"><span style=\"font-size: medium\"><b>10 DE SETEMBRO A <\/b><\/span><\/span><\/span><span style=\"color: #000000\"><span style=\"font-family: Calibri, serif\"><span style=\"font-size: medium\"><b>30 DE SETEMBRO DE 2025<\/b><\/span><\/span><\/span><span style=\"color: #000000\"><span style=\"font-family: Calibri, serif\"><span style=\"font-size: medium\"><b>.<\/b><\/span><\/span><\/span><\/p>\n<p class=\"western\" align=\"justify\"><span style=\"color: #800080\"><span style=\"font-family: Calibri, serif\"><span style=\"font-size: medium\"><b>RESUMO<\/b><\/span><\/span><\/span><\/p>\n<ul>\n<li>\n<p class=\"western\" align=\"justify\"><span style=\"color: #444444\"><span style=\"font-family: Calibri, serif\"><span style=\"font-size: medium\">O resumo ser\u00e1 disponibilizado previamente para a Comiss\u00e3o Cient\u00edfica do <\/span><\/span><\/span><span style=\"color: #444444\"><span style=\"font-family: Calibri, serif\"><span style=\"font-size: medium\"><b>IX SEMEX<\/b><\/span><\/span><\/span><span style=\"color: #444444\"><span style=\"font-family: Calibri, serif\"><span style=\"font-size: medium\"> formada pelos(as) moderadores(as) que tamb\u00e9m avaliar\u00e3o as apresenta\u00e7\u00f5es em roda de conversa que concorrer\u00e3o ao \u201c<\/span><\/span><\/span><span style=\"color: #444444\"><span style=\"font-family: Calibri, serif\"><span style=\"font-size: medium\"><b>V Pr\u00eamio Paulo Freire de Extens\u00e3o<\/b><\/span><\/span><\/span><span style=\"color: #444444\"><span style=\"font-family: Calibri, serif\"><span style=\"font-size: medium\">\u201d;<\/span><\/span><\/span><\/p>\n<\/li>\n<\/ul>\n<ul>\n<li>\n<p class=\"western\" align=\"justify\"><span style=\"color: #444444\"><span style=\"font-family: Calibri, serif\"><span style=\"font-size: medium\">Os resumos ser\u00e3o publicados nos Anais do evento conforme os dados preenchidos no formul\u00e1rio, de inteira responsabilidade dos autores;<\/span><\/span><\/span><\/p>\n<\/li>\n<\/ul>\n<ul>\n<li>\n<p class=\"western\" align=\"justify\"><span style=\"color: #444444\"><span style=\"font-family: Calibri, serif\"><span style=\"font-size: medium\">Os resumos ser\u00e3o escritos com o <\/span><\/span><\/span><span style=\"color: #444444\"><span style=\"font-family: Calibri, serif\"><span style=\"font-size: medium\"><b>m\u00ednimo de 250 e o m\u00e1ximo de 500 palavras <\/b><\/span><\/span><\/span><span style=\"color: #444444\"><span style=\"font-family: Calibri, serif\"><span style=\"font-size: medium\">em que constar\u00e3o introdu\u00e7\u00e3o, objetivos propostos, metodologia operacional, resultados alcan\u00e7ados e contribui\u00e7\u00f5es do projeto \u00e0 comunidade;<\/span><\/span><\/span><\/p>\n<\/li>\n<\/ul>\n<ul>\n<li>\n<p class=\"western\" align=\"justify\"><span style=\"color: #444444\"><span style=\"font-family: Calibri, serif\"><span style=\"font-size: medium\">T\u00edtulo com no m\u00e1ximo <\/span><\/span><\/span><span style=\"color: #444444\"><span style=\"font-family: Calibri, serif\"><span style=\"font-size: medium\"><b>45 palavras<\/b><\/span><\/span><\/span><span style=\"color: #444444\"><span style=\"font-family: Calibri, serif\"><span style=\"font-size: medium\">;<\/span><\/span><\/span><\/p>\n<\/li>\n<\/ul>\n<ul>\n<li>\n<p class=\"western\" align=\"justify\"><span style=\"color: #444444\"><span style=\"font-family: Calibri, serif\"><span style=\"font-size: medium\">Nome dos autores e institui\u00e7\u00e3o a que est\u00e3o vinculados: bolsista como autor(a), volunt\u00e1rios(as), colaboradores(as) e coordenador(a), como coautores(as), nesta ordem.<\/span><\/span><\/span><\/p>\n<\/li>\n<\/ul>\n<ul>\n<li>\n<p class=\"western\" align=\"justify\"><span style=\"color: #444444\"><span style=\"font-family: Calibri, serif\"><span style=\"font-size: medium\">\u00c1rea: comunica\u00e7\u00e3o; cultura; direitos humanos e justi\u00e7a; educa\u00e7\u00e3o; meio ambiente; sa\u00fade; tecnologia e produ\u00e7\u00e3o; e trabalho;<\/span><\/span><\/span><\/p>\n<\/li>\n<\/ul>\n<ul>\n<li>\n<p class=\"western\" align=\"justify\"><span style=\"color: #444444\"><span style=\"font-family: Calibri, serif\"><span style=\"font-size: medium\">Os resumos dever\u00e3o vir acompanhados de tr\u00eas palavras-chave, separadas entre si por ponto e v\u00edrgula;<\/span><\/span><\/span><\/p>\n<\/li>\n<li>\n<p class=\"western\" align=\"justify\"><span style=\"color: #444444\"><span style=\"font-family: Calibri, serif\"><span style=\"font-size: medium\">N\u00e3o ser\u00e1 permitido inserir imagens, gr\u00e1ficos, tabelas ou refer\u00eancias no corpo do texto do resumo.<\/span><\/span><\/span><\/p>\n<\/li>\n<\/ul>\n<p class=\"western\" align=\"justify\"><span style=\"color: #000080\"><u><a href=\"https:\/\/eventos.uepb.edu.br\/ixsemex\/download\/template-ix-seminario-de-extensao\/\"><span style=\"color: #ff0000\"><span style=\"font-family: Calibri, serif\"><span style=\"font-size: medium\">Template \u2013 IX Semin\u00e1rio de Extens\u00e3o<\/span><\/span><\/span><\/a><\/u><\/span><\/p>\n<p class=\"western\" align=\"justify\"><span style=\"color: #0000ff\"><span style=\"font-family: Calibri, serif\"><span style=\"font-size: medium\"><b>LINK PARA SUBMISS\u00c3O DE TRABALHO:<\/b><\/span><\/span><\/span><b> <\/b><a href=\"https:\/\/forms.gle\/KSdukZMDWkBdwqDm6\"><span style=\"color: #0000ff\"><u><span style=\"font-family: Calibri, serif\"><span style=\"font-size: medium\">https:\/\/forms.gle\/KSdukZMDWkBdwqDm6<\/span><\/span><\/u><\/span><\/a><\/p>\n","protected":false},"excerpt":{"rendered":"<p>Normas para submiss\u00e3o de trabalhos COMUNICA\u00c7\u00c3O ORAL EM RODAS DE CONVERSA A comunica\u00e7\u00e3o oral em rodas de conversa do IX Semin\u00e1rio de Extens\u00e3o \u2013 SEMEX \u00e9 um espa\u00e7o de di\u00e1logo no formato remoto, no qual a comunidade acad\u00eamica discute a extens\u00e3o em sua ess\u00eancia e os alunos extensionistas apresentam suas experi\u00eancias na execu\u00e7\u00e3o das a\u00e7\u00f5es <a class=\"leiamais\" href=\"https:\/\/eventos.uepb.edu.br\/ixsemex\/submissao-de-trabalhos\/\">Leia Mais&#8230;<\/a><\/p>\n","protected":false},"author":1,"featured_media":0,"parent":0,"menu_order":0,"comment_status":"closed","ping_status":"closed","template":"","meta":{"footnotes":""},"class_list":["post-12","page","type-page","status-publish","hentry"],"_links":{"self":[{"href":"https:\/\/eventos.uepb.edu.br\/ixsemex\/wp-json\/wp\/v2\/pages\/12","targetHints":{"allow":["GET"]}}],"collection":[{"href":"https:\/\/eventos.uepb.edu.br\/ixsemex\/wp-json\/wp\/v2\/pages"}],"about":[{"href":"https:\/\/eventos.uepb.edu.br\/ixsemex\/wp-json\/wp\/v2\/types\/page"}],"author":[{"embeddable":true,"href":"https:\/\/eventos.uepb.edu.br\/ixsemex\/wp-json\/wp\/v2\/users\/1"}],"replies":[{"embeddable":true,"href":"https:\/\/eventos.uepb.edu.br\/ixsemex\/wp-json\/wp\/v2\/comments?post=12"}],"version-history":[{"count":6,"href":"https:\/\/eventos.uepb.edu.br\/ixsemex\/wp-json\/wp\/v2\/pages\/12\/revisions"}],"predecessor-version":[{"id":68,"href":"https:\/\/eventos.uepb.edu.br\/ixsemex\/wp-json\/wp\/v2\/pages\/12\/revisions\/68"}],"wp:attachment":[{"href":"https:\/\/eventos.uepb.edu.br\/ixsemex\/wp-json\/wp\/v2\/media?parent=12"}],"curies":[{"name":"wp","href":"https:\/\/api.w.org\/{rel}","templated":true}]}}