{"id":11,"date":"2025-08-25T10:45:58","date_gmt":"2025-08-25T13:45:58","guid":{"rendered":"https:\/\/eventos.uepb.edu.br\/ixsemex\/?page_id=11"},"modified":"2025-09-02T10:10:02","modified_gmt":"2025-09-02T13:10:02","slug":"inscricoes-e-credenciamento","status":"publish","type":"page","link":"https:\/\/eventos.uepb.edu.br\/ixsemex\/inscricoes-e-credenciamento\/","title":{"rendered":"Inscri\u00e7\u00f5es"},"content":{"rendered":"<p class=\"western\" align=\"left\"><span style=\"color: #800080\"><span style=\"font-family: Calibri, serif\"><span style=\"font-size: medium\"><b>Inscri\u00e7\u00f5es\u00a0<\/b><\/span><\/span><\/span><\/p>\n<p class=\"western\" align=\"justify\"><span style=\"color: #0000ff\"><span style=\"font-family: Calibri, serif\"><span style=\"font-size: medium\"><b>Normas para Inscri\u00e7\u00e3o<\/b><\/span><\/span><\/span><\/p>\n<p class=\"western\" align=\"justify\"><span style=\"color: #444444\"><span style=\"font-family: Calibri, serif\"><span style=\"font-size: medium\">Prazo para inscri\u00e7\u00e3o \u2013 at\u00e9 <\/span><\/span><\/span><span style=\"color: #000000\"><span style=\"font-family: Calibri, serif\"><span style=\"font-size: medium\"><b>30<\/b><\/span><\/span><\/span><span style=\"color: #000000\"><span style=\"font-family: Calibri, serif\"><span style=\"font-size: medium\"><b> DE SETEMBRO DE 2025<\/b><\/span><\/span><\/span><\/p>\n<p class=\"western\" align=\"justify\"><span style=\"color: #444444\"><span style=\"font-family: Calibri, serif\"><span style=\"font-size: medium\"><b>ATEN\u00c7\u00c3O: <\/b><\/span><\/span><\/span><span style=\"color: #444444\"><span style=\"font-family: Calibri, serif\"><span style=\"font-size: medium\">n\u00e3o haver\u00e1 inscri\u00e7\u00f5es ap\u00f3s essa data.<\/span><\/span><\/span><\/p>\n<p class=\"western\" align=\"justify\"><span style=\"color: #444444\"><span style=\"font-family: Calibri, serif\"><span style=\"font-size: medium\">Siga as normas, inscreva-se e participe conosco!<\/span><\/span><\/span><\/p>\n<p class=\"western\" align=\"justify\"><span style=\"color: #0000ff\"><span style=\"font-family: Calibri, serif\"><span style=\"font-size: medium\"><b>Regras gerais sobre as inscri\u00e7\u00f5es<\/b><\/span><\/span><\/span><\/p>\n<p class=\"western\" align=\"justify\"><span style=\"color: #444444\"><span style=\"font-family: Calibri, serif\"><span style=\"font-size: medium\">Todos(as) os(as) participantes dever\u00e3o realizar inscri\u00e7\u00f5es no <\/span><\/span><\/span><span style=\"color: #444444\"><span style=\"font-family: Calibri, serif\"><span style=\"font-size: medium\"><b>IX Semin\u00e1rio de Extens\u00e3o \u2013 SEMEX.<\/b><\/span><\/span><\/span><\/p>\n<p class=\"western\" align=\"justify\"><span style=\"color: #444444\"><span style=\"font-family: Calibri, serif\"><span style=\"font-size: medium\">As inscri\u00e7\u00f5es dever\u00e3o ser efetuadas por meio do preenchimento do formul\u00e1rio on-line, observando-se os prazos estabelecidos para cada modalidade de inscri\u00e7\u00e3o.<\/span><\/span><\/span><\/p>\n<p class=\"western\" align=\"justify\"><span style=\"color: #444444\"><span style=\"font-family: Calibri, serif\"><span style=\"font-size: medium\">No item \u201cPerfil\u201d, escolha uma das op\u00e7\u00f5es segundo o seu v\u00ednculo com a UEPB:<\/span><\/span><\/span><\/p>\n<p class=\"western\" align=\"justify\"><span style=\"color: #444444\">\u2022 <\/span><span style=\"color: #444444\"><span style=\"font-family: Calibri, serif\"><span style=\"font-size: medium\">SERVIDOR (docente ou t\u00e9cnico administrativo);<\/span><\/span><\/span><\/p>\n<p class=\"western\" align=\"justify\"><span style=\"color: #444444\">\u2022 <\/span><span style=\"color: #444444\"><span style=\"font-family: Calibri, serif\"><span style=\"font-size: medium\">ALUNO (gradua\u00e7\u00e3o ou p\u00f3s).<\/span><\/span><\/span><\/p>\n<p class=\"western\" align=\"justify\"><span style=\"color: #444444\">\u2022 <\/span><span style=\"color: #444444\"><span style=\"font-family: Calibri, serif\"><span style=\"font-size: medium\">P\u00daBLICO EXTERNO \u2013 refere-se a toda e qualquer pessoa <\/span><\/span><\/span><span style=\"color: #444444\"><span style=\"font-family: Calibri, serif\"><span style=\"font-size: medium\"><b>sem v\u00ednculo com a UEPB <\/b><\/span><\/span><\/span><span style=\"color: #444444\"><span style=\"font-family: Calibri, serif\"><span style=\"font-size: medium\">que deseja participar do Evento.<\/span><\/span><\/span><\/p>\n<p class=\"western\" align=\"justify\"><span style=\"color: #444444\"><span style=\"font-family: Calibri, serif\"><span style=\"font-size: medium\">Na aba \u201cPrograma\u00e7\u00e3o\u201d ser\u00e3o disponibilizados os links de acesso \u00e0s atividades remotas e a localiza\u00e7\u00e3o das atividades presenciais.<\/span><\/span><\/span><\/p>\n<p class=\"western\" align=\"justify\"><span style=\"color: #800080\"><span style=\"font-family: Calibri, serif\"><span style=\"font-size: medium\"><b>Submiss\u00e3o de Trabalhos<\/b><\/span><\/span><\/span><\/p>\n<p class=\"western\" align=\"justify\"><span style=\"color: #444444\"><span style=\"font-family: Calibri, serif\"><span style=\"font-size: medium\">Para submiss\u00e3o de trabalhos \u00e9 necess\u00e1ria a inscri\u00e7\u00e3o do apresentador (bolsista PROBEX da cota 2024\/2025 ou volunt\u00e1rio que o substituir\u00e1) no <\/span><\/span><\/span><span style=\"color: #444444\"><span style=\"font-family: Calibri, serif\"><span style=\"font-size: medium\"><b>IX Semin\u00e1rio de Extens\u00e3o \u2013 SEMEX <\/b><\/span><\/span><\/span><span style=\"color: #444444\"><span style=\"font-family: Calibri, serif\"><span style=\"font-size: medium\">e escolher \u201c<\/span><\/span><\/span><span style=\"color: #444444\"><span style=\"font-family: Calibri, serif\"><span style=\"font-size: medium\"><b>Inscri\u00e7\u00e3o com Submiss\u00e3o de trabalho<\/b><\/span><\/span><\/span><span style=\"color: #444444\"><span style=\"font-family: Calibri, serif\"><span style=\"font-size: medium\">\u201d. Apenas o apresentador(a) deve se inscrever nessa modalidade, os demais integrantes do projeto devem se inscrever nas outras op\u00e7\u00f5es, de acordo com sua categoria.<\/span><\/span><\/span><\/p>\n<p class=\"western\" align=\"justify\"><span style=\"color: #0000ff\"><span style=\"font-family: Calibri, serif\"><span style=\"font-size: medium\"><b>Fa\u00e7a Sua Inscri\u00e7\u00e3o<\/b><\/span><\/span><\/span><\/p>\n<p class=\"western\" align=\"justify\"><span style=\"color: #444444\"><span style=\"font-family: Calibri, serif\"><span style=\"font-size: medium\">Acesse o link: <\/span><\/span><\/span><a href=\"https:\/\/forms.gle\/KSdukZMDWkBdwqDm6\"><span style=\"color: #0000ff\"><u><span style=\"font-family: Calibri, serif\"><span style=\"font-size: medium\">https:\/\/forms.gle\/KSdukZMDWkBdwqDm6<\/span><\/span><\/u><\/span><\/a><\/p>\n","protected":false},"excerpt":{"rendered":"<p>Inscri\u00e7\u00f5es\u00a0 Normas para Inscri\u00e7\u00e3o Prazo para inscri\u00e7\u00e3o \u2013 at\u00e9 30 DE SETEMBRO DE 2025 ATEN\u00c7\u00c3O: n\u00e3o haver\u00e1 inscri\u00e7\u00f5es ap\u00f3s essa data. Siga as normas, inscreva-se e participe conosco! Regras gerais sobre as inscri\u00e7\u00f5es Todos(as) os(as) participantes dever\u00e3o realizar inscri\u00e7\u00f5es no IX Semin\u00e1rio de Extens\u00e3o \u2013 SEMEX. As inscri\u00e7\u00f5es dever\u00e3o ser efetuadas por meio do preenchimento <a class=\"leiamais\" href=\"https:\/\/eventos.uepb.edu.br\/ixsemex\/inscricoes-e-credenciamento\/\">Leia Mais&#8230;<\/a><\/p>\n","protected":false},"author":1,"featured_media":0,"parent":0,"menu_order":0,"comment_status":"closed","ping_status":"closed","template":"","meta":{"footnotes":""},"class_list":["post-11","page","type-page","status-publish","hentry"],"_links":{"self":[{"href":"https:\/\/eventos.uepb.edu.br\/ixsemex\/wp-json\/wp\/v2\/pages\/11","targetHints":{"allow":["GET"]}}],"collection":[{"href":"https:\/\/eventos.uepb.edu.br\/ixsemex\/wp-json\/wp\/v2\/pages"}],"about":[{"href":"https:\/\/eventos.uepb.edu.br\/ixsemex\/wp-json\/wp\/v2\/types\/page"}],"author":[{"embeddable":true,"href":"https:\/\/eventos.uepb.edu.br\/ixsemex\/wp-json\/wp\/v2\/users\/1"}],"replies":[{"embeddable":true,"href":"https:\/\/eventos.uepb.edu.br\/ixsemex\/wp-json\/wp\/v2\/comments?post=11"}],"version-history":[{"count":5,"href":"https:\/\/eventos.uepb.edu.br\/ixsemex\/wp-json\/wp\/v2\/pages\/11\/revisions"}],"predecessor-version":[{"id":63,"href":"https:\/\/eventos.uepb.edu.br\/ixsemex\/wp-json\/wp\/v2\/pages\/11\/revisions\/63"}],"wp:attachment":[{"href":"https:\/\/eventos.uepb.edu.br\/ixsemex\/wp-json\/wp\/v2\/media?parent=11"}],"curies":[{"name":"wp","href":"https:\/\/api.w.org\/{rel}","templated":true}]}}