{"id":10,"date":"2025-08-25T10:45:53","date_gmt":"2025-08-25T13:45:53","guid":{"rendered":"https:\/\/eventos.uepb.edu.br\/ixsemex\/?page_id=10"},"modified":"2025-09-09T10:32:26","modified_gmt":"2025-09-09T13:32:26","slug":"programacao","status":"publish","type":"page","link":"https:\/\/eventos.uepb.edu.br\/ixsemex\/programacao\/","title":{"rendered":"Programa\u00e7\u00e3o"},"content":{"rendered":"<div class=\"wpb-content-wrapper\"><p>[vc_row][vc_column][vc_column_text css=&#8221;&#8221;]<\/p>\n<p class=\"western\" align=\"left\"><span style=\"color: #444444\"><span style=\"font-family: Calibri, serif\"><span style=\"font-size: medium\"><b>Programa\u00e7\u00e3o<\/b><\/span><\/span><\/span><\/p>\n<p class=\"western\" align=\"center\"><span style=\"font-family: Calibri, serif;color: #000000\"><span style=\"font-size: medium\"><b><span style=\"font-family: Calibri, serif\">I Semana Acad\u00eamico da UEPB: <\/span><span style=\"font-family: Calibri, serif\">Equidade, Inclus\u00e3o, Sustentabilidade e Inova\u00e7\u00e3o: Desafios na forma\u00e7\u00e3o acad\u00eamica Contempor\u00e2nea<\/span><\/b><\/span><\/span><\/p>\n<p class=\"western\" align=\"center\"><span style=\"font-family: Calibri, serif;color: #0000ff\"><span style=\"font-size: medium\"><b>IX Semin\u00e1rio de Extens\u00e3o da UEPB &#8211; SEMEX<\/b><\/span><\/span><\/p>\n<p class=\"western\" style=\"text-align: center\" align=\"left\"><span style=\"font-family: Calibri, serif;color: #ff6600\"><span style=\"font-size: medium\"><b>Dia 29\/10 (quarta-feira)<\/b><\/span><\/span><\/p>\n<p class=\"western\" align=\"left\"><span style=\"font-family: Calibri, serif;color: #0000ff\"><span style=\"font-size: medium\"><b>8h \u2013 12h &#8211; <\/b><\/span><\/span><span style=\"font-family: Calibri, serif\"><span style=\"font-size: medium\">Comunica\u00e7\u00e3o oral em rodas de conversa<\/span><\/span><\/p>\n<p align=\"left\"><span style=\"font-family: Calibri, serif\"><span style=\"font-size: medium\"><b>Local:<\/b><\/span><\/span><span style=\"font-family: Calibri, serif\"><span style=\"font-size: medium\"> Sala virtual<\/span><\/span><\/p>\n<p class=\"western\" align=\"left\"><span style=\"font-family: Calibri, serif;color: #0000ff\"><span style=\"font-size: medium\"><b>14h \u2013 17h &#8211; <\/b><\/span><\/span><span style=\"font-family: Calibri, serif\"><span style=\"font-size: medium\">Comunica\u00e7\u00e3o oral em rodas de conversa<\/span><\/span><\/p>\n<p align=\"left\"><span style=\"font-family: Calibri, serif\"><span style=\"font-size: medium\"><b>Local:<\/b><\/span><\/span><span style=\"font-family: Calibri, serif\"><span style=\"font-size: medium\"> Sala virtual<\/span><\/span><\/p>\n<p class=\"western\" align=\"left\"><span style=\"font-family: Calibri, serif;color: #0000ff\"><span style=\"font-size: medium\"><b>18h30 &#8211; 21h30 &#8211; <\/b><\/span><\/span><span style=\"font-family: Calibri, serif\"><span style=\"font-size: medium\">Comunica\u00e7\u00e3o oral em rodas de conversa<\/span><\/span><\/p>\n<p align=\"left\"><span style=\"font-family: Calibri, serif\"><span style=\"font-size: medium\"><b>Local:<\/b><\/span><\/span><span style=\"font-family: Calibri, serif\"><span style=\"font-size: medium\"> Sala virtual<\/span><\/span><\/p>\n<p class=\"western\" align=\"left\"><span style=\"font-family: Calibri, serif\"><span style=\"font-size: medium\"><b><span style=\"color: #0000ff\">18h30 &#8211; 21h30 &#8211;<\/span> <\/b><\/span><\/span><span style=\"font-family: Calibri, serif\"><span style=\"font-size: medium\"><b>Abertura Geral dos Eventos<\/b><\/span><\/span><\/p>\n<p class=\"western\" align=\"left\"><span style=\"font-family: Calibri, serif\"><span style=\"font-size: medium\"><b>Local:<\/b><\/span><\/span><span style=\"font-family: Calibri, serif\"><span style=\"font-size: medium\"> Museu de Arte e Ci\u00eancia de Campina Grande (MAC)<\/span><\/span><\/p>\n<p class=\"western\" align=\"left\"><span style=\"font-family: Calibri, serif\"><span style=\"font-size: medium\">Rua Jo\u00e3o L\u00e9lis, 581, Campina Grande, PB, 58.410-140<\/span><\/span><\/p>\n<p style=\"text-align: center\" align=\"left\"><span style=\"font-family: Calibri, serif;color: #ff6600\"><span style=\"font-size: medium\"><b>Dia 30\/10 (quinta-feira)<\/b><\/span><\/span><\/p>\n<p class=\"western\" align=\"left\"><span style=\"font-family: Calibri, serif\"><span style=\"font-size: medium\"><b><span style=\"color: #0000ff\">8h &#8211; 12h &#8211;<\/span> <\/b><\/span><\/span><span style=\"font-family: Calibri, serif\"><span style=\"font-size: medium\">Extens\u00e3o Mostra \/ Voz da Comunidade<\/span><\/span><\/p>\n<p class=\"western\" align=\"left\"><span style=\"font-family: Calibri, serif;color: #0000ff\"><span style=\"font-size: medium\"><b>14h30 &#8211; 16h30 <\/b><\/span><\/span><\/p>\n<p class=\"western\" align=\"left\"><strong><span style=\"font-family: Calibri, serif\"><span style=\"font-size: medium\">Mesa Redonda com o FORPROEX\/PB<\/span><\/span><\/strong><span style=\"font-family: Calibri, serif\"><span style=\"font-size: medium\"><strong>:<\/strong> &#8220;Pontes Vivas entre Universidade e Sociedade: O Lugar da Extens\u00e3o nas Pol\u00edticas Acad\u00eamicas e sua import\u00e2ncia para comunidades vulnerabilizadas&#8221;<\/span><\/span><\/p>\n<p class=\"western\" align=\"left\"><span style=\"color: #000000\"><span style=\"font-family: Calibri, serif\"><span style=\"font-size: medium\"><strong>Ementa:<\/strong> A mesa redonda tem como objetivo promover um di\u00e1logo, compartilhando experi\u00eancias, pr\u00e1ticas e desafios da gest\u00e3o extensionista no cen\u00e1rio contempor\u00e2neo. Busca-se refletir sobre o papel da extens\u00e3o universit\u00e1ria como ponte viva entre universidade e sociedade, destacando sua pot\u00eancia transformadora na produ\u00e7\u00e3o de saberes, no fortalecimento da cidadania e na constru\u00e7\u00e3o de pol\u00edticas acad\u00eamicas comprometidas com a justi\u00e7a social, a inclus\u00e3o e a diversidade cultural. Ao reunir diferentes vozes da gest\u00e3o, pretende-se tecer um espa\u00e7o de escuta, troca e constru\u00e7\u00e3o coletiva, reafirmando a extens\u00e3o como um campo vital na integra\u00e7\u00e3o indissoci\u00e1vel entre ensino, pesquisa e compromisso social<\/span><\/span><\/span><\/p>\n<p class=\"western\" align=\"left\"><span style=\"font-family: Calibri, serif\"><span style=\"font-size: medium\"><b>Debatedores(as):<\/b><\/span><\/span><\/p>\n<p class=\"western\" align=\"left\"><span style=\"font-family: Calibri, serif\"><span style=\"font-size: medium\">Profa. Dra. Fernanda Leal (Vice reitora e Pr\u00f3-reitora de Extens\u00e3o da UFCG) &#8211; a confirmar<\/span><\/span><\/p>\n<p class=\"western\" align=\"left\"><span style=\"font-family: Calibri, serif\"><span style=\"font-size: medium\">Profa. Dra. Bernardina Freire (Pr\u00f3-reitora de Extens\u00e3o da UFPB) &#8211; a confirmar<\/span><\/span><\/p>\n<p class=\"western\" align=\"left\"><span style=\"font-family: Calibri, serif\"><span style=\"font-size: medium\">Profa. Dra. Josi Batista (Pr\u00f3-reitora de Extens\u00e3o e Cultura do IFPB) &#8211; a confirmar<\/span><\/span><\/p>\n<p class=\"western\" align=\"left\"><span style=\"font-family: Calibri, serif\"><span style=\"font-size: medium\"><b>Moderador(a): <\/b><\/span><\/span><\/p>\n<p class=\"western\" align=\"left\"><span style=\"font-family: Calibri, serif\"><span style=\"font-size: medium\">Profa. Dra. Alessandra Teixeira <\/span><\/span><span style=\"font-family: Calibri, serif\"><span style=\"font-size: medium\">(Pr\u00f3-Reitora de Extens\u00e3o da UEPB)<\/span><\/span><\/p>\n<p class=\"western\" align=\"left\"><span style=\"font-family: Calibri, serif\"><span style=\"font-size: medium\">Prof. Dr. Jos\u00e9 Arlindo de Aguiar Filho <\/span><\/span><span style=\"font-family: Calibri, serif\"><span style=\"font-size: medium\">(Pr\u00f3-Reitor Adjunto de Extens\u00e3o da UEPB)<\/span><\/span><\/p>\n<p class=\"western\" align=\"left\"><span style=\"font-family: Calibri, serif\"><span style=\"font-size: medium\"><b>Local:<\/b><\/span><\/span><span style=\"font-family: Calibri, serif\"><span style=\"font-size: medium\"> CCJ<\/span><\/span><\/p>\n<p class=\"western\" align=\"left\"><span style=\"font-family: Calibri, serif;color: #0000ff\"><span style=\"font-size: medium\"><b>16h30 <\/b><\/span><\/span><\/p>\n<p class=\"western\" align=\"left\"><span style=\"font-family: Calibri, serif\"><span style=\"font-size: medium\">Visita ao MAAP<\/span><\/span><\/p>\n<p class=\"western\" align=\"left\"><span style=\"font-family: Calibri, serif\"><span style=\"font-size: medium\">Apresenta\u00e7\u00e3o Cultural <\/span><\/span><\/p>\n<p class=\"western\" style=\"text-align: center\" align=\"left\"><span style=\"font-family: Calibri, serif;color: #ff6600\"><span style=\"font-size: medium\"><b>Dia 31\/10 (sexta-feira) <\/b><\/span><\/span><\/p>\n<p class=\"western\" align=\"left\"><span style=\"font-family: Calibri, serif;color: #0000ff\"><span style=\"font-size: medium\"><b>8h &#8211; 12h <\/b><\/span><\/span><\/p>\n<p class=\"western\" align=\"left\"><span style=\"font-family: Calibri, serif\"><span style=\"font-size: medium\">V Pr\u00eamio Paulo Freire de Extens\u00e3o<\/span><\/span><\/p>\n<p class=\"western\" align=\"left\"><span style=\"font-family: Calibri, serif\"><span style=\"font-size: medium\"><b>Local:<\/b><\/span><\/span><span style=\"font-family: Calibri, serif\"><span style=\"font-size: medium\"> Audit\u00f3rio da Central Acad\u00eamica Paulo Freire<\/span><\/span><\/p>\n<p>[\/vc_column_text][\/vc_column][\/vc_row]<\/p>\n<\/div>","protected":false},"excerpt":{"rendered":"<p>[vc_row][vc_column][vc_column_text css=&#8221;&#8221;] Programa\u00e7\u00e3o I Semana Acad\u00eamico da UEPB: Equidade, Inclus\u00e3o, Sustentabilidade e Inova\u00e7\u00e3o: Desafios na forma\u00e7\u00e3o acad\u00eamica Contempor\u00e2nea IX Semin\u00e1rio de Extens\u00e3o da UEPB &#8211; SEMEX Dia 29\/10 (quarta-feira) 8h \u2013 12h &#8211; Comunica\u00e7\u00e3o oral em rodas de conversa Local: Sala virtual 14h \u2013 17h &#8211; Comunica\u00e7\u00e3o oral em rodas de conversa Local: Sala virtual <a class=\"leiamais\" href=\"https:\/\/eventos.uepb.edu.br\/ixsemex\/programacao\/\">Leia Mais&#8230;<\/a><\/p>\n","protected":false},"author":1,"featured_media":0,"parent":0,"menu_order":0,"comment_status":"closed","ping_status":"closed","template":"","meta":{"footnotes":""},"class_list":["post-10","page","type-page","status-publish","hentry"],"_links":{"self":[{"href":"https:\/\/eventos.uepb.edu.br\/ixsemex\/wp-json\/wp\/v2\/pages\/10","targetHints":{"allow":["GET"]}}],"collection":[{"href":"https:\/\/eventos.uepb.edu.br\/ixsemex\/wp-json\/wp\/v2\/pages"}],"about":[{"href":"https:\/\/eventos.uepb.edu.br\/ixsemex\/wp-json\/wp\/v2\/types\/page"}],"author":[{"embeddable":true,"href":"https:\/\/eventos.uepb.edu.br\/ixsemex\/wp-json\/wp\/v2\/users\/1"}],"replies":[{"embeddable":true,"href":"https:\/\/eventos.uepb.edu.br\/ixsemex\/wp-json\/wp\/v2\/comments?post=10"}],"version-history":[{"count":10,"href":"https:\/\/eventos.uepb.edu.br\/ixsemex\/wp-json\/wp\/v2\/pages\/10\/revisions"}],"predecessor-version":[{"id":105,"href":"https:\/\/eventos.uepb.edu.br\/ixsemex\/wp-json\/wp\/v2\/pages\/10\/revisions\/105"}],"wp:attachment":[{"href":"https:\/\/eventos.uepb.edu.br\/ixsemex\/wp-json\/wp\/v2\/media?parent=10"}],"curies":[{"name":"wp","href":"https:\/\/api.w.org\/{rel}","templated":true}]}}