{"id":54,"date":"2024-07-17T10:53:57","date_gmt":"2024-07-17T13:53:57","guid":{"rendered":"https:\/\/eventos.uepb.edu.br\/encontrodesinforpb\/?page_id=54"},"modified":"2024-09-27T11:13:04","modified_gmt":"2024-09-27T14:13:04","slug":"debatedores","status":"publish","type":"page","link":"https:\/\/eventos.uepb.edu.br\/contradesinfopb\/debatedores\/","title":{"rendered":"Debatedores"},"content":{"rendered":"<div class=\"wpb-content-wrapper\"><p>[vc_row gap=&#8221;35&#8243;][vc_column width=&#8221;1\/2&#8243;][vc_row_inner][vc_column_inner width=&#8221;1\/4&#8243;][vc_single_image image=&#8221;226&#8243; img_size=&#8221;full&#8221; alignment=&#8221;center&#8221; style=&#8221;vc_box_border_circle_2&#8243; css=&#8221;&#8221;][vc_column_text css=&#8221;&#8221;]<\/p>\n<p style=\"text-align: center;\"><strong>Ana Paula Alencar<\/strong><\/p>\n<p>[\/vc_column_text][\/vc_column_inner][vc_column_inner width=&#8221;3\/4&#8243;][vc_column_text css=&#8221;.vc_custom_1723222542379{margin-bottom: 30px !important;}&#8221;]Jornalista. Doutoranda e Mestre em M\u00eddia e Cotidiano pela Universidade Federal Fluminense (UFF-RJ). Especialista em M\u00eddia, Tecnologia da Informa\u00e7\u00e3o e Novas Pr\u00e1ticas Educacionais pela Pontif\u00edcia Universidade Cat\u00f3lica do Rio de Janeiro (PUC-RJ). Multiplicadora de Educa\u00e7\u00e3o Midi\u00e1tica, certificada pelo Programa Educam\u00eddia (Instituto Palavra Aberta).[\/vc_column_text][\/vc_column_inner][\/vc_row_inner][\/vc_column][vc_column width=&#8221;1\/2&#8243;][vc_row_inner][vc_column_inner width=&#8221;1\/4&#8243;][vc_single_image image=&#8221;223&#8243; img_size=&#8221;full&#8221; alignment=&#8221;center&#8221; style=&#8221;vc_box_border_circle_2&#8243; css=&#8221;&#8221;][vc_column_text css=&#8221;&#8221;]<\/p>\n<p style=\"text-align: center;\"><strong>Anna Brisola<\/strong><\/p>\n<p>[\/vc_column_text][\/vc_column_inner][vc_column_inner width=&#8221;3\/4&#8243;][vc_column_text css=&#8221;.vc_custom_1723222533167{margin-bottom: 30px !important;}&#8221;]Vencedora do Pr\u00eamio Capes de melhor Tese 2021, na \u00e1rea de Comunica\u00e7\u00e3o e Informa\u00e7\u00e3o &#8211; Compet\u00eancia cr\u00edtica em informa\u00e7\u00e3o como resist\u00eancia \u00e0 sociedade da desinforma\u00e7\u00e3o sob um olhar freiriano: diagn\u00f3sticos, epistemologia e caminhos ante as distopias informacionais contempor\u00e2neas.<br \/>\nDoutora e mestre em Ci\u00eancia da Informa\u00e7\u00e3o pela UFJR-ECO\/IBICT.<br \/>\nJornalista e publicit\u00e1ria. Docente das gradua\u00e7\u00f5es de jornalismo, publicidade e marketing da UNISUAM.[\/vc_column_text][\/vc_column_inner][\/vc_row_inner][\/vc_column][\/vc_row][vc_row][vc_column][vc_separator css=&#8221;.vc_custom_1722965881383{margin-top: 30px !important;margin-bottom: 30px !important;}&#8221;][\/vc_column][\/vc_row][vc_row gap=&#8221;35&#8243;][vc_column width=&#8221;1\/2&#8243;][vc_row_inner][vc_column_inner width=&#8221;1\/4&#8243;][vc_single_image image=&#8221;200&#8243; img_size=&#8221;full&#8221; alignment=&#8221;center&#8221; style=&#8221;vc_box_border_circle_2&#8243; css=&#8221;&#8221;][vc_column_text css=&#8221;&#8221;]<\/p>\n<p style=\"text-align: center;\"><strong>Bruno Ferreira<\/strong><\/p>\n<p>[\/vc_column_text][\/vc_column_inner][vc_column_inner width=&#8221;3\/4&#8243;][vc_column_text css=&#8221;.vc_custom_1722965598173{margin-bottom: 30px !important;}&#8221;]\u00c9 jornalista, professor e pesquisador. Doutorando em Educa\u00e7\u00e3o pela Faculdade de Educa\u00e7\u00e3o da Universidade de S\u00e3o Paulo (FEUSP), mestre em Ci\u00eancias da Comunica\u00e7\u00e3o e especialista em Educomunica\u00e7\u00e3o, pela Escola de Comunica\u00e7\u00f5es e Artes da USP. \u00c9 coordenador pedag\u00f3gico do EducaM\u00eddia, programa de educa\u00e7\u00e3o midi\u00e1tica do Instituto Palavra Aberta. Foi consultor da Organiza\u00e7\u00e3o das Na\u00e7\u00f5es Unidas para a Educa\u00e7\u00e3o, Ci\u00eancia e Cultura (UNESCO), professor de Comunica\u00e7\u00e3o e Desenvolvimento Social no Senac SP e vice-presidente da Vira\u00e7\u00e3o Educomunica\u00e7\u00e3o. \u00c9 autor do livro &#8220;Jornalismo e educa\u00e7\u00e3o: compet\u00eancias necess\u00e1rias \u00e0 pr\u00e1tica educomunicativa&#8221;, publicado pela editora Appris.[\/vc_column_text][\/vc_column_inner][\/vc_row_inner][\/vc_column][vc_column width=&#8221;1\/2&#8243;][vc_row_inner][vc_column_inner width=&#8221;1\/4&#8243;][vc_single_image image=&#8221;180&#8243; img_size=&#8221;full&#8221; alignment=&#8221;center&#8221; style=&#8221;vc_box_border_circle_2&#8243; css=&#8221;&#8221;][vc_column_text css=&#8221;&#8221;]<\/p>\n<p style=\"text-align: center;\"><strong>Bruno Sartori<\/strong><\/p>\n<p>[\/vc_column_text][\/vc_column_inner][vc_column_inner width=&#8221;3\/4&#8243;][vc_column_text css=&#8221;.vc_custom_1722002326687{margin-bottom: 30px !important;}&#8221;]Bruno Sartori \u00e9 um jornalista mineiro especializado em deepfakes, uma t\u00e9cnica que utiliza intelig\u00eancia artificial para criar imagens e \u00e1udios fict\u00edcios, por\u00e9m notavelmente realistas. Sartori emergiu como uma refer\u00eancia nacional no fascinante campo dos deepfakes, sendo reconhecido pelo seu comprometimento com a inova\u00e7\u00e3o e sua habilidade em explorar os limites da narrativa audiovisual. Atrav\u00e9s de suas cria\u00e7\u00f5es envolvendo personalidades de destaque em contextos incomuns, ele angariou notoriedade tanto nas redes sociais quanto na m\u00eddia tradicional, conquistando milhares de seguidores e participando de programas de TV, como o &#8220;Conversa com Bial&#8221; e o &#8220;Fant\u00e1stico&#8221;.[\/vc_column_text][\/vc_column_inner][\/vc_row_inner][\/vc_column][\/vc_row][vc_row][vc_column][vc_separator css=&#8221;.vc_custom_1722965881383{margin-top: 30px !important;margin-bottom: 30px !important;}&#8221;][\/vc_column][\/vc_row][vc_row gap=&#8221;35&#8243;][vc_column width=&#8221;1\/2&#8243;][vc_row_inner][vc_column_inner width=&#8221;1\/4&#8243;][vc_single_image image=&#8221;231&#8243; img_size=&#8221;full&#8221; alignment=&#8221;center&#8221; style=&#8221;vc_box_border_circle_2&#8243; css=&#8221;&#8221;][vc_column_text css=&#8221;&#8221;]<\/p>\n<p style=\"text-align: center;\"><strong>Daniela Machado<\/strong><\/p>\n<p>[\/vc_column_text][\/vc_column_inner][vc_column_inner width=&#8221;3\/4&#8243;][vc_column_text css=&#8221;&#8221;]Jornalista especializada em Informa\u00e7\u00f5es Econ\u00f4mico-Financeiras pela Funda\u00e7\u00e3o Instituto de Administra\u00e7\u00e3o (FIA-USP) e p\u00f3s-graduada em Educa\u00e7\u00e3o Digital e Midi\u00e1tica pela Universidade de Rhode Island (EUA).\u00a0\u00c9 coordenadora de educa\u00e7\u00e3o e correspons\u00e1vel pelo conte\u00fado do EducaM\u00eddia, programa de educa\u00e7\u00e3o midi\u00e1tica do Instituto Palavra Aberta, e coautora do Guia da Educa\u00e7\u00e3o Midi\u00e1tica, lan\u00e7ado em 2020. Tem experi\u00eancia de 20 anos como rep\u00f3rter e editora em grandes ve\u00edculos de comunica\u00e7\u00e3o, incluindo a ag\u00eancia de not\u00edcias Reuters e o jornal Valor Econ\u00f4mico.[\/vc_column_text][\/vc_column_inner][\/vc_row_inner][\/vc_column][vc_column width=&#8221;1\/2&#8243;][vc_row_inner][vc_column_inner width=&#8221;1\/4&#8243;][vc_single_image image=&#8221;132&#8243; img_size=&#8221;full&#8221; alignment=&#8221;center&#8221; style=&#8221;vc_box_border_circle_2&#8243; css=&#8221;&#8221;][vc_column_text css=&#8221;&#8221;]<\/p>\n<p style=\"text-align: center;\"><strong>Ed\u00edlson Leite<\/strong><\/p>\n<p>[\/vc_column_text][\/vc_column_inner][vc_column_inner width=&#8221;3\/4&#8243;][vc_column_text css=&#8221;&#8221;]Graduado em Ci\u00eancias da Computa\u00e7\u00e3o e doutor em Ci\u00eancia da Informa\u00e7\u00e3o. Atualmente \u00e9 professor Adjunto da Universidade Federal de Campina Grande. L\u00edder do Grupo de Estudos e Desenvolvimento de Objetos Virtuais de Aprendizagem (GEDOVA).[\/vc_column_text][\/vc_column_inner][\/vc_row_inner][\/vc_column][\/vc_row][vc_row][vc_column][vc_separator css=&#8221;.vc_custom_1722965881383{margin-top: 30px !important;margin-bottom: 30px !important;}&#8221;][\/vc_column][\/vc_row][vc_row gap=&#8221;35&#8243;][vc_column width=&#8221;1\/2&#8243;][vc_row_inner][vc_column_inner width=&#8221;1\/4&#8243;][vc_single_image image=&#8221;133&#8243; img_size=&#8221;full&#8221; alignment=&#8221;center&#8221; style=&#8221;vc_box_border_circle_2&#8243; css=&#8221;&#8221;][vc_column_text css=&#8221;&#8221;]<\/p>\n<p style=\"text-align: center;\"><strong>Gabriela Guerreiro<\/strong><\/p>\n<p>[\/vc_column_text][\/vc_column_inner][vc_column_inner width=&#8221;3\/4&#8243;][vc_column_text css=&#8221;.vc_custom_1722695591578{margin-bottom: 30px !important;}&#8221;]Doutora em Jornalismo pela Universidade de Bras\u00edlia (UnB) em Cotutela com a Universit\u00e8 Libre de Bruxelles (ULB), Ana Gabriela Guerreiro \u00e9 coordenadora de Imprensa no Supremo Tribunal Federal (STF). \u00c9 professora do curso de Jornalismo da Universidade de Bras\u00edlia (UnB). Trabalhou como Editora Executiva no site JOTA &#8211; Not\u00edcias Jur\u00eddicas. Foi rep\u00f3rter do jornal Folha de S\u00e3o Paulo, da Ag\u00eancia Brasil e da R\u00e1dio CBN, atuando na cobertura pol\u00edtica nacional, em Bras\u00edlia. Foi professora de Jornalismo do Instituto de Educa\u00e7\u00e3o Superior de Bras\u00edlia (Centro Universit\u00e1rio Iesb), do curso de Jornalismo do Centro Universit\u00e1rio de Bras\u00edlia (UniCeub) e da disciplina Jornalismo Pol\u00edtico na Universidade de Bras\u00edlia (UnB).[\/vc_column_text][\/vc_column_inner][\/vc_row_inner][\/vc_column][vc_column width=&#8221;1\/2&#8243;][vc_row_inner][vc_column_inner width=&#8221;1\/4&#8243;][vc_single_image image=&#8221;237&#8243; img_size=&#8221;full&#8221; alignment=&#8221;center&#8221; style=&#8221;vc_box_border_circle_2&#8243; css=&#8221;&#8221;][vc_column_text css=&#8221;&#8221;]<\/p>\n<p style=\"text-align: center;\"><strong>Geysianne Nascimento<\/strong><\/p>\n<p>[\/vc_column_text][\/vc_column_inner][vc_column_inner width=&#8221;3\/4&#8243;][vc_column_text css=&#8221;&#8221;]Doutoranda em Ci\u00eancia da Informa\u00e7\u00e3o pela Universidade Federal da Para\u00edba (PPGCI\/UFPB), Mestra em Comunica\u00e7\u00e3o e Culturas Midi\u00e1ticas (PPGC\/UFPB). \u00c9 Rela\u00e7\u00f5es P\u00fablicas e tem aperfei\u00e7oamento em Tecnologias digitais na Educa\u00e7\u00e3o, Ensino H\u00edbrido e Inova\u00e7\u00e3o Pedag\u00f3gica (UFC). \u00c9 membra do Grupo de Estudo e Pesquisa em Sociologia, Comunica\u00e7\u00e3o e Informa\u00e7\u00e3o (GEPSCI\/UFPB) pesquisando estruturas e impactos das redes de desinforma\u00e7\u00e3o e resili\u00eancia informacional na sociedade civil organizada. Colabora enquanto gestora operacional no projeto de extens\u00e3o RESILICOM -Resili\u00eancia Informacional da Comunidade:(re) a\u00e7\u00f5es comunicativas no combate \u00e0 desinforma\u00e7\u00e3o.[\/vc_column_text][\/vc_column_inner][\/vc_row_inner][\/vc_column][\/vc_row][vc_row][vc_column][vc_separator css=&#8221;.vc_custom_1722965881383{margin-top: 30px !important;margin-bottom: 30px !important;}&#8221;][\/vc_column][\/vc_row][vc_row gap=&#8221;35&#8243; css=&#8221;.vc_custom_1721312181969{margin-top: 30px !important;}&#8221;][vc_column width=&#8221;1\/2&#8243;][vc_row_inner][vc_column_inner width=&#8221;1\/4&#8243;][vc_single_image image=&#8221;262&#8243; img_size=&#8221;full&#8221; alignment=&#8221;center&#8221; style=&#8221;vc_box_border_circle_2&#8243; css=&#8221;&#8221;][vc_column_text css=&#8221;&#8221;]<\/p>\n<p style=\"text-align: center;\"><strong>Mabel Dias<\/strong><\/p>\n<p>[\/vc_column_text][\/vc_column_inner][vc_column_inner width=&#8221;3\/4&#8243;][vc_column_text css=&#8221;&#8221;]Jornalista, associada Intervozes, observadora credenciada do Observat\u00f3rio Paraibano de Jornalismo , coordenadora adjunta do F\u00f3rum Interinstitucional pelo Direito \u00e0 Comunica\u00e7\u00e3o (FINDAC), mestra em Comunica\u00e7\u00e3o pela UFPB e doutoranda em Conunica\u00e7\u00e3o pela UFPE. Autora do livro \u201cA desinforma\u00e7\u00e3o e a viola\u00e7\u00e3o aos direitos humanos das mulheres: um estudo de caso do programa Alerta Nacional&#8221; (editora Arriba\u00e7\u00e3).[\/vc_column_text][\/vc_column_inner][\/vc_row_inner][\/vc_column][vc_column width=&#8221;1\/2&#8243;][vc_row_inner][vc_column_inner width=&#8221;1\/4&#8243;][vc_single_image image=&#8221;134&#8243; img_size=&#8221;full&#8221; alignment=&#8221;center&#8221; style=&#8221;vc_box_border_circle_2&#8243; css=&#8221;&#8221;][vc_column_text css=&#8221;&#8221;]<\/p>\n<p style=\"text-align: center;\"><strong>Marina Meira<\/strong><\/p>\n<p>[\/vc_column_text][\/vc_column_inner][vc_column_inner width=&#8221;3\/4&#8243;][vc_column_text css=&#8221;&#8221;]<\/p>\n<div>\n<div>Coordenadora de Pol\u00edticas para Liberdade de Express\u00e3o e Enfrentamento \u00e0 Desinforma\u00e7\u00e3o da Secretaria de Pol\u00edticas Digitais da Secretaria de Comunica\u00e7\u00e3o Social da Presid\u00eancia da Rep\u00fablica. \u00c9 advogada graduada pela Faculdade de Direito da USP e mestranda em Divulga\u00e7\u00e3o Cient\u00edfica e Cultural pela Unicamp. Tem passagem por diversas organiza\u00e7\u00f5es do terceiro setor trabalhando com tem\u00e1ticas de direitos digitais. \u00c9 membro da Comiss\u00e3o de Defesa dos Direitos da Crian\u00e7a e do Adolescente da OAB\/SP, onde coordena tamb\u00e9m o Grupo de Trabalho para Prote\u00e7\u00e3o da Crian\u00e7a e do Adolescente no Ambiente Digital.<\/div>\n<\/div>\n<p>[\/vc_column_text][\/vc_column_inner][\/vc_row_inner][\/vc_column][\/vc_row][vc_row][vc_column][vc_separator css=&#8221;.vc_custom_1722965881383{margin-top: 30px !important;margin-bottom: 30px !important;}&#8221;][\/vc_column][\/vc_row][vc_row gap=&#8221;35&#8243; css=&#8221;.vc_custom_1721312181969{margin-top: 30px !important;}&#8221;][vc_column width=&#8221;1\/2&#8243;][vc_row_inner][vc_column_inner width=&#8221;1\/4&#8243;][vc_single_image image=&#8221;181&#8243; img_size=&#8221;full&#8221; alignment=&#8221;center&#8221; style=&#8221;vc_box_border_circle_2&#8243; css=&#8221;&#8221;][vc_column_text css=&#8221;&#8221;]<\/p>\n<p style=\"text-align: center;\"><strong>Rachel Bertol<\/strong><\/p>\n<p>[\/vc_column_text][\/vc_column_inner][vc_column_inner width=&#8221;3\/4&#8243;][vc_column_text css=&#8221;.vc_custom_1722002422378{margin-bottom: 30px !important;}&#8221;]Professora no Departamento de Comunica\u00e7\u00e3o Social da UFF e no quadro permanente do Programa de P\u00f3s-Gradua\u00e7\u00e3o em M\u00eddia e Cotidiano (PPGMC) da mesma institui\u00e7\u00e3o. Doutora em Comunica\u00e7\u00e3o e Cultura pela UFRJ, com especializa\u00e7\u00e3o na Universidade de Princeton (EUA). P\u00f3s-doutorado na Universidade de S\u00e3o Paulo (USP). Atua na coordena\u00e7\u00e3o executiva da Rede Nacional de Combate \u00e0 Desinforma\u00e7\u00e3o (RNCD), por meio de seu projeto Reconfigura\u00e7\u00f5es Jornal\u00edsticas. Criou e coordena o grupo de pesquisa Tempos: Temporalidade dos Meios Comunicacionais, Linguagem e Cotidiano, do PPGMC-UFF. Integra a diretoria da Associa\u00e7\u00e3o Brasileira de Hist\u00f3ria da M\u00eddia &#8211; Alcar (2023-27) como coordenadora da se\u00e7\u00e3o Sudeste. Trabalhou por 15 anos no jornal O Globo e atuou em ve\u00edculos como Valor Econ\u00f4mico e o franc\u00eas Le Monde.<\/p>\n<p>[\/vc_column_text][\/vc_column_inner][\/vc_row_inner][\/vc_column][vc_column width=&#8221;1\/2&#8243;][vc_row_inner][vc_column_inner width=&#8221;1\/4&#8243;][vc_single_image image=&#8221;269&#8243; img_size=&#8221;full&#8221; alignment=&#8221;center&#8221; style=&#8221;vc_box_border_circle_2&#8243; css=&#8221;&#8221;][vc_column_text css=&#8221;&#8221;]<\/p>\n<p style=\"text-align: center;\"><strong>Rafael Evangelista<\/strong><\/p>\n<p>[\/vc_column_text][\/vc_column_inner][vc_column_inner width=&#8221;3\/4&#8243;][vc_column_text css=&#8221;.vc_custom_1727446509457{margin-bottom: 30px !important;}&#8221;]Doutor em Antropologia Social e professor do Programa de P\u00f3s-Gradua\u00e7\u00e3o em Divulga\u00e7\u00e3o Cient\u00edfica e Cultural do Instituto de Estudos da Linguagem da Unicamp. Sua pesquisa concentra-se nas interse\u00e7\u00f5es entre tecnologia, comunica\u00e7\u00e3o e poder, com destaque para as implica\u00e7\u00f5es sociopol\u00edticas das plataformas digitais e o capitalismo de vigil\u00e2ncia. Entre suas publica\u00e7\u00f5es de destaque est\u00e1 o artigo &#8220;WhatsApp and political instability in Brazil: targeted messages and political radicalisation&#8221;, publicado na revista Internet Policy Review. Nesse trabalho, ele explora como o WhatsApp influenciou a instabilidade pol\u00edtica no Brasil, especialmente durante a elei\u00e7\u00e3o presidencial de 2018. Analisa a estrat\u00e9gia de comunica\u00e7\u00e3o da campanha de Jair Bolsonaro, destacando o uso da plataforma para dissemina\u00e7\u00e3o de mensagens direcionadas que contribu\u00edram para a radicaliza\u00e7\u00e3o pol\u00edtica.[\/vc_column_text][\/vc_column_inner][\/vc_row_inner][\/vc_column][\/vc_row][vc_row][vc_column][vc_separator css=&#8221;.vc_custom_1722965881383{margin-top: 30px !important;margin-bottom: 30px !important;}&#8221;][\/vc_column][\/vc_row][vc_row gap=&#8221;35&#8243; css=&#8221;.vc_custom_1721312181969{margin-top: 30px !important;}&#8221;][vc_column width=&#8221;1\/2&#8243;][vc_row_inner][vc_column_inner width=&#8221;1\/4&#8243;][vc_single_image image=&#8221;254&#8243; img_size=&#8221;full&#8221; alignment=&#8221;center&#8221; style=&#8221;vc_box_border_circle_2&#8243; css=&#8221;&#8221;][vc_column_text css=&#8221;&#8221;]<\/p>\n<p style=\"text-align: center;\"><strong>Ronaldo Ferreira Ara\u00fajo<\/strong><\/p>\n<p>[\/vc_column_text][\/vc_column_inner][vc_column_inner width=&#8221;3\/4&#8243;][vc_column_text css=&#8221;.vc_custom_1721311900645{margin-bottom: 30px !important;}&#8221;]Doutor em Ci\u00eancia da Informa\u00e7\u00e3o pela Universidade Federal de Minas Gerais. Foi professor visitante no Departamento de Jornalismo e Ci\u00eancias da Comunica\u00e7\u00e3o da Universidade do Porto. \u00c9 Professor Adjunto do Curso de Biblioteconomia e vice-coordenador do Programa de P\u00f3s-Gradua\u00e7\u00e3o em Ci\u00eancia da Informa\u00e7\u00e3o da Universidade Federal de Alagoas. L\u00edder do Laborat\u00f3rio de Estudos M\u00e9tricos da Informa\u00e7\u00e3o na Web (Lab-iMetrics) e do Grupos de Pesquisa em Pol\u00edtica e Tecnologia da Informa\u00e7\u00e3o e Comunica\u00e7\u00e3o (GPoliTICs).[\/vc_column_text][\/vc_column_inner][\/vc_row_inner][\/vc_column][vc_column width=&#8221;1\/2&#8243;][\/vc_column][\/vc_row]<\/p>\n<\/div>","protected":false},"excerpt":{"rendered":"<p>[vc_row gap=&#8221;35&#8243;][vc_column width=&#8221;1\/2&#8243;][vc_row_inner][vc_column_inner width=&#8221;1\/4&#8243;][vc_single_image image=&#8221;226&#8243; img_size=&#8221;full&#8221; alignment=&#8221;center&#8221; style=&#8221;vc_box_border_circle_2&#8243; css=&#8221;&#8221;][vc_column_text css=&#8221;&#8221;] Ana Paula Alencar [\/vc_column_text][\/vc_column_inner][vc_column_inner width=&#8221;3\/4&#8243;][vc_column_text css=&#8221;.vc_custom_1723222542379{margin-bottom: 30px !important;}&#8221;]Jornalista. Doutoranda e Mestre em M\u00eddia e Cotidiano pela Universidade Federal Fluminense (UFF-RJ). Especialista em M\u00eddia, Tecnologia da Informa\u00e7\u00e3o e Novas Pr\u00e1ticas Educacionais pela Pontif\u00edcia Universidade Cat\u00f3lica do Rio de Janeiro (PUC-RJ). Multiplicadora de Educa\u00e7\u00e3o Midi\u00e1tica, certificada pelo <a class=\"leiamais\" href=\"https:\/\/eventos.uepb.edu.br\/contradesinfopb\/debatedores\/\">Leia Mais&#8230;<\/a><\/p>\n","protected":false},"author":1,"featured_media":0,"parent":0,"menu_order":0,"comment_status":"closed","ping_status":"closed","template":"","meta":{"footnotes":""},"class_list":["post-54","page","type-page","status-publish","hentry"],"_links":{"self":[{"href":"https:\/\/eventos.uepb.edu.br\/contradesinfopb\/wp-json\/wp\/v2\/pages\/54","targetHints":{"allow":["GET"]}}],"collection":[{"href":"https:\/\/eventos.uepb.edu.br\/contradesinfopb\/wp-json\/wp\/v2\/pages"}],"about":[{"href":"https:\/\/eventos.uepb.edu.br\/contradesinfopb\/wp-json\/wp\/v2\/types\/page"}],"author":[{"embeddable":true,"href":"https:\/\/eventos.uepb.edu.br\/contradesinfopb\/wp-json\/wp\/v2\/users\/1"}],"replies":[{"embeddable":true,"href":"https:\/\/eventos.uepb.edu.br\/contradesinfopb\/wp-json\/wp\/v2\/comments?post=54"}],"version-history":[{"count":20,"href":"https:\/\/eventos.uepb.edu.br\/contradesinfopb\/wp-json\/wp\/v2\/pages\/54\/revisions"}],"predecessor-version":[{"id":306,"href":"https:\/\/eventos.uepb.edu.br\/contradesinfopb\/wp-json\/wp\/v2\/pages\/54\/revisions\/306"}],"wp:attachment":[{"href":"https:\/\/eventos.uepb.edu.br\/contradesinfopb\/wp-json\/wp\/v2\/media?parent=54"}],"curies":[{"name":"wp","href":"https:\/\/api.w.org\/{rel}","templated":true}]}}