{"id":52,"date":"2024-07-17T10:51:48","date_gmt":"2024-07-17T13:51:48","guid":{"rendered":"https:\/\/eventos.uepb.edu.br\/encontrodesinforpb\/?page_id=52"},"modified":"2024-07-17T10:51:48","modified_gmt":"2024-07-17T13:51:48","slug":"oficinas","status":"publish","type":"page","link":"https:\/\/eventos.uepb.edu.br\/contradesinfopb\/oficinas\/","title":{"rendered":"Oficinas"},"content":{"rendered":"<p>O objetivo das oficinas \u00e9 a integra\u00e7\u00e3o de pequenos grupos para a media\u00e7\u00e3o de conte\u00fados de aperfei\u00e7oamento direcionados a segmentos espec\u00edficos (docentes da educa\u00e7\u00e3o b\u00e1sica e estudantes de cursos de licenciatura, estudantes de ensino m\u00e9dio ou estudantes de cursos de comunica\u00e7\u00e3o). Al\u00e9m de oferecer a media\u00e7\u00e3o de conte\u00fados com foco na educa\u00e7\u00e3o midi\u00e1tica e compet\u00eancia cr\u00edtica em informa\u00e7\u00e3o, as atividades permitem a troca de experi\u00eancias entre os participantes.<\/p>\n","protected":false},"excerpt":{"rendered":"<p>O objetivo das oficinas \u00e9 a integra\u00e7\u00e3o de pequenos grupos para a media\u00e7\u00e3o de conte\u00fados de aperfei\u00e7oamento direcionados a segmentos espec\u00edficos (docentes da educa\u00e7\u00e3o b\u00e1sica e estudantes de cursos de licenciatura, estudantes de ensino m\u00e9dio ou estudantes de cursos de comunica\u00e7\u00e3o). Al\u00e9m de oferecer a media\u00e7\u00e3o de conte\u00fados com foco na educa\u00e7\u00e3o midi\u00e1tica e compet\u00eancia <a class=\"leiamais\" href=\"https:\/\/eventos.uepb.edu.br\/contradesinfopb\/oficinas\/\">Leia Mais&#8230;<\/a><\/p>\n","protected":false},"author":1,"featured_media":0,"parent":0,"menu_order":0,"comment_status":"closed","ping_status":"closed","template":"","meta":{"footnotes":""},"class_list":["post-52","page","type-page","status-publish","hentry"],"_links":{"self":[{"href":"https:\/\/eventos.uepb.edu.br\/contradesinfopb\/wp-json\/wp\/v2\/pages\/52","targetHints":{"allow":["GET"]}}],"collection":[{"href":"https:\/\/eventos.uepb.edu.br\/contradesinfopb\/wp-json\/wp\/v2\/pages"}],"about":[{"href":"https:\/\/eventos.uepb.edu.br\/contradesinfopb\/wp-json\/wp\/v2\/types\/page"}],"author":[{"embeddable":true,"href":"https:\/\/eventos.uepb.edu.br\/contradesinfopb\/wp-json\/wp\/v2\/users\/1"}],"replies":[{"embeddable":true,"href":"https:\/\/eventos.uepb.edu.br\/contradesinfopb\/wp-json\/wp\/v2\/comments?post=52"}],"version-history":[{"count":1,"href":"https:\/\/eventos.uepb.edu.br\/contradesinfopb\/wp-json\/wp\/v2\/pages\/52\/revisions"}],"predecessor-version":[{"id":53,"href":"https:\/\/eventos.uepb.edu.br\/contradesinfopb\/wp-json\/wp\/v2\/pages\/52\/revisions\/53"}],"wp:attachment":[{"href":"https:\/\/eventos.uepb.edu.br\/contradesinfopb\/wp-json\/wp\/v2\/media?parent=52"}],"curies":[{"name":"wp","href":"https:\/\/api.w.org\/{rel}","templated":true}]}}