{"id":50,"date":"2024-07-17T10:51:32","date_gmt":"2024-07-17T13:51:32","guid":{"rendered":"https:\/\/eventos.uepb.edu.br\/encontrodesinforpb\/?page_id=50"},"modified":"2024-07-17T10:51:32","modified_gmt":"2024-07-17T13:51:32","slug":"roda-de-conversa","status":"publish","type":"page","link":"https:\/\/eventos.uepb.edu.br\/contradesinfopb\/roda-de-conversa\/","title":{"rendered":"Roda de Conversa"},"content":{"rendered":"<p>A roda de conversa com a coordenadora de imprensa do STF ser\u00e1 direcionada exclusivamente aos estudantes e profissionais da \u00e1rea de comunica\u00e7\u00e3o, para tratar da tem\u00e1tica \u201cA comunica\u00e7\u00e3o em tempos de desinforma\u00e7\u00e3o: a atua\u00e7\u00e3o do STF\u201d.<\/p>\n","protected":false},"excerpt":{"rendered":"<p>A roda de conversa com a coordenadora de imprensa do STF ser\u00e1 direcionada exclusivamente aos estudantes e profissionais da \u00e1rea de comunica\u00e7\u00e3o, para tratar da tem\u00e1tica \u201cA comunica\u00e7\u00e3o em tempos de desinforma\u00e7\u00e3o: a atua\u00e7\u00e3o do STF\u201d.<\/p>\n","protected":false},"author":1,"featured_media":0,"parent":0,"menu_order":0,"comment_status":"closed","ping_status":"closed","template":"","meta":{"footnotes":""},"class_list":["post-50","page","type-page","status-publish","hentry"],"_links":{"self":[{"href":"https:\/\/eventos.uepb.edu.br\/contradesinfopb\/wp-json\/wp\/v2\/pages\/50","targetHints":{"allow":["GET"]}}],"collection":[{"href":"https:\/\/eventos.uepb.edu.br\/contradesinfopb\/wp-json\/wp\/v2\/pages"}],"about":[{"href":"https:\/\/eventos.uepb.edu.br\/contradesinfopb\/wp-json\/wp\/v2\/types\/page"}],"author":[{"embeddable":true,"href":"https:\/\/eventos.uepb.edu.br\/contradesinfopb\/wp-json\/wp\/v2\/users\/1"}],"replies":[{"embeddable":true,"href":"https:\/\/eventos.uepb.edu.br\/contradesinfopb\/wp-json\/wp\/v2\/comments?post=50"}],"version-history":[{"count":1,"href":"https:\/\/eventos.uepb.edu.br\/contradesinfopb\/wp-json\/wp\/v2\/pages\/50\/revisions"}],"predecessor-version":[{"id":51,"href":"https:\/\/eventos.uepb.edu.br\/contradesinfopb\/wp-json\/wp\/v2\/pages\/50\/revisions\/51"}],"wp:attachment":[{"href":"https:\/\/eventos.uepb.edu.br\/contradesinfopb\/wp-json\/wp\/v2\/media?parent=50"}],"curies":[{"name":"wp","href":"https:\/\/api.w.org\/{rel}","templated":true}]}}