{"id":48,"date":"2024-07-17T10:51:03","date_gmt":"2024-07-17T13:51:03","guid":{"rendered":"https:\/\/eventos.uepb.edu.br\/encontrodesinforpb\/?page_id=48"},"modified":"2024-08-09T13:35:10","modified_gmt":"2024-08-09T16:35:10","slug":"mesas-de-debate","status":"publish","type":"page","link":"https:\/\/eventos.uepb.edu.br\/contradesinfopb\/mesas-de-debate\/","title":{"rendered":"Mesas de Debate"},"content":{"rendered":"<p>As mesas de debate s\u00e3o promovidas com o objetivo de reunir pesquisadores e personalidades p\u00fablicas vinculadas a entidades cujo escopo de atua\u00e7\u00e3o esteja relacionado aos eixos do Evento. Essas atividades t\u00eam um car\u00e1ter interdominial e s\u00e3o abertas a todo o p\u00fablico inscrito no Evento.<\/p>\n","protected":false},"excerpt":{"rendered":"<p>As mesas de debate s\u00e3o promovidas com o objetivo de reunir pesquisadores e personalidades p\u00fablicas vinculadas a entidades cujo escopo de atua\u00e7\u00e3o esteja relacionado aos eixos do Evento. Essas atividades t\u00eam um car\u00e1ter interdominial e s\u00e3o abertas a todo o p\u00fablico inscrito no Evento.<\/p>\n","protected":false},"author":1,"featured_media":0,"parent":0,"menu_order":0,"comment_status":"closed","ping_status":"closed","template":"","meta":{"footnotes":""},"class_list":["post-48","page","type-page","status-publish","hentry"],"_links":{"self":[{"href":"https:\/\/eventos.uepb.edu.br\/contradesinfopb\/wp-json\/wp\/v2\/pages\/48","targetHints":{"allow":["GET"]}}],"collection":[{"href":"https:\/\/eventos.uepb.edu.br\/contradesinfopb\/wp-json\/wp\/v2\/pages"}],"about":[{"href":"https:\/\/eventos.uepb.edu.br\/contradesinfopb\/wp-json\/wp\/v2\/types\/page"}],"author":[{"embeddable":true,"href":"https:\/\/eventos.uepb.edu.br\/contradesinfopb\/wp-json\/wp\/v2\/users\/1"}],"replies":[{"embeddable":true,"href":"https:\/\/eventos.uepb.edu.br\/contradesinfopb\/wp-json\/wp\/v2\/comments?post=48"}],"version-history":[{"count":2,"href":"https:\/\/eventos.uepb.edu.br\/contradesinfopb\/wp-json\/wp\/v2\/pages\/48\/revisions"}],"predecessor-version":[{"id":213,"href":"https:\/\/eventos.uepb.edu.br\/contradesinfopb\/wp-json\/wp\/v2\/pages\/48\/revisions\/213"}],"wp:attachment":[{"href":"https:\/\/eventos.uepb.edu.br\/contradesinfopb\/wp-json\/wp\/v2\/media?parent=48"}],"curies":[{"name":"wp","href":"https:\/\/api.w.org\/{rel}","templated":true}]}}