{"id":42,"date":"2024-07-17T10:48:47","date_gmt":"2024-07-17T13:48:47","guid":{"rendered":"https:\/\/eventos.uepb.edu.br\/encontrodesinforpb\/?page_id=42"},"modified":"2024-09-24T11:32:22","modified_gmt":"2024-09-24T14:32:22","slug":"comissao-organizadora","status":"publish","type":"page","link":"https:\/\/eventos.uepb.edu.br\/contradesinfopb\/comissao-organizadora\/","title":{"rendered":"Comiss\u00e3o Organizadora"},"content":{"rendered":"<div class=\"wpb-content-wrapper\"><p>[vc_row][vc_column][vc_text_separator title=&#8221;Coordena\u00e7\u00e3o geral&#8221; i_icon_fontawesome=&#8221;fas fa-angle-double-right&#8221; i_color=&#8221;custom&#8221; title_align=&#8221;separator_align_left&#8221; css=&#8221;.vc_custom_1721223994938{margin-top: 30px !important;}&#8221; add_icon=&#8221;true&#8221; i_custom_color=&#8221;#cd4179&#8243;][vc_column_text css=&#8221;.vc_custom_1721224080142{margin-left: 20px !important;}&#8221;]<strong>Juliana Ferreira Marques<\/strong><\/p>\n<p>Telefone: (83) 98860-1830 \/ Email: julifmarques@servidor.uepb.edu.br<\/p>\n<p>Coordenadora geral do evento com experi\u00eancia em organiza\u00e7\u00e3o de eventos de m\u00e9dio e grande porte a exemplo do Congresso Nacional de Arquivologia e Encuentro de Bibliotec\u00e1rios Muse\u00f3logos y Archivistas. Doutora em Ci\u00eancia da Informa\u00e7\u00e3o (UFPB); Mestre em Gest\u00e3o em Organiza\u00e7\u00f5es Aprendentes (UFPB); Especialista em Assessoria de Imprensa (Universidade Potiguar); Graduada em Comunica\u00e7\u00e3o Social \u2013 R\u00e1dio e TV (Universidade Federal da Para\u00edba); Assessora de Comunica\u00e7\u00e3o do C\u00e2mpus V da UEPB.<\/p>\n<p><strong>Edvaldo Carvalho Alves<\/strong><\/p>\n<p>Telefone: (83) 98694-9640 \/ Email: edvaldocalves@gmail.com<\/p>\n<p>Coordenador adjunto do Evento. Atual coordenador da P\u00f3s-gradua\u00e7\u00e3o em Ci\u00eancia da Informa\u00e7\u00e3o da UFPB e Professor Associado do Departamento de Ci\u00eancia da Informa\u00e7\u00e3o (DCI), possui experi\u00eancia na promo\u00e7\u00e3o de eventos cient\u00edficos, a exemplo do Encontro Nacional de Pesquisa e P\u00f3s-gradua\u00e7\u00e3o em Ci\u00eancia da Informa\u00e7\u00e3o (Enancib), no qual atua como um dos coordenadores de grupos de trabalho, ser\u00e1 o respons\u00e1vel por auxiliar na formata\u00e7\u00e3o da programa\u00e7\u00e3o cient\u00edfica do Evento. Doutor em Ci\u00eancias Sociais pela Universidade Federal de S\u00e3o Carlos. Mestre em Ci\u00eancias Sociais pela Universidade Federal de S\u00e3o Carlos. Graduado em Ci\u00eancias Sociais pela Universidade Federal da Para\u00edba, o pesquisador \u00e9 coordenador do Grupo de Estudo e Pesquisa em Sociologia, Comunica\u00e7\u00e3o e Informa\u00e7\u00e3o (GEPSCI) no qual desenvolve eventos e pesquisas com foco na desinforma\u00e7\u00e3o e nas pr\u00e1ticas infocomunicacionais envolvidas nessa conjuntura social.[\/vc_column_text][vc_text_separator title=&#8221;Comiss\u00e3o cient\u00edfica&#8221; i_icon_fontawesome=&#8221;fas fa-angle-double-right&#8221; i_color=&#8221;custom&#8221; title_align=&#8221;separator_align_left&#8221; css=&#8221;.vc_custom_1721224039854{margin-top: 30px !important;}&#8221; add_icon=&#8221;true&#8221; i_custom_color=&#8221;#cd4179&#8243;][vc_column_text css=&#8221;.vc_custom_1721224097428{margin-left: 20px !important;}&#8221;]<strong>Ana Paula Alencar <\/strong>&#8211; Doutoranda em M\u00eddia e cotidiano (PPGMC), na Universidade Federal Fluminense (UFF); Mestre em M\u00eddia e Cotidiano (PPGMC), na Universidade Federal Fluminense (UFF), integrante dos grupos de pesquisa Centro de Pesquisas e Produ\u00e7\u00e3o em Comunica\u00e7\u00e3o e Emerg\u00eancia (EMERGE, UFF) e Perspectivas Filos\u00f3ficas em Informa\u00e7\u00e3o (Perfil-i, IBICT). Especialista em M\u00eddia, Tecnologia da Informa\u00e7\u00e3o e Novas Pr\u00e1ticas Educacionais com extens\u00e3o em Did\u00e1tica do Ensino Superior, ambos pela Pontif\u00edcia Universidade Cat\u00f3lica do Rio de Janeiro (PUC-RJ, 2007). A colaboradora auxiliar\u00e1 na organiza\u00e7\u00e3o do conte\u00fado das oficinas e no Guia que ser\u00e1 encaminhado \u00e0s unidades educacionais da rede b\u00e1sica.<\/p>\n<p><strong>Fellipe Brasileiro <\/strong>&#8211; Vice-coordenador do Programa de P\u00f3s-gradua\u00e7\u00e3o em Comunica\u00e7\u00e3o da UFPB, p\u00f3s-doutor em Ci\u00eancias e Tecnologias da Comunica\u00e7\u00e3o pela Universidade de Aveiro (UA), o pesquisador ser\u00e1 a ponte com pesquisadores e discentes da Comunica\u00e7\u00e3o para participar do Evento. Doutor e Mestre em Ci\u00eancia da Informa\u00e7\u00e3o pela Universidade Federal da Para\u00edba (UFPB). MBA pela Funda\u00e7\u00e3o Get\u00falio Vargas (FGV). Graduado em Comunica\u00e7\u00e3o Social pela UFPB. Professor Adjunto do Departamento de Comunica\u00e7\u00e3o da UFPB.<\/p>\n<p><strong>Jos\u00e9 Washington de Morais Medeiros <\/strong>&#8211; Doutor em Educa\u00e7\u00e3o. Professor do Mestrado Profissional em Educa\u00e7\u00e3o Profissional e Tecnol\u00f3gica (ProfEPT), do Instituto Federal da Para\u00edba (IFPB), Campus Jo\u00e3o Pessoa. Membro do Grupo de Pesquisa \u201cTecnologias colaborativas no ensino e redes aprendentes na educa\u00e7\u00e3o profissional\u201d, a partir do qual lidera o Grupo de Estudos em G\u00eanero (LogunGen). Desenvolve pesquisas sobre inclus\u00e3o e diversidade em espa\u00e7os formais e n\u00e3o formais de ensino na Educa\u00e7\u00e3o Profissional e Tecnol\u00f3gica (EPT)[\/vc_column_text][vc_text_separator title=&#8221;Comiss\u00e3o de Comunica\u00e7\u00e3o e marketing&#8221; i_icon_fontawesome=&#8221;fas fa-angle-double-right&#8221; i_color=&#8221;custom&#8221; title_align=&#8221;separator_align_left&#8221; css=&#8221;.vc_custom_1721224112937{margin-top: 30px !important;}&#8221; add_icon=&#8221;true&#8221; i_custom_color=&#8221;#cd4179&#8243;][vc_column_text css=&#8221;.vc_custom_1721224128680{margin-left: 20px !important;}&#8221;]<strong>Geysianne Felipe do Nascimento <\/strong>&#8211; Doutoranda em Ci\u00eancia da Informa\u00e7\u00e3o pela Universidade Federal da Para\u00edba (PPGCI\/UFPB), na Linha de pesquisa mem\u00f3ria, media\u00e7\u00e3o e apropria\u00e7\u00e3o da informa\u00e7\u00e3o. Mestra em Comunica\u00e7\u00e3o e Culturas Midi\u00e1ticas pela UFPB (PPGC\/UFPB) na linha m\u00eddia, cotidiano e imagin\u00e1rio. Bacharel em Comunica\u00e7\u00e3o Social (hab. Rela\u00e7\u00f5es P\u00fablicas) pela UFPB. Tem aperfei\u00e7oamento em Tecnologias digitais na Educa\u00e7\u00e3o, Ensino H\u00edbrido e Inova\u00e7\u00e3o Pedag\u00f3gica pela Universidade Federal do Cear\u00e1 (UFC). \u00c9 membra do Grupo de Estudo e Pesquisa em Sociologia, Comunica\u00e7\u00e3o e Informa\u00e7\u00e3o (GEPSCI\/UFPB). Colabora enquanto gestora operacional no projeto de extens\u00e3o RESILICOM.<\/p>\n<p><strong>Cristiane Cavalcante <\/strong>\u2013 Mestranda em Ci\u00eancia da Informa\u00e7\u00e3o no PPGCI-UFPB. Bacharela em Comunica\u00e7\u00e3o Social pelo DECOM-UFPB e graduanda em Biblioteconomia no CCSA-UFPB. Integrante do GEPSCI e do projeto RESILICOM. Rep\u00f3rter dos portais de not\u00edcias WSCOM e Panorama PB. Membra da diretoria da Associa\u00e7\u00e3o de Profissionais Bibliotec\u00e1rios da Para\u00edba (APB-PB) e da Pachamam\u00e1-Coletiva de M\u00e3es.<\/p>\n<p><strong>Karla Cristiane de Oliveira Marcone <\/strong>&#8211; Mestrado em Ci\u00eancia da Informa\u00e7\u00e3o no Programa de P\u00f3s Gradua\u00e7\u00e3o em Ci\u00eancia da Informa\u00e7\u00e3o (PPGCI) da Universidade Federal da Para\u00edba (UFPB) &#8211; 2024Possui gradua\u00e7\u00e3o em Comunica\u00e7\u00e3o Social &#8211; Rela\u00e7\u00f5es P\u00fablicas pela Universidade Federal da Para\u00edba &#8211; 2020. Graduanda em Psicologia pelo Centro Universit\u00e1rio &#8211; UNIESP, Integrante dos grupos de pesquisa Gepsci.[\/vc_column_text][vc_text_separator title=&#8221;Comiss\u00e3o de log\u00edstica e infraestrutura&#8221; i_icon_fontawesome=&#8221;fas fa-angle-double-right&#8221; i_color=&#8221;custom&#8221; title_align=&#8221;separator_align_left&#8221; css=&#8221;.vc_custom_1721224141627{margin-top: 30px !important;}&#8221; add_icon=&#8221;true&#8221; i_custom_color=&#8221;#cd4179&#8243;][vc_column_text css=&#8221;.vc_custom_1724155505595{margin-left: 20px !important;}&#8221;]<strong>Danielle Harlene da Silva Moreno <\/strong>&#8211; Doutoranda em Ci\u00eancia da Informa\u00e7\u00e3o pela Universidade Federal da Para\u00edba (UFPB\/PPGCI). Mestre em Ci\u00eancia da Informa\u00e7\u00e3o pela Universidade Federal da Para\u00edba( UFPB\/PPGCI); Especialista em Gest\u00e3o de Unidades de Informa\u00e7\u00e3o (2006) e Graduada em Biblioteconomia (2004), ambos pela UFPB. \u00c9 membro pesquisador do Grupo de Pesquisa Aprendizagem, Informa\u00e7\u00e3o e Conhecimento (GIACO) da UFPB vinculado ao CNPQ. Atualmente gestora da Biblioteca do Polo de Educa\u00e7\u00e3o \u00e0 dist\u00e2ncia &#8211; PROEAD da Universidade Estadual da Para\u00edba. Atuou como professora tempor\u00e1ria no Departamento de Ci\u00ean<\/p>\n<p><strong>Hilza Cavalcante Costa<\/strong> &#8211; Mestranda em Gest\u00e3o de Documentos e Governan\u00e7a Arquiv\u00edstica. Possui gradua\u00e7\u00e3o em Hist\u00f3ria pela Universidade Estadual da Para\u00edba &#8211; UEPB; gradua\u00e7\u00e3o em Biblioteconomia pela Universidade Federal da Para\u00edba &#8211; UFPB; gradua\u00e7\u00e3o em Arquivologia na Universidade Federal da Para\u00edba &#8211; UFPB e Especializa\u00e7\u00e3o em Arquivo pela Universidade Federal de Pernambuco &#8211; UFPE. Participa\u00e7\u00e3o em eventos nas \u00e1reas do conhecimento citados. Experi\u00eancia profissional como professora de Hist\u00f3ria, Organiza\u00e7\u00e3o de Biblioteca Comunit\u00e1ria e Arquivista em Institui\u00e7\u00e3o de Ensino Superior.<\/p>\n<p><strong>Tayn\u00e1 Ladislau Rangel<\/strong> &#8211; Mestra em Ci\u00eancia da Informa\u00e7\u00e3o pelo Programa de P\u00f3s-Gradua\u00e7\u00e3o em Ci\u00eancia da Informa\u00e7\u00e3o da Universidade Federal da Para\u00edba (PPGCI\/UFPB) na Linha de Pesquisa: Organiza\u00e7\u00e3o, Representa\u00e7\u00e3o e Tecnologias da Informa\u00e7\u00e3o. Trabalhando com Media\u00e7\u00e3o Algor\u00edtmica. \u00c9 membro pesquisadora do Grupo de Estudos e Pesquisas em Media\u00e7\u00e3o e Representa\u00e7\u00e3o da Informa\u00e7\u00e3o e dos Marcadores Sociais da Diferen\u00e7a (GeMinas). \u00c9 membro do Grupo de Estudos PreservIA: IA na Preserva\u00e7\u00e3o Digital, da Rede de Pesquisa Dr\u00edade Cariniana &#8211; IBICT. Graduanda em Ci\u00eancia da Computa\u00e7\u00e3o (UFPB). P\u00f3s Graduada em Gest\u00e3o de Acervos e Unidades de Informa\u00e7\u00e3o (UNIT-PE). Bacharela em Arquivologia pela Universidade Estadual da Para\u00edba (2017). Gerente Operacional de Gest\u00e3o de Documentos F\u00edsicos e Digitais do Arquivo P\u00fablico do Estado da Para\u00edba (APEPB).[\/vc_column_text][vc_text_separator title=&#8221;Comiss\u00e3o de finan\u00e7as&#8221; i_icon_fontawesome=&#8221;fas fa-angle-double-right&#8221; i_color=&#8221;custom&#8221; title_align=&#8221;separator_align_left&#8221; css=&#8221;.vc_custom_1721224168837{margin-top: 30px !important;}&#8221; add_icon=&#8221;true&#8221; i_custom_color=&#8221;#cd4179&#8243;][vc_column_text css=&#8221;.vc_custom_1721303815693{margin-bottom: 30px !important;margin-left: 20px !important;}&#8221;]<strong>Rafael Melo Gomes de Ara\u00fajo <\/strong>&#8211; Mestre em Ci\u00eancia da Informa\u00e7\u00e3o. Bacharel em Arquivologia. Arquivista do C\u00e2mpus V da UEPB. Estudante de Direito pela UFPB. Auxiliar\u00e1 na capta\u00e7\u00e3o de discentes e pesquisadores de Arquivologia, Ci\u00eancia da Informa\u00e7\u00e3o e Direito, para participar do Evento.<\/p>\n<p><strong>Liliane Braga Rolim Holanda de Souza <\/strong>&#8211; Doutora em Ci\u00eancia da Informa\u00e7\u00e3o; Mestre em Ci\u00eancia da Informa\u00e7\u00e3o; Graduada em Biblioteconomia. Bibliotec\u00e1ria do c\u00e2mpus V da UEPB &#8211; Jo\u00e3o Pessoa. Acompanhar\u00e1 a execu\u00e7\u00e3o das atividades do ponto de vista log\u00edstico, com a articula\u00e7\u00e3o de demandas de gest\u00e3o e contatos com parceiros.[\/vc_column_text][vc_text_separator title=&#8221;Credenciamento&#8221; i_icon_fontawesome=&#8221;fas fa-angle-double-right&#8221; i_color=&#8221;custom&#8221; title_align=&#8221;separator_align_left&#8221; css=&#8221;.vc_custom_1727187296313{margin-top: 30px !important;}&#8221; add_icon=&#8221;true&#8221; i_custom_color=&#8221;#cd4179&#8243;][vc_column_text css=&#8221;.vc_custom_1727188446735{margin-bottom: 30px !important;margin-left: 20px !important;}&#8221;]<strong>Douglas Nascimento de Santana<\/strong><\/p>\n<p>Graduado em Arquivologia pela UEPB (2024); Bolsista no projeto &#8220;Comunica UEPB&#8221; (2020-2021); Apresentou trabalhos em eventos acad\u00eamicos, tais como XII EBAM, II e III Congresso Universit\u00e1rio da UEPB; Estagi\u00e1rio no Arquivo Judicial do Tribunal de Justi\u00e7a da Para\u00edba (2022 &#8211; 2024); Continua atuando como colaborador no projeto &#8220;Comunica UEPB&#8221; (2022 &#8211; Atual).<\/p>\n<p><strong>Gabrielle Torres de Lima<\/strong><\/p>\n<p>Graduada em Arquivologia pela Universidade Estadual da Para\u00edba (2024). Bolsista Projeto Comunica UEPB (2024.1); Colaboradora do Projeto Comunica UEPB (2020-2023); Monitora do Componente Curricular &#8220;Gest\u00e3o de Documentos&#8221; (2023.2); Est\u00e1gio Tribunal de Justi\u00e7a da Para\u00edba (2022-2024); Volunt\u00e1ria do Projeto &#8220;Nas Trilhas da Difus\u00e3o Cient\u00edfica: a visibilidade dos Projetos do Campus V da Universidade Estadual da Para\u00edba&#8221; (2022-2023); Bolsista do Projeto &#8220;Nas Trilhas da Difus\u00e3o Cient\u00edfica: a visibilidade dos Projetos do Campus V da Universidade Estadual da Para\u00edba&#8221; (2019-2022).<\/p>\n<p><strong>Monitores<\/strong><\/p>\n<ul>\n<li>Alanna Magalh\u00e3es Vieira<\/li>\n<li>Ana Lu\u00edza Marques de Lima<\/li>\n<li>Anna Luiza Alves dos Santos<\/li>\n<li>Isabella Freitas Camargo<\/li>\n<li>Jose Alex Miranda Pereira<\/li>\n<li>Ma\u00edra Lucena<\/li>\n<li>Maria Luisa Floriano<\/li>\n<li>Rayssa Cristina Fernandes de Sousa<\/li>\n<li>Rebeca P\u00e2mella Castro Melo Natividade de Carvalho<\/li>\n<\/ul>\n<p>[\/vc_column_text][\/vc_column][\/vc_row]<\/p>\n<\/div>","protected":false},"excerpt":{"rendered":"<p>[vc_row][vc_column][vc_text_separator title=&#8221;Coordena\u00e7\u00e3o geral&#8221; i_icon_fontawesome=&#8221;fas fa-angle-double-right&#8221; i_color=&#8221;custom&#8221; title_align=&#8221;separator_align_left&#8221; css=&#8221;.vc_custom_1721223994938{margin-top: 30px !important;}&#8221; add_icon=&#8221;true&#8221; i_custom_color=&#8221;#cd4179&#8243;][vc_column_text css=&#8221;.vc_custom_1721224080142{margin-left: 20px !important;}&#8221;]Juliana Ferreira Marques Telefone: (83) 98860-1830 \/ Email: julifmarques@servidor.uepb.edu.br Coordenadora geral do evento com experi\u00eancia em organiza\u00e7\u00e3o de eventos de m\u00e9dio e grande porte a exemplo do Congresso Nacional de Arquivologia e Encuentro de Bibliotec\u00e1rios Muse\u00f3logos y Archivistas. Doutora em Ci\u00eancia <a class=\"leiamais\" href=\"https:\/\/eventos.uepb.edu.br\/contradesinfopb\/comissao-organizadora\/\">Leia Mais&#8230;<\/a><\/p>\n","protected":false},"author":1,"featured_media":0,"parent":0,"menu_order":0,"comment_status":"closed","ping_status":"closed","template":"","meta":{"footnotes":""},"class_list":["post-42","page","type-page","status-publish","hentry"],"_links":{"self":[{"href":"https:\/\/eventos.uepb.edu.br\/contradesinfopb\/wp-json\/wp\/v2\/pages\/42","targetHints":{"allow":["GET"]}}],"collection":[{"href":"https:\/\/eventos.uepb.edu.br\/contradesinfopb\/wp-json\/wp\/v2\/pages"}],"about":[{"href":"https:\/\/eventos.uepb.edu.br\/contradesinfopb\/wp-json\/wp\/v2\/types\/page"}],"author":[{"embeddable":true,"href":"https:\/\/eventos.uepb.edu.br\/contradesinfopb\/wp-json\/wp\/v2\/users\/1"}],"replies":[{"embeddable":true,"href":"https:\/\/eventos.uepb.edu.br\/contradesinfopb\/wp-json\/wp\/v2\/comments?post=42"}],"version-history":[{"count":7,"href":"https:\/\/eventos.uepb.edu.br\/contradesinfopb\/wp-json\/wp\/v2\/pages\/42\/revisions"}],"predecessor-version":[{"id":291,"href":"https:\/\/eventos.uepb.edu.br\/contradesinfopb\/wp-json\/wp\/v2\/pages\/42\/revisions\/291"}],"wp:attachment":[{"href":"https:\/\/eventos.uepb.edu.br\/contradesinfopb\/wp-json\/wp\/v2\/media?parent=42"}],"curies":[{"name":"wp","href":"https:\/\/api.w.org\/{rel}","templated":true}]}}