{"id":26,"date":"2024-07-17T10:27:40","date_gmt":"2024-07-17T13:27:40","guid":{"rendered":"https:\/\/eventos.uepb.edu.br\/encontrodesinforpb\/?page_id=26"},"modified":"2024-08-20T14:49:09","modified_gmt":"2024-08-20T17:49:09","slug":"sobre-o-evento","status":"publish","type":"page","link":"https:\/\/eventos.uepb.edu.br\/contradesinfopb\/sobre-o-evento\/","title":{"rendered":"Sobre o Evento"},"content":{"rendered":"<div class=\"wpb-content-wrapper\"><p>[vc_row gap=&#8221;35&#8243;][vc_column][vc_text_separator title=&#8221;Local e Data&#8221; i_icon_fontawesome=&#8221;fas fa-map-marker-alt&#8221; i_color=&#8221;custom&#8221; i_size=&#8221;sm&#8221; title_align=&#8221;separator_align_left&#8221; css=&#8221;.vc_custom_1721311759459{margin-top: 30px !important;}&#8221; add_icon=&#8221;true&#8221; i_custom_color=&#8221;#cd4179&#8243;][vc_column_text css=&#8221;.vc_custom_1722001591032{margin-left: 20px !important;}&#8221;]O Evento ser\u00e1 realizado em Jo\u00e3o Pessoa. Com primeiro dia de atividades programado para ocorrer no Centro de Forma\u00e7\u00e3o de Educadores Professora Elisa Bezerra Mineiros &#8211; Rua Benevenuto Gon\u00e7alves da Costa, S\/N, Mangabeira, Jo\u00e3o Pessoa-PB e oficinas a serem promovidas no segundo dia do Encontro programadas para serem realizadas no C\u00e2mpus V da UEPB, localizado \u00e0 Rua Hor\u00e1cio Trajano de Oliveira, S\/N, Cristo, Jo\u00e3o Pessoa\/PB.<\/p>\n<p>O Encontro Paraibano de Combate \u00e0 Desinforma\u00e7\u00e3o acontecer\u00e1 nos dias 28 e 29 de outubro de 2024, em concomit\u00e2ncia com a Global Media and Information Literacy Week 2024, a ser promovida em outubro pela Unesco.[\/vc_column_text][\/vc_column][\/vc_row][vc_row gap=&#8221;35&#8243;][vc_column width=&#8221;1\/2&#8243;][vc_text_separator title=&#8221;28 de outubro de 2024&#8243; css=&#8221;&#8221;][vc_gmaps link=&#8221;#E-8_JTNDaWZyYW1lJTIwc3JjJTNEJTIyaHR0cHMlM0ElMkYlMkZ3d3cuZ29vZ2xlLmNvbSUyRm1hcHMlMkZlbWJlZCUzRnBiJTNEJTIxMW0xOCUyMTFtMTIlMjExbTMlMjExZDM5NTguNTQ5MzQyNDAwNTclMjEyZC0zNC44Mzk1MDA2MjU5OTk1NSUyMTNkLTcuMTc3OTc1MjkyODI2OTU5JTIxMm0zJTIxMWYwJTIxMmYwJTIxM2YwJTIxM20yJTIxMWkxMDI0JTIxMmk3NjglMjE0ZjEzLjElMjEzbTMlMjExbTIlMjExczB4N2FjYzI0MTYzMzAzZjI3JTI1M0EweDJmYWYxMzgwMGI3M2U5MCUyMTJzUi4lMjUyMENlbC4lMjUyMEJlbmV2ZW51dG8lMjUyMEdvbiUyNUMzJTI1QTdhbHZlcyUyNTIwZGElMjUyMENvc3RhJTI1MjAtJTI1MjBNYW5nYWJlaXJhJTI1MkMlMjUyMEpvJTI1QzMlMjVBM28lMjUyMFBlc3NvYSUyNTIwLSUyNTIwUEIlMjE1ZTAlMjEzbTIlMjExc3B0LUJSJTIxMnNiciUyMTR2MTcyMjAwMTU4MTkzNyUyMTVtMiUyMTFzcHQtQlIlMjEyc2JyJTIyJTIwd2lkdGglM0QlMjI2MDAlMjIlMjBoZWlnaHQlM0QlMjI0NTAlMjIlMjBzdHlsZSUzRCUyMmJvcmRlciUzQTAlM0IlMjIlMjBhbGxvd2Z1bGxzY3JlZW4lM0QlMjIlMjIlMjBsb2FkaW5nJTNEJTIybGF6eSUyMiUyMHJlZmVycmVycG9saWN5JTNEJTIybm8tcmVmZXJyZXItd2hlbi1kb3duZ3JhZGUlMjIlM0UlM0MlMkZpZnJhbWUlM0U=&#8221; size=&#8221;200&#8243; css=&#8221;.vc_custom_1722001603915{margin-top: 20px !important;}&#8221;][\/vc_column][vc_column width=&#8221;1\/2&#8243;][vc_text_separator title=&#8221;29 de outubro de 2024&#8243; css=&#8221;&#8221;][vc_gmaps link=&#8221;#E-8_JTNDaWZyYW1lJTIwc3JjJTNEJTIyaHR0cHMlM0ElMkYlMkZ3d3cuZ29vZ2xlLmNvbSUyRm1hcHMlMkZlbWJlZCUzRnBiJTNEJTIxMW0xOCUyMTFtMTIlMjExbTMlMjExZDM5NTguNzE4NTY2NzU0Mjk1JTIxMmQtMzQuODc3ODQ5MTE1MTg1ODYlMjEzZC03LjE1ODUwMDM1MTc3MDY3JTIxMm0zJTIxMWYwJTIxMmYwJTIxM2YwJTIxM20yJTIxMWkxMDI0JTIxMmk3NjglMjE0ZjEzLjElMjEzbTMlMjExbTIlMjExczB4N2FjZTgyZDU5MWRlY2RmJTI1M0EweDM5MjViOTY4N2M5NmE3NzQlMjEyc1VFUEIlMjUyMC0lMjUyMENlbnRybyUyNTIwZGUlMjUyMENpJTI1QzMlMjVBQW5jaWFzJTI1MjBCaW9sJTI1QzMlMjVCM2dpY2FzJTI1MjBlJTI1MjBTb2NpYWlzJTI1MjBBcGxpY2FkYXMlMjE1ZTAlMjEzbTIlMjExc3B0LUJSJTIxMnNiciUyMTR2MTcyMTMwMzI2MTEzOSUyMTVtMiUyMTFzcHQtQlIlMjEyc2JyJTIyJTIwd2lkdGglM0QlMjI2MDAlMjIlMjBoZWlnaHQlM0QlMjI0NTAlMjIlMjBzdHlsZSUzRCUyMmJvcmRlciUzQTAlM0IlMjIlMjBhbGxvd2Z1bGxzY3JlZW4lM0QlMjIlMjIlMjBsb2FkaW5nJTNEJTIybGF6eSUyMiUyMHJlZmVycmVycG9saWN5JTNEJTIybm8tcmVmZXJyZXItd2hlbi1kb3duZ3JhZGUlMjIlM0UlM0MlMkZpZnJhbWUlM0U=&#8221; size=&#8221;200&#8243; css=&#8221;.vc_custom_1721303363916{margin-top: 20px !important;}&#8221;][\/vc_column][\/vc_row][vc_row][vc_column][vc_text_separator title=&#8221;P\u00daBLICO ESTIMADO&#8221; i_icon_fontawesome=&#8221;fas fa-users&#8221; i_color=&#8221;custom&#8221; i_size=&#8221;sm&#8221; title_align=&#8221;separator_align_left&#8221; css=&#8221;.vc_custom_1721232860187{margin-top: 30px !important;}&#8221; add_icon=&#8221;true&#8221; i_custom_color=&#8221;#cd4179&#8243;][vc_column_text css=&#8221;.vc_custom_1723215142429{margin-left: 20px !important;}&#8221;]A expectativa \u00e9 que o evento re\u00fana um p\u00fablico de cerca de 500 pessoas presentes, durante os dois dias do evento.[\/vc_column_text][vc_text_separator title=&#8221;P\u00daBLICO ALVO&#8221; i_icon_fontawesome=&#8221;fas fa-user&#8221; i_color=&#8221;custom&#8221; i_size=&#8221;sm&#8221; title_align=&#8221;separator_align_left&#8221; css=&#8221;.vc_custom_1721232870649{margin-top: 30px !important;}&#8221; add_icon=&#8221;true&#8221; i_custom_color=&#8221;#cd4179&#8243;][vc_column_text css=&#8221;.vc_custom_1724176237446{margin-left: 20px !important;}&#8221;]O evento tem como p\u00fablico-alvo profissionais, estudantes da educa\u00e7\u00e3o b\u00e1sica e ensino superior das \u00e1reas de comunica\u00e7\u00e3o, direito, ci\u00eancia da informa\u00e7\u00e3o, educa\u00e7\u00e3o, tecnologia da informa\u00e7\u00e3o, comunicadores, autoridades pol\u00edticas e membros da sociedade civil da Para\u00edba e de Estados circunvizinhos como Pernambuco e Rio Grande do Norte, que possam atuar como agentes multiplicadores para a consolida\u00e7\u00e3o de um cen\u00e1rio informacional \u00e9tico, democr\u00e1tico e justo.<\/p>\n<p>Por contemplar uma tem\u00e1tica interdominial e de relev\u00e2ncia social e reunir uma programa\u00e7\u00e3o gratuita apresentada por especialistas com reconhecimento nacional e internacional na \u00e1rea de intelig\u00eancia artificial, desinforma\u00e7\u00e3o cient\u00edfica, educa\u00e7\u00e3o midi\u00e1tica, pol\u00edticas p\u00fablicas de combate \u00e0 desinforma\u00e7\u00e3o, o Evento deve reunir estudantes e pesquisadores para al\u00e9m das forma\u00e7\u00f5es previstas como p\u00fablico-alvo.[\/vc_column_text][vc_text_separator title=&#8221;QUEM PROMOVE&#8221; i_icon_fontawesome=&#8221;fas fa-microphone&#8221; i_color=&#8221;custom&#8221; i_size=&#8221;sm&#8221; title_align=&#8221;separator_align_left&#8221; css=&#8221;.vc_custom_1721303706841{margin-top: 30px !important;}&#8221; add_icon=&#8221;true&#8221; i_custom_color=&#8221;#cd4179&#8243;][vc_column_text css=&#8221;.vc_custom_1723215188744{margin-bottom: 30px !important;margin-left: 20px !important;}&#8221;]O Encontro Paraibano de Combate \u00e0 Desinforma\u00e7\u00e3o \u00e9 uma iniciativa da Universidade Estadual da Para\u00edba, no \u00e2mbito do Projeto de extens\u00e3o \u201cComunica UEPB: o despertar da consci\u00eancia cr\u00edtica e o combate \u00e0 desinforma\u00e7\u00e3o na educa\u00e7\u00e3o paraibana\u201d,\u00a0 em parceria com a Universidade Federal da Para\u00edba, a partir da articula\u00e7\u00e3o com o Projeto Resili\u00eancia Informacional da Comunidade:(re) a\u00e7\u00f5es comunicativas no combate \u00e0 desinforma\u00e7\u00e3o (RESILICOM) e com o Grupo de Estudo e Pesquisa em Sociologia, Comunica\u00e7\u00e3o e Informa\u00e7\u00e3o (GEPSCI). Essa iniciativa conta com o apoio do Governo do Estado da Para\u00edba e Prefeitura Municipal de Jo\u00e3o Pessoa e integra as a\u00e7\u00f5es desenvolvidas no \u00e2mbito do Programa de Combate \u00e0 Desinforma\u00e7\u00e3o do STF, do qual a UEPB participa.[\/vc_column_text][\/vc_column][\/vc_row]<\/p>\n<\/div>","protected":false},"excerpt":{"rendered":"<p>[vc_row gap=&#8221;35&#8243;][vc_column][vc_text_separator title=&#8221;Local e Data&#8221; i_icon_fontawesome=&#8221;fas fa-map-marker-alt&#8221; i_color=&#8221;custom&#8221; i_size=&#8221;sm&#8221; title_align=&#8221;separator_align_left&#8221; css=&#8221;.vc_custom_1721311759459{margin-top: 30px !important;}&#8221; add_icon=&#8221;true&#8221; i_custom_color=&#8221;#cd4179&#8243;][vc_column_text css=&#8221;.vc_custom_1722001591032{margin-left: 20px !important;}&#8221;]O Evento ser\u00e1 realizado em Jo\u00e3o Pessoa. Com primeiro dia de atividades programado para ocorrer no Centro de Forma\u00e7\u00e3o de Educadores Professora Elisa Bezerra Mineiros &#8211; Rua Benevenuto Gon\u00e7alves da Costa, S\/N, Mangabeira, Jo\u00e3o Pessoa-PB e oficinas a <a class=\"leiamais\" href=\"https:\/\/eventos.uepb.edu.br\/contradesinfopb\/sobre-o-evento\/\">Leia Mais&#8230;<\/a><\/p>\n","protected":false},"author":1,"featured_media":0,"parent":0,"menu_order":0,"comment_status":"closed","ping_status":"closed","template":"","meta":{"footnotes":""},"class_list":["post-26","page","type-page","status-publish","hentry"],"_links":{"self":[{"href":"https:\/\/eventos.uepb.edu.br\/contradesinfopb\/wp-json\/wp\/v2\/pages\/26","targetHints":{"allow":["GET"]}}],"collection":[{"href":"https:\/\/eventos.uepb.edu.br\/contradesinfopb\/wp-json\/wp\/v2\/pages"}],"about":[{"href":"https:\/\/eventos.uepb.edu.br\/contradesinfopb\/wp-json\/wp\/v2\/types\/page"}],"author":[{"embeddable":true,"href":"https:\/\/eventos.uepb.edu.br\/contradesinfopb\/wp-json\/wp\/v2\/users\/1"}],"replies":[{"embeddable":true,"href":"https:\/\/eventos.uepb.edu.br\/contradesinfopb\/wp-json\/wp\/v2\/comments?post=26"}],"version-history":[{"count":19,"href":"https:\/\/eventos.uepb.edu.br\/contradesinfopb\/wp-json\/wp\/v2\/pages\/26\/revisions"}],"predecessor-version":[{"id":253,"href":"https:\/\/eventos.uepb.edu.br\/contradesinfopb\/wp-json\/wp\/v2\/pages\/26\/revisions\/253"}],"wp:attachment":[{"href":"https:\/\/eventos.uepb.edu.br\/contradesinfopb\/wp-json\/wp\/v2\/media?parent=26"}],"curies":[{"name":"wp","href":"https:\/\/api.w.org\/{rel}","templated":true}]}}