{"id":218,"date":"2024-08-09T13:50:03","date_gmt":"2024-08-09T16:50:03","guid":{"rendered":"https:\/\/eventos.uepb.edu.br\/contradesinfopb\/?page_id=218"},"modified":"2024-10-23T10:26:05","modified_gmt":"2024-10-23T13:26:05","slug":"home","status":"publish","type":"page","link":"https:\/\/eventos.uepb.edu.br\/contradesinfopb\/","title":{"rendered":"Home"},"content":{"rendered":"<div class=\"wpb-content-wrapper\"><p>[vc_row full_width=&#8221;stretch_row_content_no_spaces&#8221;][vc_column][vc_single_image image=&#8221;173&#8243; img_size=&#8221;full&#8221; css=&#8221;&#8221;][\/vc_column][\/vc_row][vc_row gap=&#8221;30&#8243;][vc_column width=&#8221;2\/3&#8243;][vc_text_separator title=&#8221;Apresenta\u00e7\u00e3o&#8221; i_icon_fontawesome=&#8221;fas fa-angle-double-right&#8221; i_color=&#8221;custom&#8221; title_align=&#8221;separator_align_left&#8221; css=&#8221;.vc_custom_1721222537093{margin-top: 30px !important;}&#8221; add_icon=&#8221;true&#8221; i_custom_color=&#8221;#cd4179&#8243;][vc_column_text css=&#8221;.vc_custom_1723214485437{margin-left: 20px !important;}&#8221;]Permeada por um contexto informacional que \u00e9 mediado por Tecnologias Digitais da Informa\u00e7\u00e3o e Comunica\u00e7\u00e3o (TDIC), a sociedade contempor\u00e2nea enfrenta desafios que amea\u00e7am ideais de civilidade e democracia diante da propaga\u00e7\u00e3o de desinforma\u00e7\u00e3o em larga escala, arregimentada por um cen\u00e1rio capitalista que subjaz valores \u00e9ticos, morais e demandas importantes para a cidadania, como os direitos, as liberdades, o respeito, a inclus\u00e3o, a acessibilidade.<\/p>\n<p>Diante de uma sociedade hiperconectada, que flerta com movimentos de relativiza\u00e7\u00e3o da ci\u00eancia e da hist\u00f3ria, consolida-se um padr\u00e3o de mercado que utiliza a desinforma\u00e7\u00e3o para sustentar um modelo de neg\u00f3cios baseado em dados e plataformas sociodigitais que fomentam o compartilhamento e a curadoria privilegiando o retorno financeiro, pois, a prioridade n\u00e3o \u00e9 a propaga\u00e7\u00e3o de conte\u00fado de qualidade, e sim aquele que permite o maior n\u00famero de intera\u00e7\u00f5es, coment\u00e1rios, compartilhamentos, engajamento.<\/p>\n<p>A partir desse cen\u00e1rio, por entender que o enfrentamento \u00e0 desinforma\u00e7\u00e3o requer di\u00e1logos e o fortalecimento de pol\u00edticas e a\u00e7\u00f5es de educa\u00e7\u00e3o, a Universidade Estadual da Para\u00edba idealizou o \u201cEncontro Paraibano de Combate \u00e0 Desinforma\u00e7\u00e3o\u201d, evento que pretende congregar institui\u00e7\u00f5es p\u00fablicas de ensino superior da Para\u00edba e estados circunvizinhos, autoridades p\u00fablicas, entidades do terceiro setor, pesquisadores, estudantes, profissionais e sociedade civil para debates em torno da tem\u00e1tica \u201cTecnologias Emergentes e Desafios da Desinforma\u00e7\u00e3o: di\u00e1logos para a concep\u00e7\u00e3o de pol\u00edticas e a\u00e7\u00f5es\u201d.<\/p>\n<p>Na ocasi\u00e3o tamb\u00e9m deve ser lan\u00e7ado um produto que ficar\u00e1 \u00e0 disponibilidade da sociedade: o \u201cGuia de resist\u00eancia \u00e0 desinforma\u00e7\u00e3o\u201d em formato de ebook, que contar\u00e1 com uma vers\u00e3o impressa para ser encaminhado ap\u00f3s o evento para unidades escolares da rede p\u00fablica de educa\u00e7\u00e3o b\u00e1sica do pa\u00eds. Esse material \u00e9 fruto do projeto de pesquisa \u201cComunica UEPB: o despertar da consci\u00eancia cr\u00edtica e o combate \u00e0 desinforma\u00e7\u00e3o na educa\u00e7\u00e3o paraibana\u201d, que foi realizado em 2023 em escolas estaduais de ensino m\u00e9dio de seis munic\u00edpios paraibanos (Jo\u00e3o Pessoa, Campina Grande, Guarabira, Monteiro, Araruna e Patos) e re\u00fane orienta\u00e7\u00f5es para a aplica\u00e7\u00e3o de atividades de educa\u00e7\u00e3o midi\u00e1tica em sala de aula, inclusive com propostas de planos de aula que contemplem o conte\u00fado curricular da educa\u00e7\u00e3o b\u00e1sica.[\/vc_column_text][\/vc_column][vc_column width=&#8221;1\/3&#8243;][vc_text_separator title=&#8221;Not\u00edcias&#8221; i_icon_fontawesome=&#8221;fas fa-angle-double-right&#8221; i_color=&#8221;custom&#8221; title_align=&#8221;separator_align_left&#8221; css=&#8221;.vc_custom_1721225006015{margin-top: 30px !important;}&#8221; add_icon=&#8221;true&#8221; i_custom_color=&#8221;#cd4179&#8243;]<div class=\"mdl-grid\"><div class=\"mdl-cell--12-col bloco-noticias\"><div class=\"titulo-noticia-widget\"><a href=\"https:\/\/eventos.uepb.edu.br\/contradesinfopb\/2024\/07\/17\/uepb-e-governo-do-estado-firmam-parceria-para-a-realizacao-do-encontro-paraibano-de-combate-a-desinformacao\/\"><h3 class=\"titulo-destaque-noticia\">UEPB e Governo do Estado firmam parceria para a realiza\u00e7\u00e3o do Encontro Paraibano de Combate \u00e0 Desinforma\u00e7\u00e3o<\/h3><\/a><\/div><\/div><\/div>[vc_text_separator title=&#8221;Produtos&#8221; i_icon_fontawesome=&#8221;fas fa-angle-double-right&#8221; i_color=&#8221;custom&#8221; title_align=&#8221;separator_align_left&#8221; css=&#8221;.vc_custom_1721225533827{margin-top: 30px !important;}&#8221; add_icon=&#8221;true&#8221; i_custom_color=&#8221;#cd4179&#8243;][vc_btn title=&#8221;Guia de resist\u00eancia \u00e0 desinforma\u00e7\u00e3o&#8221; shape=&#8221;square&#8221; color=&#8221;peacoc&#8221; size=&#8221;lg&#8221; align=&#8221;left&#8221; css=&#8221;.vc_custom_1727187608676{margin-bottom: 5px !important;}&#8221; button_block=&#8221;true&#8221; link=&#8221;url:https%3A%2F%2Feduepb.uepb.edu.br%2Fdownload%2Fguia-de-resistencia-a-desinformacao%2F%3Fwpdmdl%3D2706%26masterkey%3D3D5pTwbgfjM-TvcmbEM30R0vODO2f7MzDmhy7eXRfXBHArUgIj8DXz7NyNKSeeRduuzZQaMNoYjrWB1RoTM-3KMxDJeh-ZKp7vkgGmDbU1c|target:_blank&#8221;][vc_text_separator title=&#8221;Redes Sociais&#8221; i_icon_fontawesome=&#8221;fas fa-angle-double-right&#8221; i_color=&#8221;custom&#8221; title_align=&#8221;separator_align_left&#8221; css=&#8221;.vc_custom_1723214546977{margin-top: 30px !important;}&#8221; add_icon=&#8221;true&#8221; i_custom_color=&#8221;#cd4179&#8243;][vc_btn title=&#8221;Instagram @contradesinfopb&#8221; shape=&#8221;square&#8221; color=&#8221;purple&#8221; size=&#8221;lg&#8221; align=&#8221;left&#8221; css=&#8221;.vc_custom_1723214651725{margin-bottom: 5px !important;}&#8221; button_block=&#8221;true&#8221; link=&#8221;url:https%3A%2F%2Fwww.instagram.com%2Fcontradesinfopb%2F|target:_blank&#8221;][\/vc_column][\/vc_row][vc_row][vc_column][vc_text_separator title=&#8221;Realiza\u00e7\u00e3o&#8221; css=&#8221;.vc_custom_1721320776602{margin-top: 30px !important;margin-bottom: 30px !important;}&#8221;][vc_row_inner gap=&#8221;30&#8243;][vc_column_inner width=&#8221;1\/3&#8243;][vc_single_image image=&#8221;74&#8243; img_size=&#8221;full&#8221; css=&#8221;&#8221;][\/vc_column_inner][vc_column_inner width=&#8221;1\/3&#8243;][vc_single_image image=&#8221;81&#8243; img_size=&#8221;full&#8221; css=&#8221;&#8221;][\/vc_column_inner][vc_column_inner width=&#8221;1\/3&#8243;][vc_single_image image=&#8221;175&#8243; img_size=&#8221;full&#8221; css=&#8221;&#8221;][\/vc_column_inner][\/vc_row_inner][vc_row_inner gap=&#8221;30&#8243; css=&#8221;.vc_custom_1721320724623{margin-top: 30px !important;}&#8221;][vc_column_inner width=&#8221;1\/3&#8243;][vc_single_image image=&#8221;167&#8243; img_size=&#8221;full&#8221; css=&#8221;&#8221;][\/vc_column_inner][vc_column_inner width=&#8221;1\/3&#8243;][vc_single_image image=&#8221;83&#8243; img_size=&#8221;full&#8221; css=&#8221;&#8221;][\/vc_column_inner][vc_column_inner width=&#8221;1\/3&#8243;][vc_single_image image=&#8221;82&#8243; img_size=&#8221;full&#8221; css=&#8221;&#8221;][\/vc_column_inner][\/vc_row_inner][\/vc_column][\/vc_row][vc_row][vc_column][vc_text_separator title=&#8221;Apoio&#8221; css=&#8221;.vc_custom_1721320841901{margin-top: 30px !important;margin-bottom: 30px !important;}&#8221;][vc_row_inner content_placement=&#8221;middle&#8221; gap=&#8221;30&#8243;][vc_column_inner width=&#8221;1\/5&#8243;][vc_single_image image=&#8221;322&#8243; img_size=&#8221;full&#8221; css=&#8221;&#8221;][\/vc_column_inner][vc_column_inner width=&#8221;1\/5&#8243;][vc_single_image image=&#8221;84&#8243; img_size=&#8221;medium&#8221; alignment=&#8221;center&#8221; css=&#8221;.vc_custom_1724165075800{margin-bottom: 30px !important;}&#8221;][\/vc_column_inner][vc_column_inner width=&#8221;1\/5&#8243;][vc_single_image image=&#8221;149&#8243; img_size=&#8221;medium&#8221; alignment=&#8221;center&#8221; css=&#8221;.vc_custom_1724165082106{margin-bottom: 30px !important;}&#8221;][\/vc_column_inner][vc_column_inner width=&#8221;1\/5&#8243;][vc_single_image image=&#8221;244&#8243; img_size=&#8221;medium&#8221; alignment=&#8221;center&#8221; css=&#8221;.vc_custom_1724165088823{margin-bottom: 30px !important;}&#8221;][\/vc_column_inner][vc_column_inner width=&#8221;1\/5&#8243;][vc_single_image image=&#8221;128&#8243; img_size=&#8221;medium&#8221; css=&#8221;.vc_custom_1723221653019{margin-bottom: 30px !important;}&#8221;][\/vc_column_inner][\/vc_row_inner][vc_row_inner content_placement=&#8221;middle&#8221; gap=&#8221;30&#8243; css=&#8221;.vc_custom_1728580444634{margin-top: 30px !important;}&#8221;][vc_column_inner width=&#8221;1\/5&#8243;][vc_single_image image=&#8221;245&#8243; img_size=&#8221;medium&#8221; alignment=&#8221;center&#8221; css=&#8221;.vc_custom_1724161548796{margin-bottom: 30px !important;}&#8221;][\/vc_column_inner][vc_column_inner width=&#8221;1\/5&#8243;][vc_single_image image=&#8221;190&#8243; img_size=&#8221;medium&#8221; alignment=&#8221;center&#8221; css=&#8221;.vc_custom_1724161565744{margin-bottom: 30px !important;}&#8221;][\/vc_column_inner][vc_column_inner width=&#8221;1\/5&#8243;][vc_single_image image=&#8221;246&#8243; img_size=&#8221;&#8221; alignment=&#8221;center&#8221; css=&#8221;.vc_custom_1724161570572{margin-bottom: 30px !important;}&#8221;][\/vc_column_inner][vc_column_inner width=&#8221;1\/5&#8243;][vc_single_image image=&#8221;91&#8243; img_size=&#8221;medium&#8221; alignment=&#8221;center&#8221; css=&#8221;.vc_custom_1724161577262{margin-bottom: 30px !important;}&#8221;][\/vc_column_inner][vc_column_inner width=&#8221;1\/5&#8243;][vc_single_image image=&#8221;292&#8243; img_size=&#8221;medium&#8221; alignment=&#8221;center&#8221; css=&#8221;.vc_custom_1727188671093{margin-bottom: 30px !important;}&#8221;][\/vc_column_inner][\/vc_row_inner][vc_row_inner content_placement=&#8221;middle&#8221; gap=&#8221;30&#8243; css=&#8221;.vc_custom_1728580444634{margin-top: 30px !important;}&#8221;][vc_column_inner width=&#8221;1\/5&#8243;][\/vc_column_inner][vc_column_inner width=&#8221;1\/5&#8243;][vc_single_image image=&#8221;323&#8243; img_size=&#8221;medium&#8221; alignment=&#8221;center&#8221; css=&#8221;.vc_custom_1728580609043{margin-bottom: 30px !important;}&#8221;][\/vc_column_inner][vc_column_inner width=&#8221;1\/5&#8243;][vc_single_image image=&#8221;334&#8243; img_size=&#8221;medium&#8221; alignment=&#8221;center&#8221; css=&#8221;.vc_custom_1729276023568{margin-bottom: 30px !important;}&#8221;][\/vc_column_inner][vc_column_inner width=&#8221;1\/5&#8243;][vc_single_image image=&#8221;337&#8243; img_size=&#8221;medium&#8221; alignment=&#8221;center&#8221; css=&#8221;.vc_custom_1729690083522{margin-bottom: 30px !important;}&#8221;][\/vc_column_inner][vc_column_inner width=&#8221;1\/5&#8243;][\/vc_column_inner][\/vc_row_inner][\/vc_column][\/vc_row]<\/p>\n<\/div>","protected":false},"excerpt":{"rendered":"<p>[vc_row full_width=&#8221;stretch_row_content_no_spaces&#8221;][vc_column][vc_single_image image=&#8221;173&#8243; img_size=&#8221;full&#8221; css=&#8221;&#8221;][\/vc_column][\/vc_row][vc_row gap=&#8221;30&#8243;][vc_column width=&#8221;2\/3&#8243;][vc_text_separator title=&#8221;Apresenta\u00e7\u00e3o&#8221; i_icon_fontawesome=&#8221;fas fa-angle-double-right&#8221; i_color=&#8221;custom&#8221; title_align=&#8221;separator_align_left&#8221; css=&#8221;.vc_custom_1721222537093{margin-top: 30px !important;}&#8221; add_icon=&#8221;true&#8221; i_custom_color=&#8221;#cd4179&#8243;][vc_column_text css=&#8221;.vc_custom_1723214485437{margin-left: 20px !important;}&#8221;]Permeada por um contexto informacional que \u00e9 mediado por Tecnologias Digitais da Informa\u00e7\u00e3o e Comunica\u00e7\u00e3o (TDIC), a sociedade contempor\u00e2nea enfrenta desafios que amea\u00e7am ideais de civilidade e democracia diante da propaga\u00e7\u00e3o de desinforma\u00e7\u00e3o em larga escala, <a class=\"leiamais\" href=\"https:\/\/eventos.uepb.edu.br\/contradesinfopb\/\">Leia Mais&#8230;<\/a><\/p>\n","protected":false},"author":1,"featured_media":0,"parent":0,"menu_order":0,"comment_status":"closed","ping_status":"closed","template":"","meta":{"footnotes":""},"class_list":["post-218","page","type-page","status-publish","hentry"],"_links":{"self":[{"href":"https:\/\/eventos.uepb.edu.br\/contradesinfopb\/wp-json\/wp\/v2\/pages\/218","targetHints":{"allow":["GET"]}}],"collection":[{"href":"https:\/\/eventos.uepb.edu.br\/contradesinfopb\/wp-json\/wp\/v2\/pages"}],"about":[{"href":"https:\/\/eventos.uepb.edu.br\/contradesinfopb\/wp-json\/wp\/v2\/types\/page"}],"author":[{"embeddable":true,"href":"https:\/\/eventos.uepb.edu.br\/contradesinfopb\/wp-json\/wp\/v2\/users\/1"}],"replies":[{"embeddable":true,"href":"https:\/\/eventos.uepb.edu.br\/contradesinfopb\/wp-json\/wp\/v2\/comments?post=218"}],"version-history":[{"count":17,"href":"https:\/\/eventos.uepb.edu.br\/contradesinfopb\/wp-json\/wp\/v2\/pages\/218\/revisions"}],"predecessor-version":[{"id":339,"href":"https:\/\/eventos.uepb.edu.br\/contradesinfopb\/wp-json\/wp\/v2\/pages\/218\/revisions\/339"}],"wp:attachment":[{"href":"https:\/\/eventos.uepb.edu.br\/contradesinfopb\/wp-json\/wp\/v2\/media?parent=218"}],"curies":[{"name":"wp","href":"https:\/\/api.w.org\/{rel}","templated":true}]}}