{"id":121,"date":"2024-07-18T09:28:51","date_gmt":"2024-07-18T12:28:51","guid":{"rendered":"https:\/\/eventos.uepb.edu.br\/encontrodesinforpb\/?page_id=121"},"modified":"2024-10-15T14:12:54","modified_gmt":"2024-10-15T17:12:54","slug":"29-de-outubro","status":"publish","type":"page","link":"https:\/\/eventos.uepb.edu.br\/contradesinfopb\/29-de-outubro\/","title":{"rendered":"29 de Outubro"},"content":{"rendered":"<div class=\"wpb-content-wrapper\"><p>[vc_row][vc_column][vc_tta_tabs active_section=&#8221;1&#8243; css=&#8221;.vc_custom_1721305122403{margin-top: 30px !important;}&#8221;][vc_tta_section title=&#8221;08h&#8221; tab_id=&#8221;1721304984628-de8bf621-6ff92dbd-08f2&#8243;][vc_column_text css=&#8221;.vc_custom_1722001862109{margin-top: 20px !important;}&#8221;]<strong>Oficina<\/strong>: O uso de ferramentas tecnol\u00f3gicas e processos de checagem para verificar informa\u00e7\u00f5es<\/p>\n<p><strong>Ministrante<\/strong>:\u00a0Dr. Edilson Leite (UFCG)<\/p>\n<p><strong>Local<\/strong>:\u00a0Laborat\u00f3rio de Tecnologias &#8211; UEPB &#8211; C\u00e2mpus V<\/p>\n<p><strong>P\u00fablico-alvo<\/strong>:\u00a0Estudantes e professores de ensino m\u00e9dio e de gradua\u00e7\u00e3o em cursos de licenciatura[\/vc_column_text][\/vc_tta_section][vc_tta_section title=&#8221;08h30&#8243; tab_id=&#8221;1727187744825-38355b0a-9d61&#8243;][vc_column_text css=&#8221;.vc_custom_1729009331424{margin-top: 20px !important;}&#8221;]<strong>Espet\u00e1culo teatral<\/strong> \u201cEsperan\u00e7ar incomoda que s\u00f3 a gota\u201d, do grupo Kair\u00f3s, da Escola Municipal Padre Pedro Serr\u00e3o<\/p>\n<p><strong>Local<\/strong>: Audit\u00f3rio Pioneiros, UEPB- C\u00e2mpus V[\/vc_column_text][\/vc_tta_section][vc_tta_section title=&#8221;09h&#8221; tab_id=&#8221;1721305011187-2a756b18-f6c42dbd-08f2&#8243;][vc_column_text css=&#8221;.vc_custom_1722965227917{margin-top: 20px !important;}&#8221;]<strong>Roda de conversa:<\/strong> \u201cA comunica\u00e7\u00e3o em tempos de desinforma\u00e7\u00e3o: a atua\u00e7\u00e3o do STF\u201d<\/p>\n<p><strong>Participante<\/strong>: Dra. Gabriella Guerreiro (STF)<\/p>\n<p><strong>Media\u00e7\u00e3o<\/strong>: Dr. Fellipe Brasileiro (UFPB)<\/p>\n<p><strong>Local<\/strong>: Audit\u00f3rio da UEPB C\u00e2mpus V<\/p>\n<p><strong>P\u00fablico-alvo<\/strong>: Estudantes de Comunica\u00e7\u00e3o[\/vc_column_text][vc_separator css=&#8221;.vc_custom_1723214811719{margin-top: 30px !important;margin-bottom: 30px !important;}&#8221;][vc_column_text css=&#8221;.vc_custom_1727446776080{margin-top: 20px !important;}&#8221;]<strong>Oficina<\/strong>: \u201cDesinforma\u00e7\u00e3o: um tema transversal&#8221;<\/p>\n<p><strong>Ministrante<\/strong>: Me. Ana Paula Alencar (UFF)<\/p>\n<p><strong>Descri\u00e7\u00e3o<\/strong>: Vamos discutir as Compet\u00eancias Cr\u00edticas em Informa\u00e7\u00e3o, fundamentais para enfrentar a desinforma\u00e7\u00e3o, e explorar as possibilidades de inclu\u00ed-las no contexto de qualquer componente curricular. Com o apoio de recursos pedag\u00f3gicos e exemplos pr\u00e1ticos, vamos produzir esbo\u00e7os de planos de aula que integrem temas do conte\u00fado regular com reflex\u00f5es sobre as implica\u00e7\u00f5es da desinforma\u00e7\u00e3o e estrat\u00e9gias de resist\u00eancia.<\/p>\n<p><strong>Local<\/strong>: Sala Marielle Franco<\/p>\n<p><strong>P\u00fablico-alvo<\/strong>: Professores da rede de educa\u00e7\u00e3o b\u00e1sica[\/vc_column_text][\/vc_tta_section][vc_tta_section title=&#8221;13h&#8221; tab_id=&#8221;1721304984630-0cfbe421-da932dbd-08f2&#8243;][vc_column_text css=&#8221;.vc_custom_1724768614137{margin-top: 20px !important;}&#8221;]<strong>Oficina<\/strong>: \u201cEduca\u00e7\u00e3o midi\u00e1tica na pr\u00e1tica: busca, sele\u00e7\u00e3o e verifica\u00e7\u00e3o de informa\u00e7\u00e3o em sala de aula\u201d<\/p>\n<p><strong>Ministrante<\/strong>: Bruno Ferreira (Educam\u00eddia)<\/p>\n<p><strong>Local<\/strong>: Audit\u00f3rio da UEPB C\u00e2mpus V<\/p>\n<p><strong>P\u00fablico-alvo<\/strong>: Profissionais da rede de educa\u00e7\u00e3o b\u00e1sica[\/vc_column_text][\/vc_tta_section][vc_tta_section title=&#8221;15h&#8221; tab_id=&#8221;1728569578624-5cba7e21-cea1&#8243;][vc_column_text css=&#8221;.vc_custom_1729009366692{margin-top: 30px !important;}&#8221;]<strong>Oficina<\/strong>: &#8220;Participa\u00e7\u00e3o social na constru\u00e7\u00e3o de comunidades resilientes \u00e0 desinforma\u00e7\u00e3o: elabor(a\u00e7\u00e3o) de estrat\u00e9gias aplic\u00e1veis&#8221;<\/p>\n<p><strong>Ministrante<\/strong>: Geysianne Nascimento.<\/p>\n<p><strong>Local<\/strong>: Audit\u00f3rio Pioneiros, UEPB- C\u00e2mpus V.<\/p>\n<p><strong>P\u00fablico-alvo<\/strong>: estudantes do ensino m\u00e9dio.[\/vc_column_text][vc_separator css=&#8221;.vc_custom_1729012329170{margin-top: 30px !important;margin-bottom: 30px !important;}&#8221;][vc_column_text css=&#8221;.vc_custom_1729009253921{margin-top: 30px !important;}&#8221;]<strong>Oficina<\/strong>: Corpo, persuas\u00e3o, resist\u00eancia e desinforma\u00e7\u00e3o (uma viv\u00eancia dial\u00f3gica e divertida de como podemos resistir \u00e0 desinforma\u00e7\u00e3o).<\/p>\n<p><strong>Ministrante<\/strong>: Dra. Anna Cristina Brisola (IBICT\/UFRJ)<\/p>\n<p><strong>Local<\/strong>: Sala Marielle Franco &#8211; UEPB C\u00e2mpus V.[\/vc_column_text][\/vc_tta_section][\/vc_tta_tabs][\/vc_column][\/vc_row]<\/p>\n<\/div>","protected":false},"excerpt":{"rendered":"<p>[vc_row][vc_column][vc_tta_tabs active_section=&#8221;1&#8243; css=&#8221;.vc_custom_1721305122403{margin-top: 30px !important;}&#8221;][vc_tta_section title=&#8221;08h&#8221; tab_id=&#8221;1721304984628-de8bf621-6ff92dbd-08f2&#8243;][vc_column_text css=&#8221;.vc_custom_1722001862109{margin-top: 20px !important;}&#8221;]Oficina: O uso de ferramentas tecnol\u00f3gicas e processos de checagem para verificar informa\u00e7\u00f5es Ministrante:\u00a0Dr. Edilson Leite (UFCG) Local:\u00a0Laborat\u00f3rio de Tecnologias &#8211; UEPB &#8211; C\u00e2mpus V P\u00fablico-alvo:\u00a0Estudantes e professores de ensino m\u00e9dio e de gradua\u00e7\u00e3o em cursos de licenciatura[\/vc_column_text][\/vc_tta_section][vc_tta_section title=&#8221;08h30&#8243; tab_id=&#8221;1727187744825-38355b0a-9d61&#8243;][vc_column_text css=&#8221;.vc_custom_1729009331424{margin-top: 20px !important;}&#8221;]Espet\u00e1culo teatral \u201cEsperan\u00e7ar incomoda <a class=\"leiamais\" href=\"https:\/\/eventos.uepb.edu.br\/contradesinfopb\/29-de-outubro\/\">Leia Mais&#8230;<\/a><\/p>\n","protected":false},"author":1,"featured_media":0,"parent":0,"menu_order":0,"comment_status":"closed","ping_status":"closed","template":"","meta":{"footnotes":""},"class_list":["post-121","page","type-page","status-publish","hentry"],"_links":{"self":[{"href":"https:\/\/eventos.uepb.edu.br\/contradesinfopb\/wp-json\/wp\/v2\/pages\/121","targetHints":{"allow":["GET"]}}],"collection":[{"href":"https:\/\/eventos.uepb.edu.br\/contradesinfopb\/wp-json\/wp\/v2\/pages"}],"about":[{"href":"https:\/\/eventos.uepb.edu.br\/contradesinfopb\/wp-json\/wp\/v2\/types\/page"}],"author":[{"embeddable":true,"href":"https:\/\/eventos.uepb.edu.br\/contradesinfopb\/wp-json\/wp\/v2\/users\/1"}],"replies":[{"embeddable":true,"href":"https:\/\/eventos.uepb.edu.br\/contradesinfopb\/wp-json\/wp\/v2\/comments?post=121"}],"version-history":[{"count":20,"href":"https:\/\/eventos.uepb.edu.br\/contradesinfopb\/wp-json\/wp\/v2\/pages\/121\/revisions"}],"predecessor-version":[{"id":331,"href":"https:\/\/eventos.uepb.edu.br\/contradesinfopb\/wp-json\/wp\/v2\/pages\/121\/revisions\/331"}],"wp:attachment":[{"href":"https:\/\/eventos.uepb.edu.br\/contradesinfopb\/wp-json\/wp\/v2\/media?parent=121"}],"curies":[{"name":"wp","href":"https:\/\/api.w.org\/{rel}","templated":true}]}}