{"id":7,"date":"2023-08-16T09:28:39","date_gmt":"2023-08-16T12:28:39","guid":{"rendered":"https:\/\/eventos.uepb.edu.br\/congressouniversitario\/?page_id=7"},"modified":"2024-09-10T10:43:49","modified_gmt":"2024-09-10T13:43:49","slug":"inicio","status":"publish","type":"page","link":"https:\/\/eventos.uepb.edu.br\/congressouniversitario\/","title":{"rendered":"In\u00edcio"},"content":{"rendered":"<div class=\"wpb-content-wrapper\"><p>[vc_row][vc_column width=&#8221;2\/3&#8243;][vc_text_separator title=&#8221;Apresenta\u00e7\u00e3o&#8221; i_icon_fontawesome=&#8221;fas fa-angle-double-right&#8221; i_color=&#8221;custom&#8221; title_align=&#8221;separator_align_left&#8221; color=&#8221;custom&#8221; add_icon=&#8221;true&#8221; accent_color=&#8221;#cc0000&#8243; i_custom_color=&#8221;#cc0000&#8243;][vc_column_text css=&#8221;&#8221;]<img loading=\"lazy\" decoding=\"async\" class=\"alignright wp-image-1381 size-medium img-responsive\" src=\"https:\/\/eventos.uepb.edu.br\/congressouniversitario\/wp-content\/uploads\/sites\/7\/2024\/09\/FOTO-REITORA-294x300.jpeg\" alt=\"\" width=\"294\" height=\"300\" srcset=\"https:\/\/eventos.uepb.edu.br\/congressouniversitario\/wp-content\/uploads\/sites\/7\/2024\/09\/FOTO-REITORA-294x300.jpeg 294w, https:\/\/eventos.uepb.edu.br\/congressouniversitario\/wp-content\/uploads\/sites\/7\/2024\/09\/FOTO-REITORA.jpeg 569w\" sizes=\"auto, (max-width: 294px) 100vw, 294px\" \/><strong>Sejam bem-vindas e bem vindos ao IV CONGRESSO UNIVERSIT\u00c1RIO DA UEPB!<\/strong><\/p>\n<p align=\"justify\"><span style=\"color: #444444\"><span style=\"font-size: medium\">\u00c9 com imensa alegria que convido toda a comunidade acad\u00eamica da Universidade Estadual da Para\u00edba \u2013 UEPB e a comunidade externa para participarem desse importante evento cient\u00edfico que tem como objetivo discutir temas relevantes que congregam o ensino, a pesquisa e a extens\u00e3o universit\u00e1ria na UEPB. A quarta edi\u00e7\u00e3o do Congresso Universit\u00e1rio ser\u00e1 descentralizada e h\u00edbrida, e acontecer\u00e1 em todos os C\u00e2mpus da UEPB, promovendo uma maior integra\u00e7\u00e3o e a participa\u00e7\u00e3o ativa de estudantes, docentes, t\u00e9cnicas e t\u00e9cnicos administrativos que fazem parte desta institui\u00e7\u00e3o p\u00fablica, gratuita e de qualidade. Durante os dias de realiza\u00e7\u00e3o do Congresso, teremos a oportunidade de compartilhar saberes, participar de debates e discuss\u00f5es enriquecedoras nas v\u00e1rias \u00e1reas do conhecimento, dando visibilidade \u00e0 produ\u00e7\u00e3o acad\u00eamica, cient\u00edfica e cultural.<\/span><\/span><\/p>\n<p align=\"justify\"><span style=\"color: #444444\"><span style=\"font-size: medium\">A UEPB espera por voc\u00eas, n\u00e3o percam esta oportunidade!<\/span><\/span><\/p>\n<p align=\"justify\"><span style=\"color: #444444\"><span style=\"font-size: medium\">Participem do <strong>IV CONGRESSO UNIVERSIT\u00c1RIO DA UEPB<\/strong>!<\/span><\/span><\/p>\n<p align=\"justify\"><span style=\"color: #444444\"><span style=\"font-size: medium\">Um forte abra\u00e7o!!!!<\/span><\/span><\/p>\n<p><img loading=\"lazy\" decoding=\"async\" class=\"alignnone size-medium wp-image-46 img-responsive\" src=\"https:\/\/eventos.uepb.edu.br\/congressouniversitario\/wp-content\/uploads\/sites\/7\/2023\/08\/PROFA.-CELIA-ASSINATURA-300x76.jpeg\" alt=\"\" width=\"300\" height=\"76\" srcset=\"https:\/\/eventos.uepb.edu.br\/congressouniversitario\/wp-content\/uploads\/sites\/7\/2023\/08\/PROFA.-CELIA-ASSINATURA-300x76.jpeg 300w, https:\/\/eventos.uepb.edu.br\/congressouniversitario\/wp-content\/uploads\/sites\/7\/2023\/08\/PROFA.-CELIA-ASSINATURA.jpeg 837w\" sizes=\"auto, (max-width: 300px) 100vw, 300px\" \/><\/p>\n<p>Celia Regina Diniz<br \/>\nReitora \u2013 UEPB<br \/>\nPresidente do IV CONGRESSO UNIVERSIT\u00c1RIO DA UEPB[\/vc_column_text][\/vc_column][vc_column width=&#8221;1\/3&#8243;][vc_text_separator title=&#8221;Fale Conosco&#8221; i_icon_fontawesome=&#8221;fas fa-angle-double-right&#8221; i_color=&#8221;custom&#8221; title_align=&#8221;separator_align_left&#8221; color=&#8221;custom&#8221; add_icon=&#8221;true&#8221; accent_color=&#8221;#cc0000&#8243; i_custom_color=&#8221;#cc0000&#8243;][vc_column_text css=&#8221;&#8221;]<strong>E-mail:<\/strong> <a href=\"mailto:congressouniversitario@setor.uepb.edu.br\">congressouniversitario@setor.uepb.edu.br<\/a><\/p>\n<p><strong>Instagram:<\/strong> <a href=\"https:\/\/instagram.com\/congressouniversitariouepb\">@congressouniversitariouepb<\/a>[\/vc_column_text][\/vc_column][\/vc_row]<\/p>\n<\/div>","protected":false},"excerpt":{"rendered":"<p>[vc_row][vc_column width=&#8221;2\/3&#8243;][vc_text_separator title=&#8221;Apresenta\u00e7\u00e3o&#8221; i_icon_fontawesome=&#8221;fas fa-angle-double-right&#8221; i_color=&#8221;custom&#8221; title_align=&#8221;separator_align_left&#8221; color=&#8221;custom&#8221; add_icon=&#8221;true&#8221; accent_color=&#8221;#cc0000&#8243; i_custom_color=&#8221;#cc0000&#8243;][vc_column_text css=&#8221;&#8221;]Sejam bem-vindas e bem vindos ao IV CONGRESSO UNIVERSIT\u00c1RIO DA UEPB! \u00c9 com imensa alegria que convido toda a comunidade acad\u00eamica da Universidade Estadual da Para\u00edba \u2013 UEPB e a comunidade externa para participarem desse importante evento cient\u00edfico que tem como objetivo discutir temas <a class=\"leiamais\" href=\"https:\/\/eventos.uepb.edu.br\/congressouniversitario\/\">Leia Mais&#8230;<\/a><\/p>\n","protected":false},"author":4,"featured_media":1238,"parent":0,"menu_order":0,"comment_status":"closed","ping_status":"closed","template":"page-sem-espacamento.php","meta":{"footnotes":""},"class_list":["post-7","page","type-page","status-publish","has-post-thumbnail","hentry"],"_links":{"self":[{"href":"https:\/\/eventos.uepb.edu.br\/congressouniversitario\/wp-json\/wp\/v2\/pages\/7","targetHints":{"allow":["GET"]}}],"collection":[{"href":"https:\/\/eventos.uepb.edu.br\/congressouniversitario\/wp-json\/wp\/v2\/pages"}],"about":[{"href":"https:\/\/eventos.uepb.edu.br\/congressouniversitario\/wp-json\/wp\/v2\/types\/page"}],"author":[{"embeddable":true,"href":"https:\/\/eventos.uepb.edu.br\/congressouniversitario\/wp-json\/wp\/v2\/users\/4"}],"replies":[{"embeddable":true,"href":"https:\/\/eventos.uepb.edu.br\/congressouniversitario\/wp-json\/wp\/v2\/comments?post=7"}],"version-history":[{"count":9,"href":"https:\/\/eventos.uepb.edu.br\/congressouniversitario\/wp-json\/wp\/v2\/pages\/7\/revisions"}],"predecessor-version":[{"id":1460,"href":"https:\/\/eventos.uepb.edu.br\/congressouniversitario\/wp-json\/wp\/v2\/pages\/7\/revisions\/1460"}],"wp:featuredmedia":[{"embeddable":true,"href":"https:\/\/eventos.uepb.edu.br\/congressouniversitario\/wp-json\/wp\/v2\/media\/1238"}],"wp:attachment":[{"href":"https:\/\/eventos.uepb.edu.br\/congressouniversitario\/wp-json\/wp\/v2\/media?parent=7"}],"curies":[{"name":"wp","href":"https:\/\/api.w.org\/{rel}","templated":true}]}}