{"id":1838,"date":"2024-09-16T14:42:02","date_gmt":"2024-09-16T17:42:02","guid":{"rendered":"https:\/\/eventos.uepb.edu.br\/congressouniversitario\/?page_id=1838"},"modified":"2024-10-16T09:08:51","modified_gmt":"2024-10-16T12:08:51","slug":"i-mostra-da-licenciatura-em-fisica-do-ccts-imlf-ccts","status":"publish","type":"page","link":"https:\/\/eventos.uepb.edu.br\/congressouniversitario\/i-mostra-da-licenciatura-em-fisica-do-ccts-imlf-ccts\/","title":{"rendered":"I Mostra da Licenciatura em F\u00edsica do CCTS &#8211; IMLF-CCTS"},"content":{"rendered":"<div class=\"wpb-content-wrapper\"><p>[vc_row][vc_column][vc_tta_tour][vc_tta_section title=&#8221;Apresenta\u00e7\u00e3o&#8221; tab_id=&#8221;1723051350484-74ca6583-f13f&#8221;][vc_column_text css=&#8221;&#8221;]<\/p>\n<p><img loading=\"lazy\" decoding=\"async\" class=\"alignleft size-medium wp-image-1841 img-responsive\" src=\"https:\/\/eventos.uepb.edu.br\/congressouniversitario\/wp-content\/uploads\/sites\/7\/2024\/09\/WhatsApp-Image-2024-09-07-at-14.15.27-1-Gabriela-Coutinho-Luna-300x300.jpeg\" alt=\"\" width=\"300\" height=\"300\" srcset=\"https:\/\/eventos.uepb.edu.br\/congressouniversitario\/wp-content\/uploads\/sites\/7\/2024\/09\/WhatsApp-Image-2024-09-07-at-14.15.27-1-Gabriela-Coutinho-Luna-300x300.jpeg 300w, https:\/\/eventos.uepb.edu.br\/congressouniversitario\/wp-content\/uploads\/sites\/7\/2024\/09\/WhatsApp-Image-2024-09-07-at-14.15.27-1-Gabriela-Coutinho-Luna.jpeg 500w\" sizes=\"auto, (max-width: 300px) 100vw, 300px\" \/><\/p>\n<p>&nbsp;<\/p>\n<p>&nbsp;<\/p>\n<p>&nbsp;<\/p>\n<p>&nbsp;<\/p>\n<p>&nbsp;<\/p>\n<p>&nbsp;<\/p>\n<p>&nbsp;<\/p>\n<p>&nbsp;<\/p>\n<p>&nbsp;<\/p>\n<p>Mostra Pedag\u00f3gica e a\u00e7\u00f5es de pesquisa e extens\u00f5es<\/p>\n<p><strong>Formato:<\/strong> Presencial<\/p>\n<p><strong>P\u00fablico-alvo:<\/strong> Discentes das escolas p\u00fablicas das cidades circunvizinhas a Araruna-PB e estudantes do Curso de Licenciatura em F\u00edsica.<\/p>\n<p><strong>Local:<\/strong> Campus VIII, Pr\u00e9dio da Engenharia\/F\u00edsica, Rua Coronel Pedro Targino, 1100, Centro, Araruna-PB, 58233-000.[\/vc_column_text][\/vc_tta_section][vc_tta_section title=&#8221;Comiss\u00e3o Organizadora&#8221; tab_id=&#8221;1723051372044-4de7e0c8-ac23&#8243;][vc_column_text css=&#8221;&#8221;]Gabriela Coutinho Luna, Campus VIII, CLF-CCTS (coordenadora)<br \/>\nJos\u00e9 Jamilton Rodrigues dos Santos, Campus VIII, CLF-CCTS (organizador)[\/vc_column_text][\/vc_tta_section][vc_tta_section title=&#8221;Programa\u00e7\u00e3o&#8221; tab_id=&#8221;1723051406819-7e54b22e-71d5&#8243;][vc_column_text css=&#8221;&#8221;]<span style=\"font-family: Times New Roman, serif\"><span style=\"font-size: medium\"><span style=\"color: #202124\"><span style=\"font-family: Roboto, serif\"><span style=\"font-size: small\"><b>08\/11\/2024 <\/b><\/span><\/span><\/span><\/span><\/span><\/p>\n<p><strong>MOSTRA do PIBIC e Extens\u00e3o<\/strong><br \/>\nHora de in\u00edcio da atividade: 08<br \/>\nHora de fim da atividade:12h<br \/>\nCarga Hor\u00e1ria: 4h<\/p>\n<p>&nbsp;<\/p>\n<p><strong>Palestra: A vida de um licenciado em f\u00edsica<\/strong><br \/>\nPalestrante: Gabriela Coutinho Luna<br \/>\nHora de in\u00edcio da atividade: 8h<br \/>\nHora de fim da atividade: 9h<br \/>\nCarga Hor\u00e1ria: 1h<\/p>\n<p>&nbsp;<\/p>\n<p><span style=\"font-family: Times New Roman, serif\"><span style=\"font-size: medium\"><span style=\"color: #202124\"><span style=\"font-family: Roboto, serif\"><span style=\"font-size: small\"><b>OFICINA I: Oficina de Eletr\u00f4nica b\u00e1sica<\/b><\/span><\/span><\/span><\/span><\/span><\/p>\n<p><span style=\"font-family: Times New Roman, serif\"><span style=\"font-size: medium\"><span style=\"color: #202124\"><span style=\"font-family: Roboto, serif\"><span style=\"font-size: small\">Professor ministrante: Cesar Soares<\/span><\/span><\/span><\/span><\/span><\/p>\n<p><span style=\"font-family: Times New Roman, serif\"><span style=\"font-size: medium\"><span style=\"color: #202124\"><span style=\"font-family: Roboto, serif\"><span style=\"font-size: small\">Hora de in\u00edcio da atividade: 08h<\/span><\/span><\/span><\/span><\/span><\/p>\n<p><span style=\"font-family: Times New Roman, serif\"><span style=\"font-size: medium\"><span style=\"color: #202124\"><span style=\"font-family: Roboto, serif\"><span style=\"font-size: small\">Hora de fim da atividade: 12h<\/span><\/span><\/span><\/span><\/span><\/p>\n<p><span style=\"font-family: Times New Roman, serif\"><span style=\"font-size: medium\"><span style=\"color: #202124\"><span style=\"font-family: Roboto, serif\"><span style=\"font-size: small\">Carga Hor\u00e1ria: 4h<\/span><\/span><\/span><\/span><\/span><\/p>\n<p><span style=\"font-family: Times New Roman, serif\"><span style=\"font-size: medium\"><span style=\"color: #202124\"><span style=\"font-family: Roboto, serif\"><span style=\"font-size: small\">Limite de Inscri\u00e7\u00f5es (quantidade de vagas): 20<\/span><\/span><\/span><\/span><\/span><\/p>\n<p><span style=\"font-family: Times New Roman, serif\"><span style=\"font-size: medium\"><span style=\"color: #202124\"><span style=\"font-family: Roboto, serif\"><span style=\"font-size: small\"><b>OFICINA II: Lan\u00e7amento de Foguetes de garrafa pet<\/b><\/span><\/span><\/span><\/span><\/span><\/p>\n<p><span style=\"font-family: Times New Roman, serif\"><span style=\"font-size: medium\"><span style=\"color: #202124\"><span style=\"font-family: Roboto, serif\"><span style=\"font-size: small\">Professor ministrante: Jos\u00e9 Jamilton Rodrigues dos Santos<\/span><\/span><\/span><\/span><\/span><\/p>\n<p><span style=\"font-family: Times New Roman, serif\"><span style=\"font-size: medium\"><span style=\"color: #202124\"><span style=\"font-family: Roboto, serif\"><span style=\"font-size: small\">Hora de in\u00edcio da atividade: 08h<\/span><\/span><\/span><\/span><\/span><\/p>\n<p><span style=\"font-family: Times New Roman, serif\"><span style=\"font-size: medium\"><span style=\"color: #202124\"><span style=\"font-family: Roboto, serif\"><span style=\"font-size: small\">Hora de fim da atividade: 12h<\/span><\/span><\/span><\/span><\/span><\/p>\n<p><span style=\"font-family: Times New Roman, serif\"><span style=\"font-size: medium\"><span style=\"color: #202124\"><span style=\"font-family: Roboto, serif\"><span style=\"font-size: small\">Carga Hor\u00e1ria: 4h<\/span><\/span><\/span><\/span><\/span><\/p>\n<p><span style=\"font-family: Times New Roman, serif\"><span style=\"font-size: medium\"><span style=\"color: #202124\"><span style=\"font-family: Roboto, serif\"><span style=\"font-size: small\">Limite de Inscri\u00e7\u00f5es (quantidade de vagas): 20<\/span><\/span><\/span><\/span><\/span><\/p>\n<p>&nbsp;<\/p>\n<p><strong>MOSTRA\u00a0 do PIBID<\/strong><\/p>\n<p>Hora de in\u00edcio da atividade: 14h<\/p>\n<p>Hora de fim da atividade:18h<\/p>\n<p>Carga Hor\u00e1ria: 4h<\/p>\n<p><strong>\u00a0<\/strong><\/p>\n<p><strong>Palestra 2<\/strong>:<strong> Como tirar 10?<\/strong><\/p>\n<p>Palestrante: Jos\u00e9 Jamilton Rodrigues dos Santos<\/p>\n<p>Hora de in\u00edcio da atividade: 14h<\/p>\n<p>Hora de fim da atividade:15h<\/p>\n<p>Carga Hor\u00e1ria: 1h<\/p>\n<p><strong>\u00a0<\/strong><\/p>\n<p><span style=\"font-family: Times New Roman, serif\"><span style=\"font-size: medium\"><span style=\"color: #202124\"><span style=\"font-family: Roboto, serif\"><span style=\"font-size: small\"><b>OFICINA III: An\u00e1lise de dados cient\u00edfica: uma introdu\u00e7\u00e3o ao SciDAVis<\/b><\/span><\/span><\/span><\/span><\/span><\/p>\n<p><span style=\"font-family: Times New Roman, serif\"><span style=\"font-size: medium\"><span style=\"color: #202124\"><span style=\"font-family: Roboto, serif\"><span style=\"font-size: small\">Professor ministrante: Raoni S\u00e1vio de Negreiros Moreira<\/span><\/span><\/span><\/span><\/span><\/p>\n<p><span style=\"font-family: Times New Roman, serif\"><span style=\"font-size: medium\"><span style=\"color: #202124\"><span style=\"font-family: Roboto, serif\"><span style=\"font-size: small\">Hora de in\u00edcio da atividade: 14h<\/span><\/span><\/span><\/span><\/span><\/p>\n<p><span style=\"font-family: Times New Roman, serif\"><span style=\"font-size: medium\"><span style=\"color: #202124\"><span style=\"font-family: Roboto, serif\"><span style=\"font-size: small\">Hora de fim da atividade: 18h<\/span><\/span><\/span><\/span><\/span><\/p>\n<p><span style=\"font-family: Times New Roman, serif\"><span style=\"font-size: medium\"><span style=\"color: #202124\"><span style=\"font-family: Roboto, serif\"><span style=\"font-size: small\">Carga Hor\u00e1ria: 4h<\/span><\/span><\/span><\/span><\/span><\/p>\n<p><span style=\"font-family: Times New Roman, serif\"><span style=\"font-size: medium\"><span style=\"color: #202124\"><span style=\"font-family: Roboto, serif\"><span style=\"font-size: small\">Limite de Inscri\u00e7\u00f5es (quantidade de vagas): 20<\/span><\/span><\/span><\/span><\/span><\/p>\n<p><span style=\"font-family: Times New Roman, serif\"><span style=\"font-size: medium\"><span style=\"color: #202124\"><span style=\"font-family: Roboto, serif\"><span style=\"font-size: small\"><b>OFICINA IV: Racioc\u00ednio L\u00f3gico<\/b><\/span><\/span><\/span><\/span><\/span><\/p>\n<p><span style=\"font-family: Times New Roman, serif\"><span style=\"font-size: medium\"><span style=\"color: #202124\"><span style=\"font-family: Roboto, serif\"><span style=\"font-size: small\">Professor ministrante: Danilo C\u00e9sar Moreira<\/span><\/span><\/span><\/span><\/span><\/p>\n<p><span style=\"font-family: Times New Roman, serif\"><span style=\"font-size: medium\"><span style=\"color: #202124\"><span style=\"font-family: Roboto, serif\"><span style=\"font-size: small\">Hora de in\u00edcio da atividade: 14h<\/span><\/span><\/span><\/span><\/span><\/p>\n<p><span style=\"font-family: Times New Roman, serif\"><span style=\"font-size: medium\"><span style=\"color: #202124\"><span style=\"font-family: Roboto, serif\"><span style=\"font-size: small\">Hora de fim da atividade: 18h<\/span><\/span><\/span><\/span><\/span><\/p>\n<p><span style=\"font-family: Times New Roman, serif\"><span style=\"font-size: medium\"><span style=\"color: #202124\"><span style=\"font-family: Roboto, serif\"><span style=\"font-size: small\">Carga Hor\u00e1ria: 4h<\/span><\/span><\/span><\/span><\/span><\/p>\n<p><span style=\"font-family: Times New Roman, serif\"><span style=\"font-size: medium\"><span style=\"color: #202124\"><span style=\"font-family: Roboto, serif\"><span style=\"font-size: small\">Limite de Inscri\u00e7\u00f5es (quantidade de vagas): 20<\/span><\/span><\/span><\/span><\/span><\/p>\n<p>&nbsp;<\/p>\n<p><strong>Encerramento do evento com Observa\u00e7\u00e3o de Saturno e da Lua<\/strong><\/p>\n<p>Hora de in\u00edcio da atividade: 17h<\/p>\n<p>Hora de fim da atividade:19h<\/p>\n<p>[\/vc_column_text][\/vc_tta_section][vc_tta_section title=&#8221;Inscri\u00e7\u00f5es e Credenciamento&#8221; tab_id=&#8221;1723056810590-d369a7e8-5186&#8243;][vc_column_text css=&#8221;&#8221;]<\/p>\n<p class=\"western\" align=\"justify\"><span style=\"color: #2a6099\"><span style=\"font-family: Arial, serif\"><span style=\"font-size: small\">Normas para Inscri\u00e7\u00e3o e Credenciamento<\/span><\/span><\/span><\/p>\n<p class=\"western\" align=\"justify\"><span style=\"font-family: Arial, serif\"><span style=\"font-size: small\">Prazo para inscri\u00e7\u00e3o \u2013 at\u00e9 <\/span><\/span><span style=\"font-family: Arial, serif\"><span style=\"font-size: small\"><b><del>15 DE OUTUBRO DE 2024<\/del>\u00a0 <span style=\"color: #0000ff\">20\u00a0DE OUTUBRO DE 2024<\/span><\/b><\/span><\/span><\/p>\n<p class=\"western\" align=\"justify\"><span style=\"font-family: Arial, serif\"><span style=\"font-size: small\"><b>ATEN\u00c7\u00c3O:<\/b><\/span><\/span><span style=\"font-family: Arial, serif\"><span style=\"font-size: small\"> n\u00e3o haver\u00e1 inscri\u00e7\u00f5es ap\u00f3s essa data e o credenciamento s\u00f3 ser\u00e1 realizado para os inscritos.<\/span><\/span><\/p>\n<p class=\"western\" align=\"justify\"><span style=\"font-family: Arial, serif\"><span style=\"font-size: small\">Siga as normas, inscreva-se e participe conosco!<\/span><\/span><\/p>\n<p class=\"western\" align=\"justify\"><span style=\"color: #2a6099\"><span style=\"font-family: Arial, serif\"><span style=\"font-size: small\">Regras gerais sobre as inscri\u00e7\u00f5es<\/span><\/span><\/span><\/p>\n<p class=\"western\" align=\"justify\"><span style=\"font-family: Arial, serif\"><span style=\"font-size: small\">Todos(as) os(as) participantes dever\u00e3o realizar inscri\u00e7\u00f5es no <strong>I Mostra da Licenciatura em F\u00edsica do CCTS &#8211; IMLF-CCTS<\/strong><\/span><\/span><\/p>\n<p class=\"western\" align=\"justify\"><span style=\"font-family: Arial, serif\"><span style=\"font-size: small\">As inscri\u00e7\u00f5es dever\u00e3o ser efetuadas por meio do preenchimento do formul\u00e1rio on-line, observando-se os prazos estabelecidos para cada modalidade de inscri\u00e7\u00e3o.<\/span><\/span><\/p>\n<p class=\"western\" align=\"justify\"><span style=\"font-family: Arial, serif\"><span style=\"font-size: small\">No item \u201cPerfil\u201d, escolha uma das op\u00e7\u00f5es segundo o seu v\u00ednculo com a UEPB:<\/span><\/span><\/p>\n<p class=\"western\" align=\"justify\">\u2022 <span style=\"font-family: Arial, serif\"><span style=\"font-size: small\">SERVIDOR (docente ou t\u00e9cnico administrativo);<\/span><\/span><\/p>\n<p class=\"western\" align=\"justify\">\u2022 <span style=\"font-family: Arial, serif\"><span style=\"font-size: small\">ALUNO (gradua\u00e7\u00e3o ou p\u00f3s).<\/span><\/span><\/p>\n<p class=\"western\" align=\"justify\">\u2022 <span style=\"font-family: Arial, serif\"><span style=\"font-size: small\">P\u00daBLICO EXTERNO \u2013 refere-se a toda e qualquer pessoa <\/span><\/span><span style=\"font-family: Arial, serif\"><span style=\"font-size: small\"><b>sem v\u00ednculo com a UEPB<\/b><\/span><\/span><span style=\"font-family: Arial, serif\"><span style=\"font-size: small\"> que deseja participar do Evento.<\/span><\/span><\/p>\n<p class=\"western\" align=\"justify\"><span style=\"font-family: Arial, serif\"><span style=\"font-size: small\">Para a finaliza\u00e7\u00e3o da inscri\u00e7\u00e3o, faz-se necess\u00e1rio optar por pelo menos uma atividade (MINICURSOS OU OFICINAS).<\/span><\/span><\/p>\n<p class=\"western\" align=\"justify\"><span style=\"font-family: Arial, serif\"><span style=\"font-size: small\">Caso <\/span><\/span><span style=\"font-family: Arial, serif\"><span style=\"font-size: small\"><b>N\u00c3O DESEJE <\/b><\/span><\/span><span style=\"font-family: Arial, serif\"><span style=\"font-size: small\">participar de nenhuma atividade (minicursos ou oficinas) escolher a op\u00e7\u00e3o MINICURSO: N\u00c3O DESEJO PARTICIPAR DE NENHUMA ATIVIDADE (MINICURSO E\/OU OFICINA) QUERO PARTICIPAR COM OUVINTE DA <strong>I Mostra da Licenciatura em F\u00edsica do CCTS &#8211; IMLF-CCTS<\/strong>.<\/span><\/span><\/p>\n<p class=\"western\" align=\"justify\"><span style=\"font-family: Arial, serif\"><span style=\"font-size: small\"><b>OBS:<\/b><\/span><\/span><span style=\"font-family: Arial, serif\"><span style=\"font-size: small\"> Depois de escolhidas as atividades (minicursos e\/ou oficinas), e finalizada a inscri\u00e7\u00e3o, n\u00e3o ser\u00e1 poss\u00edvel acrescentar nem trocar de atividade, portanto, al\u00e9m do formato, observe dias e hor\u00e1rios dispon\u00edveis.<\/span><\/span><\/p>\n<p class=\"western\" align=\"justify\"><span style=\"font-family: Arial, serif\"><span style=\"font-size: small\">Na aba \u201cPrograma\u00e7\u00e3o\u201d ser\u00e3o disponibilizadas a localiza\u00e7\u00e3o das atividades presenciais.<\/span><\/span><\/p>\n<p class=\"western\" align=\"justify\"><span style=\"font-family: Arial, serif\"><span style=\"font-size: small\"><b>Minicursos e Oficinas<\/b><\/span><\/span><\/p>\n<p class=\"western\" align=\"justify\"><span style=\"font-family: Arial, serif\"><span style=\"font-size: small\">Os minicursos e oficinas possuem vagas limitadas disponibilizadas no sistema e s\u00f3 poder\u00e3o participar os que optarem pela atividade no momento da inscri\u00e7\u00e3o.<\/span><\/span><\/p>\n<p class=\"western\" align=\"justify\"><span style=\"font-family: Arial, serif\"><span style=\"font-size: small\">S\u00f3 poder\u00e1 participar dos minicursos e oficinas quem realizar inscri\u00e7\u00e3o pr\u00e9via nos mesmos.<\/span><\/span><\/p>\n<p class=\"western\" align=\"justify\"><span style=\"font-family: Arial, serif\"><span style=\"font-size: small\"><b>Credenciamento<\/b><\/span><\/span><\/p>\n<p class=\"western\" align=\"justify\"><span style=\"font-family: Arial, serif\"><span style=\"font-size: small\">O credenciamento s\u00f3 ser\u00e1 efetuado com a apresenta\u00e7\u00e3o de um documento oficial com foto (RG, CNH ou documento oficial expedido por \u00f3rg\u00e3os federais).<\/span><\/span><\/p>\n<p class=\"western\" align=\"justify\"><span style=\"font-family: Arial, serif\"><span style=\"font-size: small\">N\u00e3o ser\u00e1 permitido o credenciamento por terceiros, exceto atrav\u00e9s de procura\u00e7\u00e3o. A entrega do material do evento ser\u00e1 realizada apenas ao participante presente ou ao seu procurador.<\/span><\/span><\/p>\n<p class=\"western\" align=\"justify\"><span style=\"font-family: Arial, serif\"><span style=\"font-size: small\">O credenciamento (entrega do material \u2013 pasta, crach\u00e1, bloco e caneta) ocorrer\u00e1 no local do evento;<\/span><\/span><\/p>\n<p class=\"western\" align=\"justify\"><span style=\"font-family: Arial, serif\"><span style=\"font-size: small\">Haver\u00e1 lista de presen\u00e7a em todas as atividades.<\/span><\/span><\/p>\n<p class=\"western\" align=\"justify\"><span style=\"font-family: Arial, serif;color: #0000ff\"><span style=\"font-size: small\"><b>Fa\u00e7a Sua Inscri\u00e7\u00e3o<\/b><\/span><\/span><\/p>\n<p class=\"western\" align=\"justify\"><span style=\"font-family: Arial, serif\"><span style=\"font-size: small\">Acesse o link: <a href=\"https:\/\/suap.uepb.edu.br\/eventos\/inscricao\/64\/\">https:\/\/suap.uepb.edu.br\/eventos\/inscricao\/64\/<\/a><\/span><\/span><\/p>\n<p>[\/vc_column_text][\/vc_tta_section][vc_tta_section title=&#8221;Certificados&#8221; tab_id=&#8221;1723056893961-23202c5a-7142&#8243;][vc_column_text css=&#8221;&#8221;]<\/p>\n<ul>\n<li>\n<p class=\"western\" align=\"justify\"><span style=\"font-family: Arial, serif\"><span style=\"font-size: small\">Informamos aos participantes do <strong>I Mostra da Licenciatura em F\u00edsica do CCTS &#8211; IMLF-CCTS<\/strong><\/span><\/span><span style=\"font-family: Arial, serif\"><span style=\"font-size: small\">\u00a0que\u00a0os certificados ser\u00e3o enviados para o e-mail dos inscritos que estiveram presentes no evento, favor buscar, na caixa de entrada ou no SPAM, pelo assunto: [SUAP] Certificado de Participa\u00e7\u00e3o;<\/span><\/span><\/p>\n<\/li>\n<li>\n<p class=\"western\" align=\"justify\"><span style=\"font-family: Arial, serif\"><span style=\"font-size: small\">O certificado de Participa\u00e7\u00e3o no <strong>I Mostra da Licenciatura em F\u00edsica do CCTS &#8211; IMLF-CCTS<\/strong><\/span><\/span><span style=\"font-family: Arial, serif\"><span style=\"font-size: small\">\u00a0ser\u00e1 emitido com x horas para todos os participantes inscritos e que assinaram as listas de presen\u00e7a;<\/span><\/span><\/p>\n<\/li>\n<li>\n<p class=\"western\" align=\"justify\"><span style=\"font-family: Arial, serif\"><span style=\"font-size: small\">Os certificados de\u00a0participa\u00e7\u00e3o em <\/span><\/span><span style=\"color: #000000\"><span style=\"font-family: Arial, serif\"><span style=\"font-size: small\">Minicurso e Oficina<\/span><\/span><\/span><span style=\"font-family: Arial, serif\"><span style=\"font-size: small\"><span style=\"color: #000000\">\u00a0se<\/span>r\u00e3o emitidos com a carga hor\u00e1ria conforme a atividade desenvolvida, desde que tenha sido constatada a inscri\u00e7\u00e3o e presen\u00e7a, mediante assinatura das listas;<\/span><\/span><\/p>\n<\/li>\n<li>\n<p class=\"western\" align=\"justify\"><span style=\"font-family: Arial, serif\"><span style=\"font-size: small\">Os certificados de Ministrantes de atividades ser\u00e3o enviados para o e-mail informado no ato da inscri\u00e7\u00e3o.<\/span><\/span><\/p>\n<\/li>\n<\/ul>\n<p>[\/vc_column_text][\/vc_tta_section][\/vc_tta_tour][\/vc_column][\/vc_row]<\/p>\n<\/div>","protected":false},"excerpt":{"rendered":"<p>[vc_row][vc_column][vc_tta_tour][vc_tta_section title=&#8221;Apresenta\u00e7\u00e3o&#8221; tab_id=&#8221;1723051350484-74ca6583-f13f&#8221;][vc_column_text css=&#8221;&#8221;] &nbsp; &nbsp; &nbsp; &nbsp; &nbsp; &nbsp; &nbsp; &nbsp; &nbsp; Mostra Pedag\u00f3gica e a\u00e7\u00f5es de pesquisa e extens\u00f5es Formato: Presencial P\u00fablico-alvo: Discentes das escolas p\u00fablicas das cidades circunvizinhas a Araruna-PB e estudantes do Curso de Licenciatura em F\u00edsica. Local: Campus VIII, Pr\u00e9dio da Engenharia\/F\u00edsica, Rua Coronel Pedro Targino, 1100, Centro, Araruna-PB, 58233-000.[\/vc_column_text][\/vc_tta_section][vc_tta_section <a class=\"leiamais\" href=\"https:\/\/eventos.uepb.edu.br\/congressouniversitario\/i-mostra-da-licenciatura-em-fisica-do-ccts-imlf-ccts\/\">Leia Mais&#8230;<\/a><\/p>\n","protected":false},"author":6,"featured_media":0,"parent":0,"menu_order":0,"comment_status":"closed","ping_status":"closed","template":"","meta":{"footnotes":""},"class_list":["post-1838","page","type-page","status-publish","hentry"],"_links":{"self":[{"href":"https:\/\/eventos.uepb.edu.br\/congressouniversitario\/wp-json\/wp\/v2\/pages\/1838","targetHints":{"allow":["GET"]}}],"collection":[{"href":"https:\/\/eventos.uepb.edu.br\/congressouniversitario\/wp-json\/wp\/v2\/pages"}],"about":[{"href":"https:\/\/eventos.uepb.edu.br\/congressouniversitario\/wp-json\/wp\/v2\/types\/page"}],"author":[{"embeddable":true,"href":"https:\/\/eventos.uepb.edu.br\/congressouniversitario\/wp-json\/wp\/v2\/users\/6"}],"replies":[{"embeddable":true,"href":"https:\/\/eventos.uepb.edu.br\/congressouniversitario\/wp-json\/wp\/v2\/comments?post=1838"}],"version-history":[{"count":7,"href":"https:\/\/eventos.uepb.edu.br\/congressouniversitario\/wp-json\/wp\/v2\/pages\/1838\/revisions"}],"predecessor-version":[{"id":2107,"href":"https:\/\/eventos.uepb.edu.br\/congressouniversitario\/wp-json\/wp\/v2\/pages\/1838\/revisions\/2107"}],"wp:attachment":[{"href":"https:\/\/eventos.uepb.edu.br\/congressouniversitario\/wp-json\/wp\/v2\/media?parent=1838"}],"curies":[{"name":"wp","href":"https:\/\/api.w.org\/{rel}","templated":true}]}}