{"id":1325,"date":"2024-08-23T10:41:58","date_gmt":"2024-08-23T13:41:58","guid":{"rendered":"https:\/\/eventos.uepb.edu.br\/congressouniversitario\/?page_id=1325"},"modified":"2024-10-15T15:28:11","modified_gmt":"2024-10-15T18:28:11","slug":"i-simposio-de-odontologia-hospitalar-do-curimatau-paraibano","status":"publish","type":"page","link":"https:\/\/eventos.uepb.edu.br\/congressouniversitario\/i-simposio-de-odontologia-hospitalar-do-curimatau-paraibano\/","title":{"rendered":"I SIMP\u00d3SIO DE ODONTOLOGIA HOSPITALAR DO CURIMATA\u00da PARAIBANO"},"content":{"rendered":"<div class=\"wpb-content-wrapper\"><p>[vc_row][vc_column][vc_tta_tour][vc_tta_section title=&#8221;Apresenta\u00e7\u00e3o&#8221; tab_id=&#8221;1723051350484-74ca6583-f13f&#8221;][vc_column_text css=&#8221;&#8221;]<img loading=\"lazy\" decoding=\"async\" class=\"alignleft size-medium wp-image-1607 img-responsive\" src=\"https:\/\/eventos.uepb.edu.br\/congressouniversitario\/wp-content\/uploads\/sites\/7\/2024\/09\/Marca-do-Simposio-de-Odontologia-Hospitalar-Erick-Tassio-Barbosa-Neves-300x92.png\" alt=\"\" width=\"300\" height=\"92\" srcset=\"https:\/\/eventos.uepb.edu.br\/congressouniversitario\/wp-content\/uploads\/sites\/7\/2024\/09\/Marca-do-Simposio-de-Odontologia-Hospitalar-Erick-Tassio-Barbosa-Neves-300x92.png 300w, https:\/\/eventos.uepb.edu.br\/congressouniversitario\/wp-content\/uploads\/sites\/7\/2024\/09\/Marca-do-Simposio-de-Odontologia-Hospitalar-Erick-Tassio-Barbosa-Neves-1536x472.png 1536w, https:\/\/eventos.uepb.edu.br\/congressouniversitario\/wp-content\/uploads\/sites\/7\/2024\/09\/Marca-do-Simposio-de-Odontologia-Hospitalar-Erick-Tassio-Barbosa-Neves-1120x344.png 1120w, https:\/\/eventos.uepb.edu.br\/congressouniversitario\/wp-content\/uploads\/sites\/7\/2024\/09\/Marca-do-Simposio-de-Odontologia-Hospitalar-Erick-Tassio-Barbosa-Neves.png 1631w\" sizes=\"auto, (max-width: 300px) 100vw, 300px\" \/><\/p>\n<p>&nbsp;<\/p>\n<p>&nbsp;<\/p>\n<p>&nbsp;<\/p>\n<p>&nbsp;<\/p>\n<p>&nbsp;<\/p>\n<p><strong>Tem\u00e1tica:<\/strong> Odontologia Hospitalar<\/p>\n<p>O primeiro Simp\u00f3sio de Odontologia Hospitalar do Curimata\u00fa Paraibano ser\u00e1 um evento com alto impacto que abordar\u00e1 tanto os aspectos pr\u00e1ticos quanto te\u00f3ricos desta especialidade rec\u00e9m-reconhecida pelo CFO. A import\u00e2ncia do cuidado odontol\u00f3gico em ambiente hospitalar \u00e9 ineg\u00e1vel, pois ele desempenha um papel crucial na redu\u00e7\u00e3o da mortalidade e na melhoria da qualidade de vida dos pacientes internados. Ao promover um atendimento especializado e focado na sa\u00fade bucal, \u00e9 poss\u00edvel diagnosticar e tratar condi\u00e7\u00f5es que podem piorar o estado de sa\u00fade geral do paciente, contribuindo assim para uma recupera\u00e7\u00e3o mais eficiente e uma melhor qualidade de vida relacionada \u00e0 sa\u00fade bucal.<br \/>\nA Odontologia Hospitalar \u00e9 uma especialidade fundamental que se concentra na sa\u00fade bucal de pacientes em ambientes hospitalares, oferecendo atendimentos especializados e complexos durante a interna\u00e7\u00e3o. Essa especialidade, apesar de sua relev\u00e2ncia crescente para a pr\u00e1tica cl\u00ednica, foi formalmente reconhecida pelo Conselho Federal de Odontologia (CFO) somente em 2023. O papel do profissional de Odontologia Hospitalar \u00e9 essencial para a gest\u00e3o de doen\u00e7as periodontais, c\u00e1ries e infec\u00e7\u00f5es orais que podem ocorrer em pacientes hospitalizados. Estes profissionais s\u00e3o respons\u00e1veis por realizar diagn\u00f3sticos precisos, exames detalhados e tratamentos adequados, ajustados \u00e0s necessidades espec\u00edficas do ambiente hospitalar.<br \/>\nA principal fun\u00e7\u00e3o da Odontologia Hospitalar \u00e9 a preven\u00e7\u00e3o de problemas bucais, o que \u00e9 crucial para a redu\u00e7\u00e3o do risco de infec\u00e7\u00f5es orais e para a melhora geral da qualidade de vida dos pacientes durante o per\u00edodo de interna\u00e7\u00e3o. A presen\u00e7a de uma equipe especializada pode ajudar a evitar complica\u00e7\u00f5es associadas a condi\u00e7\u00f5es bucais, que muitas vezes podem agravar o quadro cl\u00ednico do paciente e impactar negativamente sua recupera\u00e7\u00e3o.<\/p>\n<p><strong>Formato:<\/strong> Presencial<\/p>\n<p><strong>P\u00fablico-alvo:<\/strong> Docentes e discentes do curso de Odontologia da UEPB ou de outras institui\u00e7\u00f5es de ensino.<\/p>\n<p><strong>Local:<\/strong> Audit\u00f3rio do campus VIII da UEPB &#8211; Araruna PB.[\/vc_column_text][\/vc_tta_section][vc_tta_section title=&#8221;Comiss\u00e3o Organizadora&#8221; tab_id=&#8221;1723051372044-4de7e0c8-ac23&#8243;][vc_column_text css=&#8221;&#8221;]<strong>Coordenador:<\/strong><\/p>\n<p>\u00c9rick T\u00e1ssio Barbosa Neves, docente, UEPB, Campus VIII, Curso de Odontologia.<\/p>\n<p>Organizadores(as): S\u00e9rgio Henrique Gon\u00e7alves de Carvalho, docente, UEPB, Campus VIII, Curso de Odontologia;<br \/>\nPierre Andrade Pereira de Oliveira, docente, Campus VIII, Curso de Odontologia;<br \/>\nGustavo Gomes Agripino, docente, UEPB, Campus VIII, Curso de Odontologia;<br \/>\nErnani Canuto Figueiredo J\u00fanior, docente, UEPB, Campus VIII, Curso de Odontologia;<br \/>\nRobeci Alves Macedo Filho, docente, UEPB, Campus VIII, Curso de Odontologia;<br \/>\nJ\u00falia Quintela Brand\u00e3o de Gusm\u00e3o, docente, UEPB, Campus VIII, Curso de Odontologia.[\/vc_column_text][\/vc_tta_section][vc_tta_section title=&#8221;Programa\u00e7\u00e3o&#8221; tab_id=&#8221;1723051406819-7e54b22e-71d5&#8243;][vc_column_text css=&#8221;&#8221;]<b><span style=\"font-family: Times New Roman, serif\">07\/11\/2024<\/span><\/b><\/p>\n<p>&nbsp;<\/p>\n<p><b><span style=\"font-family: Times New Roman, serif\">Palestra<\/span><span style=\"font-family: Times New Roman, serif\">: Cen\u00e1rio atual e mercado de trabalho em Odontologia hospitalar<\/span><\/b><\/p>\n<p><span style=\"font-family: Times New Roman, serif\">Hora de in\u00edcio da atividade: 08:00 <\/span><\/p>\n<p><span style=\"font-family: Times New Roman, serif\">Hora de fim da atividade: 09:00 <\/span><\/p>\n<p><span style=\"font-family: Times New Roman, serif\">Carga Hor\u00e1ria: 1 hora<\/span><\/p>\n<p><span style=\"font-family: Times New Roman, serif\">Limite de inscri\u00e7\u00f5es: 100 vagas <\/span><\/p>\n<p>&nbsp;<\/p>\n<p><span style=\"color: #000000\"><span style=\"font-family: Times New Roman, serif\"><b>Palestra<\/b><\/span><\/span><span style=\"color: #000000\"><span style=\"font-family: Times New Roman, serif\"><b>: Os benef\u00edcios da fotobiomodula\u00e7\u00e3o e terapia fotodin\u00e2mica antimicrobiana nas complica\u00e7\u00f5es do tratamento oncol\u00f3gico<\/b><\/span><\/span><\/p>\n<p><span style=\"color: #000000\"><span style=\"font-family: Times New Roman, serif\">Hora de in\u00edcio da atividade: 09:00 <\/span><\/span><\/p>\n<p><span style=\"color: #000000\"><span style=\"font-family: Times New Roman, serif\">Hora de fim da atividade: 10:00 <\/span><\/span><\/p>\n<p><span style=\"color: #000000\"><span style=\"font-family: Times New Roman, serif\">Carga Hor\u00e1ria: 1 hora<\/span><\/span><\/p>\n<p><span style=\"color: #000000\"><span style=\"font-family: Times New Roman, serif\">Limite de inscri\u00e7\u00f5es: 100 vagas <\/span><\/span><\/p>\n<p>&nbsp;<\/p>\n<p><b><span style=\"color: #000000\"><span style=\"font-family: Times New Roman, serif\">Mesa Redonda: Odontologia hospitalar: perspectivas da especialidade e atua\u00e7\u00e3o profissional<\/span><\/span><\/b><\/p>\n<p><span style=\"color: #000000\"><span style=\"font-family: Times New Roman, serif\">Hora de in\u00edcio da atividade: 10:00 <\/span><\/span><\/p>\n<p><span style=\"color: #000000\"><span style=\"font-family: Times New Roman, serif\">Hora de fim da atividade: 12:00 <\/span><\/span><\/p>\n<p><span style=\"color: #000000\"><span style=\"font-family: Times New Roman, serif\">Carga Hor\u00e1ria: 2 horas<\/span><\/span><\/p>\n<p><span style=\"color: #000000\"><span style=\"font-family: Times New Roman, serif\">Limite de inscri\u00e7\u00f5es: 100 vagas <\/span><\/span><\/p>\n<p>&nbsp;<\/p>\n<p><b><span style=\"color: #000000\"><span style=\"font-family: Times New Roman, serif\">Palestra<\/span><\/span><span style=\"color: #000000\"><span style=\"font-family: Times New Roman, serif\">: Abordagens atuais na Odontologia hospitalar para reduzir a morbidade e mortalidade dos pacientes internados em UTI&#8217;s.<\/span><\/span><\/b><\/p>\n<p><span style=\"color: #000000\"><span style=\"font-family: Times New Roman, serif\">Hora de in\u00edcio da atividade: 13:00 <\/span><\/span><\/p>\n<p><span style=\"color: #000000\"><span style=\"font-family: Times New Roman, serif\">Hora de fim da atividade: 14:00 <\/span><\/span><\/p>\n<p><span style=\"color: #000000\"><span style=\"font-family: Times New Roman, serif\">Carga Hor\u00e1ria: 1 hora<\/span><\/span><\/p>\n<p><span style=\"color: #000000\"><span style=\"font-family: Times New Roman, serif\">Limite de inscri\u00e7\u00f5es: 100 vagas <\/span><\/span><\/p>\n<p>&nbsp;<\/p>\n<p><b><span style=\"color: #000000\"><span style=\"font-family: Times New Roman, serif\">Palestra<\/span><\/span><span style=\"color: #000000\"><span style=\"font-family: Times New Roman, serif\">: Odontologia hospitalar para pacientes em tratamento contra o c\u00e2ncer: um relato de experi\u00eancia exitosa <\/span><\/span><\/b><\/p>\n<p><span style=\"color: #000000\"><span style=\"font-family: Times New Roman, serif\">Hora de in\u00edcio da atividade: 14:00 <\/span><\/span><\/p>\n<p><span style=\"color: #000000\"><span style=\"font-family: Times New Roman, serif\">Hora de fim da atividade: 15:00 <\/span><\/span><\/p>\n<p><span style=\"color: #000000\"><span style=\"font-family: Times New Roman, serif\">Carga Hor\u00e1ria: 1 hora<\/span><\/span><\/p>\n<p><span style=\"color: #000000\"><span style=\"font-family: Times New Roman, serif\">Limite de inscri\u00e7\u00f5es: 100 vagas <\/span><\/span><\/p>\n<p>&nbsp;<\/p>\n<p><b><span style=\"color: #000000\"><span style=\"font-family: Times New Roman, serif\">Mesa Redonda: Odontologia hospitalar e seu impacto na qualidade de vida dos pacientes<\/span><\/span><\/b><\/p>\n<p><span style=\"color: #000000\"><span style=\"font-family: Times New Roman, serif\">Hora de in\u00edcio da atividade: 15:00 <\/span><\/span><\/p>\n<p><span style=\"color: #000000\"><span style=\"font-family: Times New Roman, serif\">Hora de fim da atividade: 17:00 <\/span><\/span><\/p>\n<p><span style=\"color: #000000\"><span style=\"font-family: Times New Roman, serif\">Carga Hor\u00e1ria: 2 horas<\/span><\/span><\/p>\n<p><span style=\"color: #000000\"><span style=\"font-family: Times New Roman, serif\">Limite de inscri\u00e7\u00f5es: 100 vagas <\/span><\/span>[\/vc_column_text][\/vc_tta_section][vc_tta_section title=&#8221;Inscri\u00e7\u00f5es e Credenciamento&#8221; tab_id=&#8221;1723056810590-d369a7e8-5186&#8243;][vc_column_text css=&#8221;&#8221;]<\/p>\n<p class=\"western\" align=\"justify\"><span style=\"color: #2a6099\"><span style=\"font-family: Arial, serif\"><span style=\"font-size: small\">Normas para Inscri\u00e7\u00e3o e Credenciamento<\/span><\/span><\/span><\/p>\n<p class=\"western\" align=\"justify\"><span style=\"font-family: Arial, serif\"><span style=\"font-size: small\">Prazo para inscri\u00e7\u00e3o \u2013 at\u00e9 <\/span><\/span><span style=\"font-family: Arial, serif\"><span style=\"font-size: small\"><b>15 DE OUTUBRO DE 2024<\/b><\/span><\/span><\/p>\n<p class=\"western\" align=\"justify\"><span style=\"font-family: Arial, serif\"><span style=\"font-size: small\"><b>ATEN\u00c7\u00c3O:<\/b><\/span><\/span><span style=\"font-family: Arial, serif\"><span style=\"font-size: small\"> n\u00e3o haver\u00e1 inscri\u00e7\u00f5es ap\u00f3s essa data e o credenciamento s\u00f3 ser\u00e1 realizado para os inscritos.<\/span><\/span><\/p>\n<p class=\"western\" align=\"justify\"><span style=\"font-family: Arial, serif\"><span style=\"font-size: small\">Siga as normas, inscreva-se e participe conosco!<\/span><\/span><\/p>\n<p class=\"western\" align=\"justify\"><span style=\"color: #2a6099\"><span style=\"font-family: Arial, serif\"><span style=\"font-size: small\">Regras gerais sobre as inscri\u00e7\u00f5es<\/span><\/span><\/span><\/p>\n<p class=\"western\" align=\"justify\"><span style=\"font-family: Arial, serif\"><span style=\"font-size: small\">Todos(as) os(as) participantes dever\u00e3o realizar inscri\u00e7\u00f5es no <strong>I SIMP\u00d3SIO DE ODONTOLOGIA HOSPITALAR DO CURIMATA\u00da PARAIBANO.<\/strong><\/span><\/span><\/p>\n<p class=\"western\" align=\"justify\"><span style=\"font-family: Arial, serif\"><span style=\"font-size: small\">As inscri\u00e7\u00f5es dever\u00e3o ser efetuadas por meio do preenchimento do formul\u00e1rio on-line, observando-se os prazos estabelecidos para cada modalidade de inscri\u00e7\u00e3o.<\/span><\/span><\/p>\n<p class=\"western\" align=\"justify\"><span style=\"font-family: Arial, serif\"><span style=\"font-size: small\">No item \u201cPerfil\u201d, escolha uma das op\u00e7\u00f5es segundo o seu v\u00ednculo com a UEPB:<\/span><\/span><\/p>\n<p class=\"western\" align=\"justify\">\u2022 <span style=\"font-family: Arial, serif\"><span style=\"font-size: small\">SERVIDOR (docente ou t\u00e9cnico administrativo);<\/span><\/span><\/p>\n<p class=\"western\" align=\"justify\">\u2022 <span style=\"font-family: Arial, serif\"><span style=\"font-size: small\">ALUNO (gradua\u00e7\u00e3o ou p\u00f3s).<\/span><\/span><\/p>\n<p class=\"western\" align=\"justify\">\u2022 <span style=\"font-family: Arial, serif\"><span style=\"font-size: small\">P\u00daBLICO EXTERNO \u2013 refere-se a toda e qualquer pessoa <\/span><\/span><span style=\"font-family: Arial, serif\"><span style=\"font-size: small\"><b>sem v\u00ednculo com a UEPB<\/b><\/span><\/span><span style=\"font-family: Arial, serif\"><span style=\"font-size: small\"> que deseja participar do Evento.<\/span><\/span><\/p>\n<p class=\"western\" align=\"justify\"><span style=\"font-family: Arial, serif\"><span style=\"font-size: small\">Para a finaliza\u00e7\u00e3o da inscri\u00e7\u00e3o, faz-se necess\u00e1rio optar por pelo menos uma atividade (MINICURSOS OU OFICINAS).<\/span><\/span><\/p>\n<p class=\"western\" align=\"justify\"><span style=\"font-family: Arial, serif\"><span style=\"font-size: small\">Caso <\/span><\/span><span style=\"font-family: Arial, serif\"><span style=\"font-size: small\"><b>N\u00c3O DESEJE <\/b><\/span><\/span><span style=\"font-family: Arial, serif\"><span style=\"font-size: small\">participar de nenhuma atividade (minicursos ou oficinas) escolher a op\u00e7\u00e3o MINICURSO: N\u00c3O DESEJO PARTICIPAR DE NENHUMA ATIVIDADE (MINICURSO E\/OU OFICINA) QUERO PARTICIPAR COM OUVINTE DO <strong>I SIMP\u00d3SIO DE ODONTOLOGIA HOSPITALAR DO CURIMATA\u00da PARAIBANO<\/strong>.<\/span><\/span><\/p>\n<p class=\"western\" align=\"justify\"><span style=\"font-family: Arial, serif\"><span style=\"font-size: small\"><b>OBS:<\/b><\/span><\/span><span style=\"font-family: Arial, serif\"><span style=\"font-size: small\"> Depois de escolhidas as atividades (minicursos e\/ou oficinas), e finalizada a inscri\u00e7\u00e3o, n\u00e3o ser\u00e1 poss\u00edvel acrescentar nem trocar de atividade, portanto, al\u00e9m do formato, observe dias e hor\u00e1rios dispon\u00edveis.<\/span><\/span><\/p>\n<p class=\"western\" align=\"justify\"><span style=\"font-family: Arial, serif\"><span style=\"font-size: small\">Na aba \u201cPrograma\u00e7\u00e3o\u201d ser\u00e3o disponibilizadas a localiza\u00e7\u00e3o das atividades presenciais.<\/span><\/span><\/p>\n<p class=\"western\" align=\"justify\"><span style=\"font-family: Arial, serif\"><span style=\"font-size: small\"><b>Minicursos e Oficinas<\/b><\/span><\/span><\/p>\n<p class=\"western\" align=\"justify\"><span style=\"font-family: Arial, serif\"><span style=\"font-size: small\">Os minicursos e oficinas possuem vagas limitadas disponibilizadas no sistema e s\u00f3 poder\u00e3o participar os que optarem pela atividade no momento da inscri\u00e7\u00e3o.<\/span><\/span><\/p>\n<p class=\"western\" align=\"justify\"><span style=\"font-family: Arial, serif\"><span style=\"font-size: small\">S\u00f3 poder\u00e1 participar dos minicursos e oficinas quem realizar inscri\u00e7\u00e3o pr\u00e9via nos mesmos.<\/span><\/span><\/p>\n<p class=\"western\" align=\"justify\"><span style=\"font-family: Arial, serif\"><span style=\"font-size: small\"><b>Credenciamento<\/b><\/span><\/span><\/p>\n<p class=\"western\" align=\"justify\"><span style=\"font-family: Arial, serif\"><span style=\"font-size: small\">O credenciamento s\u00f3 ser\u00e1 efetuado com a apresenta\u00e7\u00e3o de um documento oficial com foto (RG, CNH ou documento oficial expedido por \u00f3rg\u00e3os federais).<\/span><\/span><\/p>\n<p class=\"western\" align=\"justify\"><span style=\"font-family: Arial, serif\"><span style=\"font-size: small\">N\u00e3o ser\u00e1 permitido o credenciamento por terceiros, exceto atrav\u00e9s de procura\u00e7\u00e3o. A entrega do material do evento ser\u00e1 realizada apenas ao participante presente ou ao seu procurador.<\/span><\/span><\/p>\n<p class=\"western\" align=\"justify\"><span style=\"font-family: Arial, serif\"><span style=\"font-size: small\">O credenciamento (entrega do material \u2013 pasta, crach\u00e1, bloco e caneta) ocorrer\u00e1 no local do evento;<\/span><\/span><\/p>\n<p class=\"western\" align=\"justify\"><span style=\"font-family: Arial, serif\"><span style=\"font-size: small\">Haver\u00e1 lista de presen\u00e7a em todas as atividades.<\/span><\/span><\/p>\n<p class=\"western\" align=\"justify\"><span style=\"font-family: Arial, serif;color: #0000ff\"><span style=\"font-size: small\"><b>Fa\u00e7a Sua Inscri\u00e7\u00e3o<\/b><\/span><\/span><\/p>\n<p class=\"western\" align=\"justify\"><span style=\"font-family: Arial, serif\"><span style=\"font-size: small\">Acesse o link: <a href=\"https:\/\/suap.uepb.edu.br\/eventos\/inscricao\/43\/\">https:\/\/suap.uepb.edu.br\/eventos\/inscricao\/43\/<\/a><\/span><\/span><\/p>\n<p>[\/vc_column_text][\/vc_tta_section][vc_tta_section title=&#8221;Certificados&#8221; tab_id=&#8221;1723056893961-23202c5a-7142&#8243;][vc_column_text css=&#8221;&#8221;]<\/p>\n<ul>\n<li>\n<p class=\"western\" align=\"justify\"><span style=\"font-family: Arial, serif\"><span style=\"font-size: small\">Informamos aos participantes do <strong>I SIMP\u00d3SIO DE ODONTOLOGIA HOSPITALAR DO CURIMATA\u00da PARAIBANO<\/strong><\/span><\/span><span style=\"font-family: Arial, serif\"><span style=\"font-size: small\">\u00a0que\u00a0os certificados ser\u00e3o enviados para o e-mail dos inscritos que estiveram presentes no evento, favor buscar, na caixa de entrada ou no SPAM, pelo assunto: [SUAP] Certificado de Participa\u00e7\u00e3o;<\/span><\/span><\/p>\n<\/li>\n<li>\n<p class=\"western\" align=\"justify\"><span style=\"font-family: Arial, serif\"><span style=\"font-size: small\">O certificado de Participa\u00e7\u00e3o no <strong>I SIMP\u00d3SIO DE ODONTOLOGIA HOSPITALAR DO CURIMATA\u00da PARAIBANO<\/strong><\/span><\/span><span style=\"font-family: Arial, serif\"><span style=\"font-size: small\">\u00a0ser\u00e1 emitido com <strong>10 horas<\/strong> para todos os participantes inscritos e que assinaram as listas de presen\u00e7a;<\/span><\/span><\/p>\n<\/li>\n<li>\n<p class=\"western\" align=\"justify\"><span style=\"font-family: Arial, serif\"><span style=\"font-size: small\">Os certificados de\u00a0participa\u00e7\u00e3o em <\/span><\/span><span style=\"color: #000000\"><span style=\"font-family: Arial, serif\"><span style=\"font-size: small\">Minicurso e Oficina<\/span><\/span><\/span><span style=\"font-family: Arial, serif\"><span style=\"font-size: small\"><span style=\"color: #000000\">\u00a0ser\u00e3o emit<\/span>idos com a carga hor\u00e1ria conforme a atividade desenvolvida, desde que tenha sido constatada a inscri\u00e7\u00e3o e presen\u00e7a, mediante assinatura das listas;<\/span><\/span><\/p>\n<\/li>\n<li>\n<p class=\"western\" align=\"justify\"><span style=\"font-family: Arial, serif\"><span style=\"font-size: small\">Os certificados de Ministrantes de atividades ser\u00e3o enviados para o e-mail informado no ato da inscri\u00e7\u00e3o.<\/span><\/span><\/p>\n<\/li>\n<\/ul>\n<p>[\/vc_column_text][\/vc_tta_section][\/vc_tta_tour][\/vc_column][\/vc_row]<\/p>\n<\/div>","protected":false},"excerpt":{"rendered":"<p>[vc_row][vc_column][vc_tta_tour][vc_tta_section title=&#8221;Apresenta\u00e7\u00e3o&#8221; tab_id=&#8221;1723051350484-74ca6583-f13f&#8221;][vc_column_text css=&#8221;&#8221;] &nbsp; &nbsp; &nbsp; &nbsp; &nbsp; Tem\u00e1tica: Odontologia Hospitalar O primeiro Simp\u00f3sio de Odontologia Hospitalar do Curimata\u00fa Paraibano ser\u00e1 um evento com alto impacto que abordar\u00e1 tanto os aspectos pr\u00e1ticos quanto te\u00f3ricos desta especialidade rec\u00e9m-reconhecida pelo CFO. A import\u00e2ncia do cuidado odontol\u00f3gico em ambiente hospitalar \u00e9 ineg\u00e1vel, pois ele desempenha um papel <a class=\"leiamais\" href=\"https:\/\/eventos.uepb.edu.br\/congressouniversitario\/i-simposio-de-odontologia-hospitalar-do-curimatau-paraibano\/\">Leia Mais&#8230;<\/a><\/p>\n","protected":false},"author":4,"featured_media":0,"parent":0,"menu_order":0,"comment_status":"closed","ping_status":"closed","template":"","meta":{"footnotes":""},"class_list":["post-1325","page","type-page","status-publish","hentry"],"_links":{"self":[{"href":"https:\/\/eventos.uepb.edu.br\/congressouniversitario\/wp-json\/wp\/v2\/pages\/1325","targetHints":{"allow":["GET"]}}],"collection":[{"href":"https:\/\/eventos.uepb.edu.br\/congressouniversitario\/wp-json\/wp\/v2\/pages"}],"about":[{"href":"https:\/\/eventos.uepb.edu.br\/congressouniversitario\/wp-json\/wp\/v2\/types\/page"}],"author":[{"embeddable":true,"href":"https:\/\/eventos.uepb.edu.br\/congressouniversitario\/wp-json\/wp\/v2\/users\/4"}],"replies":[{"embeddable":true,"href":"https:\/\/eventos.uepb.edu.br\/congressouniversitario\/wp-json\/wp\/v2\/comments?post=1325"}],"version-history":[{"count":15,"href":"https:\/\/eventos.uepb.edu.br\/congressouniversitario\/wp-json\/wp\/v2\/pages\/1325\/revisions"}],"predecessor-version":[{"id":2091,"href":"https:\/\/eventos.uepb.edu.br\/congressouniversitario\/wp-json\/wp\/v2\/pages\/1325\/revisions\/2091"}],"wp:attachment":[{"href":"https:\/\/eventos.uepb.edu.br\/congressouniversitario\/wp-json\/wp\/v2\/media?parent=1325"}],"curies":[{"name":"wp","href":"https:\/\/api.w.org\/{rel}","templated":true}]}}