{"id":1323,"date":"2024-08-23T10:41:42","date_gmt":"2024-08-23T13:41:42","guid":{"rendered":"https:\/\/eventos.uepb.edu.br\/congressouniversitario\/?page_id=1323"},"modified":"2024-10-15T14:27:45","modified_gmt":"2024-10-15T17:27:45","slug":"viii-expocivil","status":"publish","type":"page","link":"https:\/\/eventos.uepb.edu.br\/congressouniversitario\/viii-expocivil\/","title":{"rendered":"VIII EXPOCivil"},"content":{"rendered":"<div class=\"wpb-content-wrapper\"><p>[vc_row][vc_column][vc_tta_tour][vc_tta_section title=&#8221;Apresenta\u00e7\u00e3o&#8221; tab_id=&#8221;1723051350484-74ca6583-f13f&#8221;][vc_column_text css=&#8221;&#8221;]<img loading=\"lazy\" decoding=\"async\" class=\"alignleft size-medium wp-image-1718 img-responsive\" src=\"https:\/\/eventos.uepb.edu.br\/congressouniversitario\/wp-content\/uploads\/sites\/7\/2024\/09\/Logo-1-Expo-Civil-Lays-Raianne-Azevedo-da-Costa-300x206.png\" alt=\"\" width=\"300\" height=\"206\" srcset=\"https:\/\/eventos.uepb.edu.br\/congressouniversitario\/wp-content\/uploads\/sites\/7\/2024\/09\/Logo-1-Expo-Civil-Lays-Raianne-Azevedo-da-Costa-300x206.png 300w, https:\/\/eventos.uepb.edu.br\/congressouniversitario\/wp-content\/uploads\/sites\/7\/2024\/09\/Logo-1-Expo-Civil-Lays-Raianne-Azevedo-da-Costa-1536x1057.png 1536w, https:\/\/eventos.uepb.edu.br\/congressouniversitario\/wp-content\/uploads\/sites\/7\/2024\/09\/Logo-1-Expo-Civil-Lays-Raianne-Azevedo-da-Costa-1120x771.png 1120w, https:\/\/eventos.uepb.edu.br\/congressouniversitario\/wp-content\/uploads\/sites\/7\/2024\/09\/Logo-1-Expo-Civil-Lays-Raianne-Azevedo-da-Costa.png 1785w\" sizes=\"auto, (max-width: 300px) 100vw, 300px\" \/><\/p>\n<p>&nbsp;<\/p>\n<p>&nbsp;<\/p>\n<p>&nbsp;<\/p>\n<p>&nbsp;<\/p>\n<p>&nbsp;<\/p>\n<p>&nbsp;<\/p>\n<p>&nbsp;<\/p>\n<p><strong>Tem\u00e1tica: <\/strong>Estruturando o conhecimento com inova\u00e7\u00f5es sustent\u00e1veis, que transformam a realidade e sustentam o amanh\u00e3<\/p>\n<p>A ExpoCivil tem por finalidade garantir a exposi\u00e7\u00e3o de novos conhecimentos para os alunos de engenharia civil de diversas institui\u00e7\u00f5es de ensino, na forma de palestras e minicursos. Pretende-se, desta forma, levar aos alunos conhecimentos que estejam voltados ao mercado de trabalho, com o objetivo de tornar o aprendizado mais pr\u00f3ximo de sua aplicabilidade, contribuindo para a forma\u00e7\u00e3o profissional dos participantes do evento.<\/p>\n<p><strong>\u00a0Formato: <\/strong>Presencial<\/p>\n<p><strong>Local:<\/strong> Audit\u00f3rio do CCTS &#8211; Campus VIII &#8211; Araruna[\/vc_column_text][\/vc_tta_section][vc_tta_section title=&#8221;Comiss\u00e3o Organizadora&#8221; tab_id=&#8221;1723051372044-4de7e0c8-ac23&#8243;][vc_column_text css=&#8221;&#8221;]<strong>Coordena\u00e7\u00e3o e Organiza\u00e7\u00e3o<\/strong><\/p>\n<p><strong>Coordenador:<\/strong> Prof. Dr. Alan Barbosa Cavalcanti, C\u00e2mpus VIII, Coordena\u00e7\u00e3o de engenharia civil (CCTS);<\/p>\n<p>&nbsp;<\/p>\n<p><strong>Organizadores (docentes):<\/strong><\/p>\n<p>1.Profa. Dra. Maria Adriana de Freitas Magero Ribeiro (docente), C\u00e2mpus VIII, Coordena\u00e7\u00e3o de engenharia civil (CCTS);<\/p>\n<p>2.Prof. Dr. Raimundo Leidimar Bezerra (Docente), C\u00e2mpus VIII, Coordena\u00e7\u00e3o de engenharia civil (CCTS);<\/p>\n<p>3.Prof. Dr. Igor Souza Ogata (Docente), C\u00e2mpus VIII, Coordena\u00e7\u00e3o de engenharia civil (CCTS);<\/p>\n<p>4.Profa. Dra. Maria Das Vit\u00f3rias do Nascimento, C\u00e2mpus VIII, Coordena\u00e7\u00e3o de engenharia civil (CCTS);<\/p>\n<p>5.Profa. Lays Raianne Azevedo da Costa, C\u00e2mpus VIII, Coordena\u00e7\u00e3o de engenharia civil (CCTS);<\/p>\n<p>6.Prof. Dr. Leonardo Medeiros da Costa, C\u00e2mpus VIII, Coordena\u00e7\u00e3o de engenharia civil (CCTS);<\/p>\n<p>7.Profa. Dra. Luana Varela Miranda, C\u00e2mpus VIII, Coordena\u00e7\u00e3o de engenharia civil (CCTS);<\/p>\n<p>&nbsp;<\/p>\n<p><strong>Organizadores (alunos):<\/strong><\/p>\n<ol>\n<li>Maria Eduarda Araujo de Carvalho, C\u00e2mpus VIII, Coordena\u00e7\u00e3o de engenharia civil (CCTS);<\/li>\n<li>Eduarda Bernardo Freire, C\u00e2mpus VIII, Coordena\u00e7\u00e3o de engenharia civil (CCTS);<\/li>\n<li>Johan Manoel da Silva Leite, C\u00e2mpus VIII, Coordena\u00e7\u00e3o de engenharia civil (CCTS);<\/li>\n<li>Fl\u00e1vio M\u00fcller Borghezan Filho, C\u00e2mpus VIII, Coordena\u00e7\u00e3o de engenharia civil (CCTS).<\/li>\n<\/ol>\n<p>[\/vc_column_text][\/vc_tta_section][vc_tta_section title=&#8221;Programa\u00e7\u00e3o&#8221; tab_id=&#8221;1723051406819-7e54b22e-71d5&#8243;][vc_column_text css=&#8221;&#8221;]<\/p>\n<p class=\"western\" align=\"justify\"><span style=\"color: #0000ff\"><b>04\/11\/2024<\/b><\/span><\/p>\n<p class=\"western\" align=\"justify\"><span style=\"font-family: Arial, serif\"><span style=\"font-size: small\"><b>Abertura<\/b><\/span><\/span><\/p>\n<p class=\"western\" align=\"justify\"><span style=\"font-family: Arial, serif\"><span style=\"font-size: small\">Hora de in\u00edcio da atividade: 14h<\/span><\/span><\/p>\n<p class=\"western\" align=\"justify\"><span style=\"font-family: Arial, serif\"><span style=\"font-size: small\">Hora de fim da atividade: 14:15h<\/span><\/span><\/p>\n<p class=\"western\" align=\"justify\"><span style=\"font-family: Arial, serif\"><span style=\"font-size: small\">Local: Audit\u00f3rio do CCTS, Campus VIII \u2013 Araruna.<\/span><\/span><\/p>\n<p class=\"western\" align=\"justify\"><span style=\"font-family: Arial, serif\"><span style=\"font-size: small\"><b>Palestra 01: Ferramentas do Sistema do CREA (Palestrante: CREA Jr.\/ CREA-PB)<\/b><\/span><\/span><\/p>\n<p class=\"western\" align=\"justify\"><span style=\"font-family: Arial, serif\"><span style=\"font-size: small\">Hora de in\u00edcio da atividade: 14:15h<\/span><\/span><\/p>\n<p class=\"western\" align=\"justify\"><span style=\"font-family: Arial, serif\"><span style=\"font-size: small\">Hora de fim da atividade: 15:45h<\/span><\/span><\/p>\n<p class=\"western\" align=\"justify\"><span style=\"font-family: Arial, serif\"><span style=\"font-size: small\">Local: Audit\u00f3rio do CCTS, Campus VIII \u2013 Araruna.<\/span><\/span><\/p>\n<p class=\"western\" align=\"justify\"><span style=\"font-family: Arial, serif\"><span style=\"font-size: small\"><b>Palestra 02: Seguran\u00e7a contra inc\u00eandio em edifica\u00e7\u00f5es e \u00e1reas de risco <\/b><\/span><\/span><\/p>\n<p class=\"western\" align=\"justify\"><span style=\"font-family: Arial, serif\"><span style=\"font-size: small\">Palestrante: Major do CBMPB Diego de Souza Martins<\/span><\/span><\/p>\n<p class=\"western\" align=\"justify\"><span style=\"font-family: Arial, serif\"><span style=\"font-size: small\">Hora de in\u00edcio da atividade: 15:45h<\/span><\/span><\/p>\n<p class=\"western\" align=\"justify\"><span style=\"font-family: Arial, serif\"><span style=\"font-size: small\">Hora de fim da atividade: 17:15h<\/span><\/span><\/p>\n<p class=\"western\" align=\"justify\"><span style=\"font-family: Arial, serif\"><span style=\"font-size: small\">Local: Audit\u00f3rio do CCTS, Campus VIII \u2013 Araruna.<\/span><\/span><\/p>\n<p class=\"western\" align=\"justify\"><span style=\"font-family: Arial, serif;color: #0000ff\"><span style=\"font-size: small\"><b>05\/11\/2024<\/b><\/span><\/span><\/p>\n<p class=\"western\" align=\"justify\"><span style=\"font-family: Arial, serif\"><span style=\"font-size: small\"><b>Palestra 03: Gest\u00e3o de riscos na ind\u00fastria da constru\u00e7\u00e3o civil com base na NR-18 <\/b><\/span><\/span><\/p>\n<p class=\"western\" align=\"justify\"><span style=\"font-family: Arial, serif\"><span style=\"font-size: small\">Palestrante: Eng. Lauandes Marques<\/span><\/span><\/p>\n<p class=\"western\" align=\"justify\"><span style=\"font-family: Arial, serif\"><span style=\"font-size: small\">Hora de in\u00edcio da atividade: 09:00h<\/span><\/span><\/p>\n<p class=\"western\" align=\"justify\"><span style=\"font-family: Arial, serif\"><span style=\"font-size: small\">Hora de fim da atividade: 10:30h<\/span><\/span><\/p>\n<p class=\"western\" align=\"justify\"><span style=\"font-family: Arial, serif\"><span style=\"font-size: small\">Local: Audit\u00f3rio do CCTS, Campus VIII \u2013 Araruna.<\/span><\/span><\/p>\n<p class=\"western\" align=\"justify\"><span style=\"font-family: Arial, serif\"><span style=\"font-size: small\"><b>Mesa redonda 01: O empreendedorismo na forma\u00e7\u00e3o do engenheiro civil <\/b><\/span><\/span><\/p>\n<p class=\"western\" align=\"justify\"><span style=\"font-family: Arial, serif\"><span style=\"font-size: small\">Participantes: Empresas juniores da Para\u00edba e egressos da UEPB<\/span><\/span><\/p>\n<p class=\"western\" align=\"justify\"><span style=\"font-family: Arial, serif\"><span style=\"font-size: small\">Mediadora: Profa. Simone Aciole<\/span><\/span><\/p>\n<p class=\"western\" align=\"justify\"><span style=\"font-family: Arial, serif\"><span style=\"font-size: small\">Hora de in\u00edcio da atividade: 10:30h<\/span><\/span><\/p>\n<p class=\"western\" align=\"justify\"><span style=\"font-family: Arial, serif\"><span style=\"font-size: small\">Hora de fim da atividade: 12:00h<\/span><\/span><\/p>\n<p class=\"western\" align=\"justify\"><span style=\"font-family: Arial, serif\"><span style=\"font-size: small\">Local: Audit\u00f3rio do CCTS, Campus VIII \u2013 Araruna.<\/span><\/span><\/p>\n<p class=\"western\" align=\"justify\"><span style=\"font-family: Arial, serif\"><span style=\"font-size: small\"><b>Palestra 04: Panorama da inser\u00e7\u00e3o de estruturas met\u00e1licas nas obras da Para\u00edba <\/b><\/span><\/span><\/p>\n<p class=\"western\" align=\"justify\"><span style=\"font-family: Arial, serif\"><span style=\"font-size: small\">Palestrante: Eng\u00aa, Priscila Aquino<\/span><\/span><\/p>\n<p class=\"western\" align=\"justify\"><span style=\"font-family: Arial, serif\"><span style=\"font-size: small\">Hora de in\u00edcio da atividade: 14:00h<\/span><\/span><\/p>\n<p class=\"western\" align=\"justify\"><span style=\"font-family: Arial, serif\"><span style=\"font-size: small\">Hora de fim da atividade: 15:30h<\/span><\/span><\/p>\n<p class=\"western\" align=\"justify\"><span style=\"font-family: Arial, serif\"><span style=\"font-size: small\">Local: Audit\u00f3rio do CCTS, Campus VIII \u2013 Araruna.<\/span><\/span><\/p>\n<p class=\"western\" align=\"justify\"><span style=\"font-family: Arial, serif\"><span style=\"font-size: small\"><b>Minicurso 01: Revit <\/b><\/span><\/span><\/p>\n<p class=\"western\" align=\"justify\"><span style=\"font-family: Arial, serif\"><span style=\"font-size: small\">Palestrante: Eng\u00aa, Kallyanne Pereira Cardoso<\/span><\/span><\/p>\n<p class=\"western\" align=\"justify\"><span style=\"font-family: Arial, serif\"><span style=\"font-size: small\">Hora de in\u00edcio da atividade: 17:00h<\/span><\/span><\/p>\n<p class=\"western\" align=\"justify\"><span style=\"font-family: Arial, serif\"><span style=\"font-size: small\">Hora de fim da atividade: 20:00h<\/span><\/span><\/p>\n<p class=\"western\" align=\"justify\"><span style=\"font-family: Arial, serif\"><span style=\"font-size: small\">Limite de Inscri\u00e7\u00f5es (quantidade de vagas): sem limite<\/span><\/span><\/p>\n<p class=\"western\" align=\"justify\"><span style=\"font-family: Arial, serif\"><span style=\"font-size: small\">Local: Audit\u00f3rio do CCTS, Campus VIII \u2013 Araruna.<\/span><\/span><\/p>\n<p class=\"western\" align=\"justify\"><span style=\"font-family: Arial, serif\"><span style=\"font-size: small\"><b>06\/11\/2024<\/b><\/span><\/span><\/p>\n<p class=\"western\" align=\"justify\"><span style=\"font-family: Arial, serif\"><span style=\"font-size: small\"><b>Palestra 05: Cidades inteligentes e sustent\u00e1veis <\/b><\/span><\/span><\/p>\n<p class=\"western\" align=\"justify\"><span style=\"font-family: Arial, serif\"><span style=\"font-size: small\">Palestrante: Eng, MSc Andr\u00e9 Agra<\/span><\/span><\/p>\n<p class=\"western\" align=\"justify\"><span style=\"font-family: Arial, serif\"><span style=\"font-size: small\">Hora de in\u00edcio da atividade: 9:00h<\/span><\/span><\/p>\n<p class=\"western\" align=\"justify\"><span style=\"font-family: Arial, serif\"><span style=\"font-size: small\">Hora de fim da atividade: 10:30h<\/span><\/span><\/p>\n<p class=\"western\" align=\"justify\"><span style=\"font-family: Arial, serif\"><span style=\"font-size: small\">Local: Audit\u00f3rio do CCTS, Campus VIII \u2013 Araruna.<\/span><\/span><\/p>\n<p class=\"western\" align=\"justify\"><span style=\"font-family: Arial, serif\"><span style=\"font-size: small\"><b>Mesa redonda 02: A agenda ESG como ferramenta no desenvolvimento de cidades resilientes <\/b><\/span><\/span><\/p>\n<p class=\"western\" align=\"justify\"><span style=\"font-family: Arial, serif\"><span style=\"font-size: small\">Participante: Eng. MSc Andr\u00e9 Agra<\/span><\/span><\/p>\n<p class=\"western\" align=\"justify\"><span style=\"font-family: Arial, serif\"><span style=\"font-size: small\">Mediadores: Profa. Dra. Maria das Vit\u00f3rias e Prof. Dr. Igor Ogata<\/span><\/span><\/p>\n<p class=\"western\" align=\"justify\"><span style=\"font-family: Arial, serif\"><span style=\"font-size: small\">Hora de in\u00edcio da atividade: 10:30h<\/span><\/span><\/p>\n<p class=\"western\" align=\"justify\"><span style=\"font-family: Arial, serif\"><span style=\"font-size: small\">Hora de fim da atividade: 12:00h<\/span><\/span><\/p>\n<p class=\"western\" align=\"justify\"><span style=\"font-family: Arial, serif\"><span style=\"font-size: small\">Local: Audit\u00f3rio do CCTS, Campus VIII \u2013 Araruna.<\/span><\/span><\/p>\n<p class=\"western\" align=\"justify\"><span style=\"font-family: Arial, serif\"><span style=\"font-size: small\"><b>Palestra 06<\/b><\/span><\/span><span style=\"font-family: Arial, serif\"><span style=\"font-size: small\">: <\/span><\/span><span style=\"font-family: Arial, serif\"><span style=\"font-size: small\"><b>Determina\u00e7\u00e3o do \u00edndice de vulnerabilidade em pavimentos rodovi\u00e1rios: estudo de trecho da BR-230 no estado da Para\u00edba <\/b><\/span><\/span><\/p>\n<p class=\"western\" align=\"justify\"><span style=\"font-family: Arial, serif\"><span style=\"font-size: small\">Palestrante: Prof. Dr. Alan Cavalcanti)<\/span><\/span><\/p>\n<p class=\"western\" align=\"justify\"><span style=\"font-family: Arial, serif\"><span style=\"font-size: small\">Hora de in\u00edcio da atividade: 14:00h<\/span><\/span><\/p>\n<p class=\"western\" align=\"justify\"><span style=\"font-family: Arial, serif\"><span style=\"font-size: small\">Hora de fim da atividade: 15:00h<\/span><\/span><\/p>\n<p class=\"western\" align=\"justify\"><span style=\"font-family: Arial, serif\"><span style=\"font-size: small\">Local: Audit\u00f3rio do CCTS, Campus VIII \u2013 Araruna.<\/span><\/span><\/p>\n<p class=\"western\" align=\"justify\"><span style=\"font-family: Arial, serif\"><span style=\"font-size: small\"><b>Palestra 07: Manuten\u00e7\u00e3o de Rodovias Federais &#8211; Solu\u00e7\u00f5es e M\u00e9todos <\/b><\/span><\/span><\/p>\n<p class=\"western\" align=\"justify\"><span style=\"font-family: Arial, serif\"><span style=\"font-size: small\">Palestrante: Eng. Danyel Fl\u00e1vio Lopes de Paiva<\/span><\/span><\/p>\n<p class=\"western\" align=\"justify\"><span style=\"font-family: Arial, serif\"><span style=\"font-size: small\">Hora de in\u00edcio da atividade: 15:00h<\/span><\/span><\/p>\n<p class=\"western\" align=\"justify\"><span style=\"font-family: Arial, serif\"><span style=\"font-size: small\">Hora de fim da atividade: 16:30h<\/span><\/span><\/p>\n<p class=\"western\" align=\"justify\"><span style=\"font-family: Arial, serif\"><span style=\"font-size: small\">Local: Audit\u00f3rio do CCTS, Campus VIII \u2013 Araruna.<\/span><\/span><\/p>\n<p class=\"western\" align=\"justify\"><span style=\"font-family: Arial, serif\"><span style=\"font-size: small\"><b>Palestra 08: O emprego da tecnologia BIM nas Obras do governo do estado da Para\u00edba <\/b><\/span><\/span><\/p>\n<p class=\"western\" align=\"justify\"><span style=\"font-family: Arial, serif\"><span style=\"font-size: small\">Palestrante: Eng. Simone Guimar\u00e3es<\/span><\/span><\/p>\n<p class=\"western\" align=\"justify\"><span style=\"font-family: Arial, serif\"><span style=\"font-size: small\">Hora de in\u00edcio da atividade: 16:30h<\/span><\/span><\/p>\n<p class=\"western\" align=\"justify\"><span style=\"font-family: Arial, serif\"><span style=\"font-size: small\">Hora de fim da atividade: 18:00h<\/span><\/span><\/p>\n<p class=\"western\" align=\"justify\"><span style=\"font-family: Arial, serif\"><span style=\"font-size: small\">Local: Audit\u00f3rio do CCTS, Campus VIII \u2013 Araruna.<\/span><\/span><\/p>\n<p class=\"western\" align=\"justify\"><span style=\"font-family: Arial, serif\"><span style=\"font-size: small\"><b>Encerramento<\/b><\/span><\/span><\/p>\n<p class=\"western\" align=\"justify\"><span style=\"font-family: Arial, serif\"><span style=\"font-size: small\">Hora de in\u00edcio da atividade: 18:00h<\/span><\/span><\/p>\n<p class=\"western\" align=\"justify\"><span style=\"font-family: Arial, serif\"><span style=\"font-size: small\">Hora de fim da atividade: 18:30h<\/span><\/span><\/p>\n<p class=\"western\" align=\"justify\"><span style=\"font-family: Arial, serif\"><span style=\"font-size: small\">Local: Audit\u00f3rio do CCTS, Campus VIII \u2013 Araruna.<\/span><\/span><\/p>\n<p>[\/vc_column_text][\/vc_tta_section][vc_tta_section title=&#8221;Inscri\u00e7\u00f5es e Credenciamento&#8221; tab_id=&#8221;1723056810590-d369a7e8-5186&#8243;][vc_column_text css=&#8221;&#8221;]<strong>Normas para Inscri\u00e7\u00e3o e Credenciamento<\/strong><\/p>\n<p>&nbsp;<\/p>\n<p>Prazo para inscri\u00e7\u00e3o \u2013 at\u00e9 <del><strong>15 DE OUTUBRO DE 2024\u00a0<\/strong><\/del> <span style=\"color: #0000ff\"><strong>20 DE OUTUBRO DE 2024<\/strong><\/span><\/p>\n<p>&nbsp;<\/p>\n<p><strong>ATEN\u00c7\u00c3O:<\/strong> n\u00e3o haver\u00e1 inscri\u00e7\u00f5es ap\u00f3s essa data e o credenciamento s\u00f3 ser\u00e1 realizado para os inscritos.<\/p>\n<p>&nbsp;<\/p>\n<p>Siga as normas, inscreva-se e participe conosco!<\/p>\n<p>&nbsp;<\/p>\n<p><strong>Regras gerais sobre as inscri\u00e7\u00f5es<\/strong><\/p>\n<p>&nbsp;<\/p>\n<p>Todos(as) os(as) participantes dever\u00e3o realizar inscri\u00e7\u00f5es no <strong>VIII EXPOCivil.<\/strong><\/p>\n<p>&nbsp;<\/p>\n<p>As inscri\u00e7\u00f5es dever\u00e3o ser efetuadas por meio do preenchimento do formul\u00e1rio on-line, observando-se os prazos estabelecidos para cada modalidade de inscri\u00e7\u00e3o.<\/p>\n<p>&nbsp;<\/p>\n<p>No item \u201cPerfil\u201d, escolha uma das op\u00e7\u00f5es segundo o seu v\u00ednculo com a UEPB:<\/p>\n<p>&nbsp;<\/p>\n<ul>\n<li>SERVIDOR (docente ou t\u00e9cnico administrativo);<\/li>\n<\/ul>\n<p>&nbsp;<\/p>\n<ul>\n<li>ALUNO (gradua\u00e7\u00e3o ou p\u00f3s).<\/li>\n<\/ul>\n<p>&nbsp;<\/p>\n<ul>\n<li>P\u00daBLICO EXTERNO \u2013 refere-se a toda e qualquer pessoa <strong>sem v\u00ednculo com a UEPB<\/strong> que deseja participar do Evento.<\/li>\n<\/ul>\n<p>&nbsp;<\/p>\n<p>Para a finaliza\u00e7\u00e3o da inscri\u00e7\u00e3o, faz-se necess\u00e1rio escolher a op\u00e7\u00e3o MINICURSO: N\u00c3O DESEJO PARTICIPAR DE NENHUMA ATIVIDADE (MINICURSO E\/OU OFICINA) QUERO PARTICIPAR COM OUVINTE DA <strong>VIII EXPOCivil<\/strong>.<\/p>\n<p>&nbsp;<\/p>\n<p><strong>OBS:<\/strong> Depois de escolhidas as atividades (minicursos e\/ou oficinas), e finalizada a inscri\u00e7\u00e3o, n\u00e3o ser\u00e1 poss\u00edvel acrescentar nem trocar de atividade, portanto, al\u00e9m do formato, observe dias e hor\u00e1rios dispon\u00edveis.<\/p>\n<p>&nbsp;<\/p>\n<p>Na aba \u201cPrograma\u00e7\u00e3o\u201d ser\u00e3o disponibilizadas a localiza\u00e7\u00e3o das atividades presenciais.<\/p>\n<p>&nbsp;<\/p>\n<p><strong>\u00a0<\/strong><\/p>\n<p><strong>Credenciamento<\/strong><\/p>\n<p>&nbsp;<\/p>\n<p>O credenciamento s\u00f3 ser\u00e1 efetuado com a apresenta\u00e7\u00e3o de um documento oficial com foto (RG, CNH ou documento oficial expedido por \u00f3rg\u00e3os federais).<\/p>\n<p>&nbsp;<\/p>\n<p>N\u00e3o ser\u00e1 permitido o credenciamento por terceiros, exceto atrav\u00e9s de procura\u00e7\u00e3o. A entrega do material do evento ser\u00e1 realizada apenas ao participante presente ou ao seu procurador.<\/p>\n<p>&nbsp;<\/p>\n<p>O credenciamento (entrega do material \u2013 pasta, crach\u00e1, bloco e caneta) ocorrer\u00e1 no local do evento;<\/p>\n<p>&nbsp;<\/p>\n<p>Haver\u00e1 lista de presen\u00e7a em todas as atividades.<\/p>\n<p>&nbsp;<\/p>\n<p><span style=\"color: #0000ff\"><strong>Fa\u00e7a Sua Inscri\u00e7\u00e3o<\/strong><\/span><\/p>\n<p>Acesse o link: <a href=\"https:\/\/suap.uepb.edu.br\/eventos\/inscricao\/44\/\">https:\/\/suap.uepb.edu.br\/eventos\/inscricao\/44\/<\/a>[\/vc_column_text][\/vc_tta_section][vc_tta_section title=&#8221;Certificados&#8221; tab_id=&#8221;1723056893961-23202c5a-7142&#8243;][vc_column_text css=&#8221;&#8221;]<\/p>\n<ul>\n<li>Informamos aos participantes do <strong>VIII EXPOCivil<\/strong> que os certificados ser\u00e3o enviados para o e-mail dos inscritos que estiveram presentes no evento, favor buscar, na caixa de entrada ou no SPAM, pelo assunto: [SUAP] Certificado de Participa\u00e7\u00e3o;<\/li>\n<li>O certificado de Participa\u00e7\u00e3o no <strong>VIII EXPOCivil<\/strong> ser\u00e1 emitido com <strong>24 horas<\/strong> para todos os participantes inscritos e que assinaram as listas de presen\u00e7a;<\/li>\n<li>Os certificados de Ministrantes de atividades ser\u00e3o enviados para o e-mail informado no ato da inscri\u00e7\u00e3o.<\/li>\n<\/ul>\n<p>[\/vc_column_text][\/vc_tta_section][\/vc_tta_tour][\/vc_column][\/vc_row]<\/p>\n<\/div>","protected":false},"excerpt":{"rendered":"<p>[vc_row][vc_column][vc_tta_tour][vc_tta_section title=&#8221;Apresenta\u00e7\u00e3o&#8221; tab_id=&#8221;1723051350484-74ca6583-f13f&#8221;][vc_column_text css=&#8221;&#8221;] &nbsp; &nbsp; &nbsp; &nbsp; &nbsp; &nbsp; &nbsp; Tem\u00e1tica: Estruturando o conhecimento com inova\u00e7\u00f5es sustent\u00e1veis, que transformam a realidade e sustentam o amanh\u00e3 A ExpoCivil tem por finalidade garantir a exposi\u00e7\u00e3o de novos conhecimentos para os alunos de engenharia civil de diversas institui\u00e7\u00f5es de ensino, na forma de palestras e minicursos. Pretende-se, <a class=\"leiamais\" href=\"https:\/\/eventos.uepb.edu.br\/congressouniversitario\/viii-expocivil\/\">Leia Mais&#8230;<\/a><\/p>\n","protected":false},"author":4,"featured_media":0,"parent":0,"menu_order":0,"comment_status":"closed","ping_status":"closed","template":"","meta":{"footnotes":""},"class_list":["post-1323","page","type-page","status-publish","hentry"],"_links":{"self":[{"href":"https:\/\/eventos.uepb.edu.br\/congressouniversitario\/wp-json\/wp\/v2\/pages\/1323","targetHints":{"allow":["GET"]}}],"collection":[{"href":"https:\/\/eventos.uepb.edu.br\/congressouniversitario\/wp-json\/wp\/v2\/pages"}],"about":[{"href":"https:\/\/eventos.uepb.edu.br\/congressouniversitario\/wp-json\/wp\/v2\/types\/page"}],"author":[{"embeddable":true,"href":"https:\/\/eventos.uepb.edu.br\/congressouniversitario\/wp-json\/wp\/v2\/users\/4"}],"replies":[{"embeddable":true,"href":"https:\/\/eventos.uepb.edu.br\/congressouniversitario\/wp-json\/wp\/v2\/comments?post=1323"}],"version-history":[{"count":12,"href":"https:\/\/eventos.uepb.edu.br\/congressouniversitario\/wp-json\/wp\/v2\/pages\/1323\/revisions"}],"predecessor-version":[{"id":2076,"href":"https:\/\/eventos.uepb.edu.br\/congressouniversitario\/wp-json\/wp\/v2\/pages\/1323\/revisions\/2076"}],"wp:attachment":[{"href":"https:\/\/eventos.uepb.edu.br\/congressouniversitario\/wp-json\/wp\/v2\/media?parent=1323"}],"curies":[{"name":"wp","href":"https:\/\/api.w.org\/{rel}","templated":true}]}}