{"id":1301,"date":"2024-08-23T10:38:15","date_gmt":"2024-08-23T13:38:15","guid":{"rendered":"https:\/\/eventos.uepb.edu.br\/congressouniversitario\/?page_id=1301"},"modified":"2024-09-20T08:22:00","modified_gmt":"2024-09-20T11:22:00","slug":"1a-expocaju","status":"publish","type":"page","link":"https:\/\/eventos.uepb.edu.br\/congressouniversitario\/1a-expocaju\/","title":{"rendered":"1\u00aa EXPOCAJU"},"content":{"rendered":"<div class=\"wpb-content-wrapper\"><p>[vc_row][vc_column][vc_tta_tour][vc_tta_section title=&#8221;Apresenta\u00e7\u00e3o&#8221; tab_id=&#8221;1723051350484-74ca6583-f13f&#8221;][vc_column_text css=&#8221;&#8221;]<img loading=\"lazy\" decoding=\"async\" class=\"alignleft size-full wp-image-1702 img-responsive\" src=\"https:\/\/eventos.uepb.edu.br\/congressouniversitario\/wp-content\/uploads\/sites\/7\/2024\/09\/Logo-ExpoCaju-Lays-Klecia-Silva-Lins.png\" alt=\"\" width=\"161\" height=\"184\" \/><\/p>\n<p>&nbsp;<\/p>\n<p>&nbsp;<\/p>\n<p>&nbsp;<\/p>\n<p>&nbsp;<\/p>\n<p>&nbsp;<\/p>\n<p>&nbsp;<\/p>\n<p>&nbsp;<\/p>\n<p><strong>Tem\u00e1tica:<\/strong> EXPOCAJU &#8211; Mostra de Saberes e Pr\u00e1ticas da Escola Agrot\u00e9cnica do Cajueiro<\/p>\n<p>A Escola Agrot\u00e9cnica do Cajueiro, comprometida com a forma\u00e7\u00e3o de profissionais qualificados para o setor agropecu\u00e1rio, apresenta o projeto da Exposi\u00e7\u00e3o Agropecu\u00e1ria (EXPOCAJU). Este evento tem como principal objetivo expor as diversas atividades e projetos desenvolvidos pelos alunos nos diferentes setores da escola, promovendo a integra\u00e7\u00e3o entre a comunidade escolar, produtores rurais, estudantes e a sociedade em geral.<\/p>\n<p><strong>Objetivos<\/strong><\/p>\n<ul>\n<li><strong>Divulgar projetos e pr\u00e1ticas:<\/strong> apresentar os experimentos, projetos e pr\u00e1ticas desenvolvidos pelos alunos nos diversos setores da escola, evidenciando o conhecimento aplicado e as inova\u00e7\u00f5es realizadas.<\/li>\n<li><strong>Fortalecer a integra\u00e7\u00e3o:<\/strong> estimular a intera\u00e7\u00e3o entre a comunidade escolar, produtores rurais, e a sociedade, promovendo a troca de conhecimentos e experi\u00eancias.<\/li>\n<li><strong>Valorizar o ensino agropecu\u00e1rio:<\/strong> destacar a import\u00e2ncia da educa\u00e7\u00e3o t\u00e9cnica e profissional para o desenvolvimento sustent\u00e1vel e a preserva\u00e7\u00e3o do meio ambiente.<\/li>\n<li><strong>Promover a sustentabilidade:<\/strong> sensibilizar os participantes sobre pr\u00e1ticas agr\u00edcolas sustent\u00e1veis e inovadoras que contribuem para o desenvolvimento rural.<\/li>\n<\/ul>\n<p><strong>P\u00fablico-alvo<\/strong><\/p>\n<p>O evento \u00e9 destinado a estudantes de escolas p\u00fablicas e privadas, professores, produtores rurais, profissionais do setor agropecu\u00e1rio, representantes de institui\u00e7\u00f5es p\u00fablicas e privadas, al\u00e9m da comunidade em geral.<\/p>\n<p><strong>Formato:<\/strong> Presencial<\/p>\n<p><strong>Local:<\/strong> Campus IV, S\u00edtio Cajueiro, s\/n, Catol\u00e9 do Rocha, PB.[\/vc_column_text][\/vc_tta_section][vc_tta_section title=&#8221;Comiss\u00e3o Organizadora&#8221; tab_id=&#8221;1723051372044-4de7e0c8-ac23&#8243;][vc_column_text css=&#8221;&#8221;]<strong>Coordenadoras:<\/strong><\/p>\n<p>&nbsp;<\/p>\n<p>Lays Kl\u00e9cia Silva Lins, Campus IV, Departamento de Agr\u00e1rias e Exatas<\/p>\n<p>Maria do Socorro de Caldas Pinto, Campus IV, Departamento de Agr\u00e1rias e Exatas.<\/p>\n<p>&nbsp;<\/p>\n<p><strong>Organizadores:<\/strong><\/p>\n<p>&nbsp;<\/p>\n<p style=\"text-align: justify\">Alcides Almeida Ferreira, Campus IV, Departamento de Agr\u00e1rias e Exatas<\/p>\n<p style=\"text-align: justify\">Anailson de Sousa Alves, Campus IV, Departamento de Agr\u00e1rias e Exatas<\/p>\n<p style=\"text-align: justify\">Dalila Regina Mota de Melo, Campus IV, Departamento de Agr\u00e1rias e Exatas<\/p>\n<p style=\"text-align: justify\">Danilo Dantas da Silva, Campus IV, Departamento de Agr\u00e1rias e Exatas<\/p>\n<p style=\"text-align: justify\">Edivan da Silva Nunes J\u00fanior, Campus IV, Departamento de Agr\u00e1rias e Exatas<\/p>\n<p style=\"text-align: justify\">Ewerton Jos\u00e9 de Medeiros Torres, Campus IV, Departamento de Agr\u00e1rias e Exata<\/p>\n<p style=\"text-align: justify\">Fernando Saldanha Azevedo, Campus IV, Departamento de Agr\u00e1rias e Exatas<\/p>\n<p style=\"text-align: justify\">Luciano Campos Targino, Campus IV, Departamento de Agr\u00e1rias e Exatas<\/p>\n<p style=\"text-align: justify\">Maria Lucia Mauricio da Silva, Campus IV, Departamento de Agr\u00e1rias e Exatas<\/p>\n<p style=\"text-align: justify\">Rayane Nunes Gomes, Campus IV, Departamento de Agr\u00e1rias e Exatas<\/p>\n<p>[\/vc_column_text][\/vc_tta_section][vc_tta_section title=&#8221;Programa\u00e7\u00e3o&#8221; tab_id=&#8221;1723051406819-7e54b22e-71d5&#8243;][vc_column_text css=&#8221;&#8221;]<strong>Estrutura do Evento<\/strong><\/p>\n<ul>\n<li><strong>Exposi\u00e7\u00f5es:<\/strong> Mostra de projetos, experimentos e pr\u00e1ticas dos diversos setores da escola, incluindo agricultura, pecu\u00e1ria, horticultura, entre outros.<\/li>\n<li><strong>Demonstra\u00e7\u00f5es Pr\u00e1ticas:<\/strong> Atividades pr\u00e1ticas e interativas onde os participantes poder\u00e3o vivenciar as t\u00e9cnicas e m\u00e9todos apresentados.<\/li>\n<li><strong>Feira de Produtos:<\/strong> Espa\u00e7o para comercializa\u00e7\u00e3o de produtos desenvolvidos na escola.<\/li>\n<\/ul>\n<p><strong>Cronograma<\/strong><\/p>\n<p>O evento ser\u00e1 realizado ao longo de dois dias, com atividades distribu\u00eddas conforme o seguinte cronograma:<\/p>\n<ul>\n<li><strong>Dia 1:<\/strong>\n<ul>\n<li>Abertura oficial e visita \u00e0s exposi\u00e7\u00f5es.<\/li>\n<li>Demonstra\u00e7\u00f5es pr\u00e1ticas.<\/li>\n<\/ul>\n<\/li>\n<li><strong>Dia 2:<\/strong>\n<ul>\n<li>Continua\u00e7\u00e3o das exposi\u00e7\u00f5es.<\/li>\n<li>Demonstra\u00e7\u00f5es pr\u00e1ticas e encerramento.<\/li>\n<\/ul>\n<\/li>\n<\/ul>\n<p>[\/vc_column_text][\/vc_tta_section][vc_tta_section title=&#8221;Inscri\u00e7\u00f5es e Credenciamento&#8221; tab_id=&#8221;1723056810590-d369a7e8-5186&#8243;][vc_column_text css=&#8221;&#8221;]<strong>Normas para Inscri\u00e7\u00e3o e Credenciamento<\/strong><\/p>\n<p>&nbsp;<\/p>\n<p>Prazo para inscri\u00e7\u00e3o \u2013 at\u00e9 <strong>15 DE OUTUBRO DE 2024<\/strong><\/p>\n<p>&nbsp;<\/p>\n<p><strong>ATEN\u00c7\u00c3O:<\/strong> n\u00e3o haver\u00e1 inscri\u00e7\u00f5es ap\u00f3s essa data e o credenciamento s\u00f3 ser\u00e1 realizado para os inscritos.<\/p>\n<p>&nbsp;<\/p>\n<p>Siga as normas, inscreva-se e participe conosco!<\/p>\n<p>&nbsp;<\/p>\n<p><strong>Regras gerais sobre as inscri\u00e7\u00f5es<\/strong><\/p>\n<p>&nbsp;<\/p>\n<p>Todos(as) os(as) participantes dever\u00e3o realizar inscri\u00e7\u00f5es no <strong>1\u00aa EXPOCAJU<\/strong><\/p>\n<p>&nbsp;<\/p>\n<p>As inscri\u00e7\u00f5es dever\u00e3o ser efetuadas por meio do preenchimento do formul\u00e1rio on-line, observando-se os prazos estabelecidos para cada modalidade de inscri\u00e7\u00e3o.<\/p>\n<p>&nbsp;<\/p>\n<p>No item \u201cPerfil\u201d, escolha uma das op\u00e7\u00f5es segundo o seu v\u00ednculo com a UEPB:<\/p>\n<p>&nbsp;<\/p>\n<ul>\n<li>SERVIDOR (docente ou t\u00e9cnico administrativo);<\/li>\n<\/ul>\n<p>&nbsp;<\/p>\n<ul>\n<li>ALUNO (gradua\u00e7\u00e3o ou p\u00f3s).<\/li>\n<\/ul>\n<p>&nbsp;<\/p>\n<ul>\n<li>P\u00daBLICO EXTERNO \u2013 refere-se a toda e qualquer pessoa <strong>sem v\u00ednculo com a UEPB<\/strong> que deseja participar do Evento.<\/li>\n<\/ul>\n<p>&nbsp;<\/p>\n<p>Para a finaliza\u00e7\u00e3o da inscri\u00e7\u00e3o, faz-se necess\u00e1rio escolher a op\u00e7\u00e3o MINICURSO: N\u00c3O DESEJO PARTICIPAR DE NENHUMA ATIVIDADE (MINICURSO E\/OU OFICINA) QUERO PARTICIPAR COM OUVINTE DA <strong>1\u00aa EXPOCAJU<\/strong>.<\/p>\n<p>&nbsp;<\/p>\n<p>Na aba \u201cPrograma\u00e7\u00e3o\u201d ser\u00e1 disponibilizado a localiza\u00e7\u00e3o das atividades presenciais.<\/p>\n<p>&nbsp;<\/p>\n<p><strong>Credenciamento<\/strong><\/p>\n<p>&nbsp;<\/p>\n<p>O credenciamento s\u00f3 ser\u00e1 efetuado com a apresenta\u00e7\u00e3o de um documento oficial com foto (RG, CNH ou documento oficial expedido por \u00f3rg\u00e3os federais).<\/p>\n<p>&nbsp;<\/p>\n<p>N\u00e3o ser\u00e1 permitido o credenciamento por terceiros, exceto atrav\u00e9s de procura\u00e7\u00e3o. A entrega do material do evento ser\u00e1 realizada apenas ao participante presente ou ao seu procurador.<\/p>\n<p>&nbsp;<\/p>\n<p>O credenciamento (entrega do material \u2013 pasta, crach\u00e1, bloco e caneta) ocorrer\u00e1 no local do evento;<\/p>\n<p>&nbsp;<\/p>\n<p>Haver\u00e1 lista de presen\u00e7a em todas as atividades.<\/p>\n<p>&nbsp;<\/p>\n<p><strong>Fa\u00e7a Sua Inscri\u00e7\u00e3o<\/strong><\/p>\n<p>&nbsp;<\/p>\n<p>Acesse o link: <a href=\"https:\/\/suap.uepb.edu.br\/eventos\/inscricao\/42\/\">https:\/\/suap.uepb.edu.br\/eventos\/inscricao\/42\/<\/a>[\/vc_column_text][\/vc_tta_section][vc_tta_section title=&#8221;Certificados&#8221; tab_id=&#8221;1723056893961-23202c5a-7142&#8243;][vc_column_text css=&#8221;&#8221;]<strong>Certificados\u00a0<\/strong><\/p>\n<ul>\n<li>Informamos aos participantes do <strong>1\u00aa EXPOCAJU<\/strong> que os certificados ser\u00e3o enviados para o e-mail dos inscritos que estiveram presentes no evento, favor buscar, na caixa de entrada ou no SPAM, pelo assunto: [SUAP] Certificado de Participa\u00e7\u00e3o;<\/li>\n<li>O certificado de Participa\u00e7\u00e3o no <strong>1\u00aa EXPOCAJU <\/strong>ser\u00e1 emitido com <strong>30 horas<\/strong> para todos os participantes inscritos e que assinaram as listas de presen\u00e7a;<\/li>\n<li>Os certificados de Ministrantes de atividades ser\u00e3o enviados para o e-mail informado no ato da inscri\u00e7\u00e3o.<\/li>\n<\/ul>\n<p>[\/vc_column_text][\/vc_tta_section][\/vc_tta_tour][\/vc_column][\/vc_row]<\/p>\n<\/div>","protected":false},"excerpt":{"rendered":"<p>[vc_row][vc_column][vc_tta_tour][vc_tta_section title=&#8221;Apresenta\u00e7\u00e3o&#8221; tab_id=&#8221;1723051350484-74ca6583-f13f&#8221;][vc_column_text css=&#8221;&#8221;] &nbsp; &nbsp; &nbsp; &nbsp; &nbsp; &nbsp; &nbsp; Tem\u00e1tica: EXPOCAJU &#8211; Mostra de Saberes e Pr\u00e1ticas da Escola Agrot\u00e9cnica do Cajueiro A Escola Agrot\u00e9cnica do Cajueiro, comprometida com a forma\u00e7\u00e3o de profissionais qualificados para o setor agropecu\u00e1rio, apresenta o projeto da Exposi\u00e7\u00e3o Agropecu\u00e1ria (EXPOCAJU). Este evento tem como principal objetivo expor as <a class=\"leiamais\" href=\"https:\/\/eventos.uepb.edu.br\/congressouniversitario\/1a-expocaju\/\">Leia Mais&#8230;<\/a><\/p>\n","protected":false},"author":4,"featured_media":0,"parent":0,"menu_order":0,"comment_status":"closed","ping_status":"closed","template":"","meta":{"footnotes":""},"class_list":["post-1301","page","type-page","status-publish","hentry"],"_links":{"self":[{"href":"https:\/\/eventos.uepb.edu.br\/congressouniversitario\/wp-json\/wp\/v2\/pages\/1301","targetHints":{"allow":["GET"]}}],"collection":[{"href":"https:\/\/eventos.uepb.edu.br\/congressouniversitario\/wp-json\/wp\/v2\/pages"}],"about":[{"href":"https:\/\/eventos.uepb.edu.br\/congressouniversitario\/wp-json\/wp\/v2\/types\/page"}],"author":[{"embeddable":true,"href":"https:\/\/eventos.uepb.edu.br\/congressouniversitario\/wp-json\/wp\/v2\/users\/4"}],"replies":[{"embeddable":true,"href":"https:\/\/eventos.uepb.edu.br\/congressouniversitario\/wp-json\/wp\/v2\/comments?post=1301"}],"version-history":[{"count":11,"href":"https:\/\/eventos.uepb.edu.br\/congressouniversitario\/wp-json\/wp\/v2\/pages\/1301\/revisions"}],"predecessor-version":[{"id":1889,"href":"https:\/\/eventos.uepb.edu.br\/congressouniversitario\/wp-json\/wp\/v2\/pages\/1301\/revisions\/1889"}],"wp:attachment":[{"href":"https:\/\/eventos.uepb.edu.br\/congressouniversitario\/wp-json\/wp\/v2\/media?parent=1301"}],"curies":[{"name":"wp","href":"https:\/\/api.w.org\/{rel}","templated":true}]}}