{"id":1299,"date":"2024-08-23T10:37:57","date_gmt":"2024-08-23T13:37:57","guid":{"rendered":"https:\/\/eventos.uepb.edu.br\/congressouniversitario\/?page_id=1299"},"modified":"2024-10-15T14:37:51","modified_gmt":"2024-10-15T17:37:51","slug":"semana-de-letras-do-ccha","status":"publish","type":"page","link":"https:\/\/eventos.uepb.edu.br\/congressouniversitario\/semana-de-letras-do-ccha\/","title":{"rendered":"Semana de Letras do CCHA"},"content":{"rendered":"<div class=\"wpb-content-wrapper\"><p>[vc_row][vc_column][vc_tta_tour][vc_tta_section title=&#8221;Apresenta\u00e7\u00e3o&#8221; tab_id=&#8221;1723051350484-74ca6583-f13f&#8221;][vc_column_text css=&#8221;&#8221;]<img loading=\"lazy\" decoding=\"async\" class=\"alignleft size-medium wp-image-1570 img-responsive\" src=\"https:\/\/eventos.uepb.edu.br\/congressouniversitario\/wp-content\/uploads\/sites\/7\/2024\/09\/Captura-de-Tela-2024-08-26-as-08.34.57-Anderson-Rany-Cardoso-da-Silva-300x234.png\" alt=\"\" width=\"300\" height=\"234\" srcset=\"https:\/\/eventos.uepb.edu.br\/congressouniversitario\/wp-content\/uploads\/sites\/7\/2024\/09\/Captura-de-Tela-2024-08-26-as-08.34.57-Anderson-Rany-Cardoso-da-Silva-300x234.png 300w, https:\/\/eventos.uepb.edu.br\/congressouniversitario\/wp-content\/uploads\/sites\/7\/2024\/09\/Captura-de-Tela-2024-08-26-as-08.34.57-Anderson-Rany-Cardoso-da-Silva.png 563w\" sizes=\"auto, (max-width: 300px) 100vw, 300px\" \/><\/p>\n<p>&nbsp;<\/p>\n<p>&nbsp;<\/p>\n<p>&nbsp;<\/p>\n<p>&nbsp;<\/p>\n<p>&nbsp;<\/p>\n<p>&nbsp;<\/p>\n<p>&nbsp;<\/p>\n<p><strong>Tem\u00e1tica:<\/strong> Os desafios contempor\u00e2neos para a forma\u00e7\u00e3o de professores de L\u00edngua Portuguesa no sert\u00e3o paraibano.<\/p>\n<p>Evento acad\u00eamico para a discuss\u00e3o de quest\u00f5es relacionadas \u00e0 forma\u00e7\u00e3o de professores de L\u00edngua Portuguesa no sert\u00e3o paraibano. O p\u00fablico-alvo \u00e9 o corpo discente do curso de Letras do Campus IV da UEPB.<\/p>\n<p><strong>Formato:<\/strong> Presencial<\/p>\n<p><strong>Local:<\/strong> Campus IV, Audit\u00f3rio do campus e bloco i. Sitio Cajueiro, s\/n, Catol\u00e9 do Rocha[\/vc_column_text][\/vc_tta_section][vc_tta_section title=&#8221;Comiss\u00e3o Organizadora&#8221; tab_id=&#8221;1723051372044-4de7e0c8-ac23&#8243;][vc_column_text css=&#8221;&#8221;]Anderson Rany Cardoso da Silva, C\u00e2mpus IV, DLH<\/p>\n<p>Clara Regina Rodrigues, Professora, C\u00e2mpus IV, DLH<\/p>\n<p>Marilia Soares Carneiro Maia, Aluna, C\u00e2mpus IV, DLH[\/vc_column_text][\/vc_tta_section][vc_tta_section title=&#8221;Programa\u00e7\u00e3o&#8221; tab_id=&#8221;1723051406819-7e54b22e-71d5&#8243;][vc_column_text css=&#8221;&#8221;]<strong>05\/11\/2024<\/strong><\/p>\n<p><strong>\u00a0<\/strong><\/p>\n<p><strong>Noite<\/strong><\/p>\n<p>&nbsp;<\/p>\n<p>18h45 \u00e0s 19h15<\/p>\n<p>&nbsp;<\/p>\n<p><strong>Mesa com representantes legais do C\u00e2mpus<\/strong><\/p>\n<p>&nbsp;<\/p>\n<p>19h20 \u00e0s 20h20<\/p>\n<p>&nbsp;<\/p>\n<p><strong>Palestra de abertura \u201cAspectos simb\u00f3licos\/semi\u00f3tico das vozes e escrituras do candombl\u00e9\u201d <\/strong><\/p>\n<p>Palestrante: Dr. Jackson C\u00edcero Fran\u00e7a Barbosa<\/p>\n<p>&nbsp;<\/p>\n<p>20h30 \u00e0s 21h00<\/p>\n<p><strong>Lan\u00e7amento do livro \u201cNordeste nunca houve\u201d<\/strong><\/p>\n<p><strong>Autor: <\/strong>Prof. Dr. Johniere Alves Ribeiro (UEPB)<\/p>\n<p><strong>\u00a0<\/strong><\/p>\n<p><strong>\u00a0<\/strong><\/p>\n<p><strong>06<\/strong><strong>\/11\/2024<\/strong><\/p>\n<p><strong>\u00a0<\/strong><\/p>\n<p><strong>Manh\u00e3<\/strong>:<\/p>\n<p>&nbsp;<\/p>\n<p>7h15 \u00e0s 9h15<\/p>\n<p>&nbsp;<\/p>\n<p><strong>Mesa redonda \u201cO est\u00e1gio supervisionado e as viv\u00eancias dos alunos do campus IV\u201d<\/strong><\/p>\n<p>Coordena\u00e7\u00e3o: Profa. Ma. Keila Lairiny (UEPB) e com participa\u00e7\u00e3o de ex-alunos da disciplina.<\/p>\n<p>&nbsp;<\/p>\n<p>9h30 \u00e0s 11h<\/p>\n<p>&nbsp;<\/p>\n<p><strong>Palestra \u201cA literatura angolana ontem e hoje: formas de resist\u00eancia\u201d<\/strong><\/p>\n<p>Palestrante: a confirmar<\/p>\n<p>Coordena\u00e7\u00e3o: Prof. Dr. Johniere Alves (UEPB)<\/p>\n<p>&nbsp;<\/p>\n<p>&nbsp;<\/p>\n<p><strong>Tarde<\/strong>:<\/p>\n<p>&nbsp;<\/p>\n<p>13h30 \u00e0s 16h30<\/p>\n<p>&nbsp;<\/p>\n<p><strong>Mesa redonda \u201cA inicia\u00e7\u00e3o cient\u00edfica no Campus IV: produ\u00e7\u00f5es e viv\u00eancias dos alunos\u201d<\/strong> Coordena\u00e7\u00e3o: Profa. Dra. Mauriene Freiras (UEPB) e com participa\u00e7\u00e3o de alunos vinculados ao PIBIC.<\/p>\n<p>&nbsp;<\/p>\n<p><strong>Noite<\/strong>:<\/p>\n<p>&nbsp;<\/p>\n<p>18h30 \u00e0s 21h<\/p>\n<p>&nbsp;<\/p>\n<p><strong>Mesa redonda \u201cO PIBID e o resid\u00eancia como caminhos para as primeiras experi\u00eancias docentes\u201d<\/strong><\/p>\n<p>Coordena\u00e7\u00e3o: Prof. Dr. Helber Tavares (UEPB) e com participa\u00e7\u00e3o de ex-alunos PIBID e residentes.<\/p>\n<p>&nbsp;<\/p>\n<p><strong>07<\/strong><strong>\/11\/2024<\/strong><\/p>\n<p>&nbsp;<\/p>\n<p><strong>Manh\u00e3<\/strong><\/p>\n<p>&nbsp;<\/p>\n<p>7h30 \u00e0s 10h30<\/p>\n<p>&nbsp;<\/p>\n<p><strong>Mesa redonda \u201cA extens\u00e3o como um pilar do Campus IV\u201d<\/strong><\/p>\n<p>Coordena\u00e7\u00e3o: Profa. Dra. Ana Paula Lima Carneiro (UEPB) com participa\u00e7\u00e3o de ex-alunos extensionistas do Campus.<\/p>\n<p>&nbsp;<\/p>\n<p>&nbsp;<\/p>\n<p><strong>Tarde<\/strong><\/p>\n<p>&nbsp;<\/p>\n<p>13h30 \u00e0s 16h30<\/p>\n<p>&nbsp;<\/p>\n<p><strong>Mesa sobre \u201cLiteratura e ensino: relatos de experi\u00eancias\u201d<\/strong><\/p>\n<p>Coordena\u00e7\u00e3o: Profa. Dra. Vaneide Lima (UEPB) com a participa\u00e7\u00e3o de ex-alunos do campus.<\/p>\n<p>&nbsp;<\/p>\n<p>&nbsp;<\/p>\n<p><strong>Noite<\/strong><\/p>\n<p>&nbsp;<\/p>\n<p><strong>Minicurso: Lingu\u00edstica introdut\u00f3ria: do formalismo ao funcionalismo <\/strong><\/p>\n<p>Ministrante: Prof. Me Sanzio Mike<\/p>\n<p>Hor\u00e1rio: 18h30 \u00e0s 21h<\/p>\n<p>Quantidade de vagas: 30 vagas<\/p>\n<p>&nbsp;<\/p>\n<p><strong>Minicurso: Lingu\u00edstica textual: caminhos para a pesquisa<\/strong><\/p>\n<p>Ministrante: Me. Jeferson Cruz<\/p>\n<p>Hor\u00e1rio: 18h30 \u00e0s 21h<\/p>\n<p>Quantidade de vagas: 30 vagas<\/p>\n<p>&nbsp;<\/p>\n<p><strong>Minicurso: Desenvolvimento de pesquisas em literatura <\/strong><\/p>\n<p>Ministrante: Dr. Helber Tavares<\/p>\n<p>Hor\u00e1rio: 18h30 \u00e0s 21h<\/p>\n<p>Quantidade de vagas: 30 vagas<\/p>\n<p>&nbsp;<\/p>\n<p><strong>Oficina: Inform\u00e1tica b\u00e1sica: no\u00e7\u00f5es b\u00e1sicas para fins acad\u00eamicos<\/strong><\/p>\n<p>Ministrante: Aluna Marilia Maia, 8\u00aa per\u00edodo<\/p>\n<p>Hor\u00e1rio: 18h30 \u00e0s 21h<\/p>\n<p>Quantidade de vagas: 30 vagas<\/p>\n<p>&nbsp;<\/p>\n<p><strong>Oficina: Produ\u00e7\u00e3o de cord\u00e9is <\/strong><\/p>\n<p>Ministrante: Alyce Raiane, cordelista, Bel\u00e9m do Brejo do Cruz\/PB<\/p>\n<p>Hor\u00e1rio: 18h30 \u00e0s 21h<\/p>\n<p>Quantidade de vagas: 30 vagas<\/p>\n<p>&nbsp;<\/p>\n<p>&nbsp;<\/p>\n<p>&nbsp;<\/p>\n<p><strong>08<\/strong><strong>\/11\/2024<\/strong><\/p>\n<p>&nbsp;<\/p>\n<p>&nbsp;<\/p>\n<p><strong>Manh\u00e3<\/strong><\/p>\n<p>&nbsp;<\/p>\n<p>8h \u00e0s 10h30<\/p>\n<p>&nbsp;<\/p>\n<p>&nbsp;<\/p>\n<p>&nbsp;<\/p>\n<p><strong>Palestra \u201cEscrita acad\u00eamica em tempos de intelig\u00eancia artificial\u201d<\/strong><\/p>\n<p>Palestrantes:<\/p>\n<p>Prof\u00aa. Me.\u00a0Clara\u00a0Regina\u00a0Rodrigues de Souza (UEPB);<\/p>\n<p>Prof.\u00aa Dr.\u00aa Marcela de Melo Cordeiro Eul\u00e1lio (UEPB);<\/p>\n<p>Prof. Dr. Hermano Aroldo Gois Oliveira (UEPB).<\/p>\n<p>&nbsp;<\/p>\n<p><strong>Tarde<\/strong>:<\/p>\n<p>&nbsp;<\/p>\n<p><strong>13h<\/strong>: Grupo de trabalho: Estudos de Gram\u00e1tica Sist\u00eamico-funcional (II SEGT)<\/p>\n<p>&nbsp;<\/p>\n<p><strong>15h<\/strong>: Grupo de trabalho: Estudos de gram\u00e1tica e de An\u00e1lise Lingu\u00edstica (II SEGT)[\/vc_column_text][\/vc_tta_section][vc_tta_section title=&#8221;Inscri\u00e7\u00f5es e Credenciamento&#8221; tab_id=&#8221;1723056810590-d369a7e8-5186&#8243;][vc_column_text css=&#8221;&#8221;]<\/p>\n<p class=\"western\" align=\"justify\"><span style=\"color: #2a6099\"><span style=\"font-family: Arial, sans-serif\"><span style=\"font-size: small\">Normas para Inscri\u00e7\u00e3o e Credenciamento<\/span><\/span><\/span><\/p>\n<p class=\"western\" align=\"justify\"><span style=\"font-family: Arial, sans-serif\"><span style=\"font-size: small\">Prazo para inscri\u00e7\u00e3o \u2013 at\u00e9 <\/span><\/span><span style=\"font-family: Arial, sans-serif\"><span style=\"font-size: small\"><b><del>15 DE OUTUBRO DE 2024<\/del> <span style=\"color: #0000ff\">20\u00a0DE OUTUBRO DE 2024<\/span><\/b><\/span><\/span><\/p>\n<p class=\"western\" align=\"justify\"><span style=\"font-family: Arial, sans-serif\"><span style=\"font-size: small\"><b>ATEN\u00c7\u00c3O:<\/b><\/span><\/span><span style=\"font-family: Arial, sans-serif\"><span style=\"font-size: small\"> n\u00e3o haver\u00e1 inscri\u00e7\u00f5es ap\u00f3s essa data e o credenciamento s\u00f3 ser\u00e1 realizado para os inscritos.<\/span><\/span><\/p>\n<p class=\"western\" align=\"justify\"><span style=\"font-family: Arial, sans-serif\"><span style=\"font-size: small\">Siga as normas, inscreva-se e participe conosco!<\/span><\/span><\/p>\n<p class=\"western\" align=\"justify\"><span style=\"color: #2a6099\"><span style=\"font-family: Arial, sans-serif\"><span style=\"font-size: small\">Regras gerais sobre as inscri\u00e7\u00f5es<\/span><\/span><\/span><\/p>\n<p class=\"western\" align=\"justify\"><span style=\"font-family: Arial, sans-serif\"><span style=\"font-size: small\">Todos(as) os(as) participantes dever\u00e3o realizar inscri\u00e7\u00f5es no <strong>Semana de Letras do CCHA<\/strong><\/span><\/span><\/p>\n<p class=\"western\" align=\"justify\"><span style=\"font-family: Arial, sans-serif\"><span style=\"font-size: small\">As inscri\u00e7\u00f5es dever\u00e3o ser efetuadas por meio do preenchimento do formul\u00e1rio on-line, observando-se os prazos estabelecidos para cada modalidade de inscri\u00e7\u00e3o.<\/span><\/span><\/p>\n<p class=\"western\" align=\"justify\"><span style=\"font-family: Arial, sans-serif\"><span style=\"font-size: small\">No menu, escolha a op\u00e7\u00e3o \u201cRealizar inscri\u00e7\u00e3o no evento\u201d e preencha as informa\u00e7\u00f5es solicitadas.<\/span><\/span><\/p>\n<p class=\"western\" align=\"justify\"><span style=\"font-family: Arial, sans-serif\"><span style=\"font-size: small\">No item \u201cPerfil\u201d, escolha uma das op\u00e7\u00f5es segundo o seu v\u00ednculo com a UEPB:<\/span><\/span><\/p>\n<p class=\"western\" align=\"justify\">\u2022 <span style=\"font-family: Arial, sans-serif\"><span style=\"font-size: small\">SERVIDOR (docente ou t\u00e9cnico administrativo);<\/span><\/span><\/p>\n<p class=\"western\" align=\"justify\">\u2022 <span style=\"font-family: Arial, sans-serif\"><span style=\"font-size: small\">ALUNO (gradua\u00e7\u00e3o ou p\u00f3s).<\/span><\/span><\/p>\n<p class=\"western\" align=\"justify\">\u2022 <span style=\"font-family: Arial, sans-serif\"><span style=\"font-size: small\">P\u00daBLICO EXTERNO \u2013 refere-se a toda e qualquer pessoa <\/span><\/span><span style=\"font-family: Arial, sans-serif\"><span style=\"font-size: small\"><b>sem v\u00ednculo com a UEPB<\/b><\/span><\/span><span style=\"font-family: Arial, sans-serif\"><span style=\"font-size: small\"> que deseja participar do Evento.<\/span><\/span><\/p>\n<p class=\"western\" align=\"justify\"><span style=\"font-family: Arial, sans-serif\"><span style=\"font-size: small\">Para a finaliza\u00e7\u00e3o da inscri\u00e7\u00e3o, faz-se necess\u00e1rio optar por pelo menos uma atividade (MINICURSOS OU OFICINAS).<\/span><\/span><\/p>\n<p class=\"western\" align=\"justify\"><span style=\"font-family: Arial, sans-serif\"><span style=\"font-size: small\">Caso <\/span><\/span><span style=\"font-family: Arial, sans-serif\"><span style=\"font-size: small\"><b>N\u00c3O DESEJE <\/b><\/span><\/span><span style=\"font-family: Arial, sans-serif\"><span style=\"font-size: small\">participar de nenhuma atividade (minicursos ou oficinas) escolher a op\u00e7\u00e3o MINICURSO: N\u00c3O DESEJO PARTICIPAR DE NENHUMA ATIVIDADE (MINICURSO E\/OU OFICINA) QUERO PARTICIPAR COM OUVINTE DA SEMANA DE LETRAS DO CCHA.<\/span><\/span><\/p>\n<p class=\"western\" align=\"justify\"><span style=\"font-family: Arial, sans-serif\"><span style=\"font-size: small\"><b>OBS:<\/b><\/span><\/span><span style=\"font-family: Arial, sans-serif\"><span style=\"font-size: small\"> Depois de escolhidas as atividades (minicursos e\/ou oficinas), e finalizada a inscri\u00e7\u00e3o, n\u00e3o ser\u00e1 poss\u00edvel acrescentar nem trocar de atividade, portanto, al\u00e9m do formato, observe dias e hor\u00e1rios dispon\u00edveis.<\/span><\/span><\/p>\n<p class=\"western\" align=\"justify\"><span style=\"font-family: Arial, sans-serif\"><span style=\"font-size: small\">Na aba \u201cPrograma\u00e7\u00e3o\u201d ser\u00e3o disponibilizados a localiza\u00e7\u00e3o das atividades presenciais.<\/span><\/span><\/p>\n<p class=\"western\" align=\"justify\"><span style=\"font-family: Arial, sans-serif\"><span style=\"font-size: small\"><b>Minicursos e Oficinas<\/b><\/span><\/span><\/p>\n<p class=\"western\" align=\"justify\"><span style=\"font-family: Arial, sans-serif\"><span style=\"font-size: small\">Os minicursos e oficinas possuem vagas limitadas disponibilizadas no sistema e s\u00f3 poder\u00e3o participar os que optarem pela atividade no momento da inscri\u00e7\u00e3o.<\/span><\/span><\/p>\n<p class=\"western\" align=\"justify\"><span style=\"font-family: Arial, sans-serif\"><span style=\"font-size: small\">S\u00f3 poder\u00e1 participar dos minicursos e oficinas quem realizar inscri\u00e7\u00e3o pr\u00e9via nos mesmos.<\/span><\/span><\/p>\n<p class=\"western\" align=\"justify\"><span style=\"font-family: Arial, sans-serif\"><span style=\"font-size: small\"><b>Credenciamento<\/b><\/span><\/span><\/p>\n<p class=\"western\" align=\"justify\"><span style=\"font-family: Arial, sans-serif\"><span style=\"font-size: small\">O credenciamento s\u00f3 ser\u00e1 efetuado com a apresenta\u00e7\u00e3o de um documento oficial com foto (RG, CNH ou documento oficial expedido por \u00f3rg\u00e3os federais).<\/span><\/span><\/p>\n<p class=\"western\" align=\"justify\"><span style=\"font-family: Arial, sans-serif\"><span style=\"font-size: small\">N\u00e3o ser\u00e1 permitido o credenciamento por terceiros, exceto atrav\u00e9s de procura\u00e7\u00e3o. A entrega do material do evento ser\u00e1 realizada apenas ao participante presente ou ao seu procurador.<\/span><\/span><\/p>\n<p class=\"western\" align=\"justify\"><span style=\"font-family: Arial, sans-serif\"><span style=\"font-size: small\">O credenciamento (entrega do material \u2013 pasta, crach\u00e1, bloco e caneta) ocorrer\u00e1 no C\u00e2mpus IV, Sitio Cajueiro, s\/n, Catol\u00e9 do Rocha;<\/span><\/span><\/p>\n<p class=\"western\" align=\"justify\"><span style=\"font-family: Arial, sans-serif\"><span style=\"font-size: small\">Haver\u00e1 lista de presen\u00e7a em todas as atividades, tanto <\/span><\/span><span style=\"font-family: Arial, sans-serif\"><span style=\"font-size: small\">presenciais <\/span><\/span><span style=\"font-family: Arial, sans-serif\"><span style=\"font-size: small\">quanto <\/span><\/span><span style=\"font-family: Arial, sans-serif\"><span style=\"font-size: small\">remotas<\/span><\/span><span style=\"font-family: Arial, sans-serif\"><span style=\"font-size: small\">.<\/span><\/span><\/p>\n<p class=\"western\" align=\"justify\"><span style=\"font-family: Arial, sans-serif\"><span style=\"font-size: small\"><b>Fa\u00e7a Sua Inscri\u00e7\u00e3o<\/b><\/span><\/span><\/p>\n<p class=\"western\" align=\"justify\"><span style=\"font-family: Arial, sans-serif\"><span style=\"font-size: small\">Acesse o link: <a href=\"https:\/\/suap.uepb.edu.br\/eventos\/inscricao\/69\/\">https:\/\/suap.uepb.edu.br\/eventos\/inscricao\/69\/<\/a><\/span><\/span><\/p>\n<p>[\/vc_column_text][\/vc_tta_section][vc_tta_section title=&#8221;Certificados&#8221; tab_id=&#8221;1723056893961-23202c5a-7142&#8243;][vc_column_text css=&#8221;&#8221;]<\/p>\n<p class=\"western\" align=\"justify\"><span style=\"font-family: Arial, sans-serif\"><span style=\"font-size: small\"><b>Certificados e ANAIS<\/b><\/span><\/span><\/p>\n<ul>\n<li>\n<p class=\"western\" align=\"justify\"><span style=\"font-family: Arial, sans-serif\"><span style=\"font-size: small\">Informamos aos participantes do <strong>Semana de Letras do CCHA<\/strong><\/span><\/span><span style=\"font-family: Arial, sans-serif\"><span style=\"font-size: small\">\u00a0que\u00a0os certificados <\/span><\/span><span style=\"font-family: Arial, sans-serif\"><span style=\"font-size: small\">ser\u00e3o<\/span><\/span><span style=\"font-family: Arial, sans-serif\"><span style=\"font-size: small\"> enviados para o e-mail dos inscritos que estiveram presentes no evento, favor buscar, na caixa de entrada ou no SPAM, pelo assunto: [SUAP] Certificado de Participa\u00e7\u00e3o;<\/span><\/span><\/p>\n<\/li>\n<li>\n<p class=\"western\" align=\"justify\"><span style=\"font-family: Arial, sans-serif\"><span style=\"font-size: small\">O certificado de Participa\u00e7\u00e3o no <strong>Semana de Letras do CCHA<\/strong><\/span><\/span><span style=\"font-family: Arial, sans-serif\"><span style=\"font-size: small\">\u00a0<\/span><\/span><span style=\"font-family: Arial, sans-serif\"><span style=\"font-size: small\">ser\u00e1<\/span><\/span><span style=\"font-family: Arial, sans-serif\"><span style=\"font-size: small\"> emitido com<strong> 4<\/strong><\/span><\/span><strong><span style=\"font-family: Arial, sans-serif\"><span style=\"font-size: small\">0<\/span><\/span><\/strong><span style=\"font-family: Arial, sans-serif\"><span style=\"font-size: small\"><strong> horas<\/strong> para todos os participantes inscritos e que assinaram as listas de presen\u00e7a;<\/span><\/span><\/p>\n<\/li>\n<li>\n<p class=\"western\" align=\"justify\"><span style=\"font-family: Arial, sans-serif\"><span style=\"font-size: small\">Os certificados de\u00a0participa\u00e7\u00e3o em <\/span><\/span><span style=\"font-family: Arial, sans-serif\"><span style=\"font-size: small\">Minicurso e Oficina<\/span><\/span><span style=\"font-family: Arial, sans-serif\"><span style=\"font-size: small\">\u00a0<\/span><\/span><span style=\"font-family: Arial, sans-serif\"><span style=\"font-size: small\">ser\u00e3o<\/span><\/span><span style=\"font-family: Arial, sans-serif\"><span style=\"font-size: small\"> emitidos com a carga hor\u00e1ria conforme a atividade desenvolvida, desde que tenha sido constatada a inscri\u00e7\u00e3o e presen\u00e7a, mediante assinatura das listas;<\/span><\/span><\/p>\n<\/li>\n<li>\n<p class=\"western\" align=\"justify\"><span style=\"font-family: Arial, sans-serif\"><span style=\"font-size: small\">Os certificados de <\/span><\/span><span style=\"font-family: Arial, sans-serif\"><span style=\"font-size: small\">Ministrante de atividade <\/span><\/span><span style=\"font-family: Arial, sans-serif\"><span style=\"font-size: small\">ser\u00e3o enviados para o e-mail informado no ato da inscri\u00e7\u00e3o.<\/span><\/span><\/p>\n<\/li>\n<\/ul>\n<p>[\/vc_column_text][\/vc_tta_section][\/vc_tta_tour][\/vc_column][\/vc_row]<\/p>\n<\/div>","protected":false},"excerpt":{"rendered":"<p>[vc_row][vc_column][vc_tta_tour][vc_tta_section title=&#8221;Apresenta\u00e7\u00e3o&#8221; tab_id=&#8221;1723051350484-74ca6583-f13f&#8221;][vc_column_text css=&#8221;&#8221;] &nbsp; &nbsp; &nbsp; &nbsp; &nbsp; &nbsp; &nbsp; Tem\u00e1tica: Os desafios contempor\u00e2neos para a forma\u00e7\u00e3o de professores de L\u00edngua Portuguesa no sert\u00e3o paraibano. Evento acad\u00eamico para a discuss\u00e3o de quest\u00f5es relacionadas \u00e0 forma\u00e7\u00e3o de professores de L\u00edngua Portuguesa no sert\u00e3o paraibano. O p\u00fablico-alvo \u00e9 o corpo discente do curso de Letras do <a class=\"leiamais\" href=\"https:\/\/eventos.uepb.edu.br\/congressouniversitario\/semana-de-letras-do-ccha\/\">Leia Mais&#8230;<\/a><\/p>\n","protected":false},"author":4,"featured_media":0,"parent":0,"menu_order":0,"comment_status":"closed","ping_status":"closed","template":"","meta":{"footnotes":""},"class_list":["post-1299","page","type-page","status-publish","hentry"],"_links":{"self":[{"href":"https:\/\/eventos.uepb.edu.br\/congressouniversitario\/wp-json\/wp\/v2\/pages\/1299","targetHints":{"allow":["GET"]}}],"collection":[{"href":"https:\/\/eventos.uepb.edu.br\/congressouniversitario\/wp-json\/wp\/v2\/pages"}],"about":[{"href":"https:\/\/eventos.uepb.edu.br\/congressouniversitario\/wp-json\/wp\/v2\/types\/page"}],"author":[{"embeddable":true,"href":"https:\/\/eventos.uepb.edu.br\/congressouniversitario\/wp-json\/wp\/v2\/users\/4"}],"replies":[{"embeddable":true,"href":"https:\/\/eventos.uepb.edu.br\/congressouniversitario\/wp-json\/wp\/v2\/comments?post=1299"}],"version-history":[{"count":19,"href":"https:\/\/eventos.uepb.edu.br\/congressouniversitario\/wp-json\/wp\/v2\/pages\/1299\/revisions"}],"predecessor-version":[{"id":2081,"href":"https:\/\/eventos.uepb.edu.br\/congressouniversitario\/wp-json\/wp\/v2\/pages\/1299\/revisions\/2081"}],"wp:attachment":[{"href":"https:\/\/eventos.uepb.edu.br\/congressouniversitario\/wp-json\/wp\/v2\/media?parent=1299"}],"curies":[{"name":"wp","href":"https:\/\/api.w.org\/{rel}","templated":true}]}}