{"id":1285,"date":"2024-08-23T10:35:53","date_gmt":"2024-08-23T13:35:53","guid":{"rendered":"https:\/\/eventos.uepb.edu.br\/congressouniversitario\/?page_id=1285"},"modified":"2024-10-30T16:41:08","modified_gmt":"2024-10-30T19:41:08","slug":"espetaculo-teatral-o-ancestral-em-nos-conexoes-entre-corpos-e-vozes","status":"publish","type":"page","link":"https:\/\/eventos.uepb.edu.br\/congressouniversitario\/espetaculo-teatral-o-ancestral-em-nos-conexoes-entre-corpos-e-vozes\/","title":{"rendered":"Espet\u00e1culo teatral &#8220;O Ancestral em N\u00f3s: Conex\u00f5es entre Corpos e Vozes&#8221;"},"content":{"rendered":"<div class=\"wpb-content-wrapper\"><p>[vc_row][vc_column][vc_tta_tour][vc_tta_section title=&#8221;Sinopse&#8221; tab_id=&#8221;1723051350484-74ca6583-f13f&#8221;][vc_column_text css=&#8221;&#8221;]<img loading=\"lazy\" decoding=\"async\" class=\"alignleft size-medium wp-image-1867 img-responsive\" src=\"https:\/\/eventos.uepb.edu.br\/congressouniversitario\/wp-content\/uploads\/sites\/7\/2024\/09\/espetaculo-teatral-300x116.png\" alt=\"\" width=\"300\" height=\"116\" srcset=\"https:\/\/eventos.uepb.edu.br\/congressouniversitario\/wp-content\/uploads\/sites\/7\/2024\/09\/espetaculo-teatral-300x116.png 300w, https:\/\/eventos.uepb.edu.br\/congressouniversitario\/wp-content\/uploads\/sites\/7\/2024\/09\/espetaculo-teatral-1536x595.png 1536w, https:\/\/eventos.uepb.edu.br\/congressouniversitario\/wp-content\/uploads\/sites\/7\/2024\/09\/espetaculo-teatral-2048x794.png 2048w, https:\/\/eventos.uepb.edu.br\/congressouniversitario\/wp-content\/uploads\/sites\/7\/2024\/09\/espetaculo-teatral-1120x434.png 1120w\" sizes=\"auto, (max-width: 300px) 100vw, 300px\" \/><\/p>\n<p>&nbsp;<\/p>\n<p>&nbsp;<\/p>\n<p>&nbsp;<\/p>\n<p>&nbsp;<\/p>\n<p>&nbsp;<\/p>\n<p>Em uma d\u00e9cada de exist\u00eancia, o grupo de teatro Experieus re\u00fane o que considera mais significativo em sua hist\u00f3ria: o ancestral presente em seus<br \/>\ncorpos-vozes.<br \/>\nMesclando diversas linguagens art\u00edsticas presentes na cultura brasileira, enfoca for\u00e7a dos povos origin\u00e1rios, culminando no resgate do personagem Tibira, ind\u00edgena tupinamb\u00e1 v\u00edtima de crime homof\u00f3bico (como caracterizado hoje) no nordeste brasileiro durante o s\u00e9culo XVII.<br \/>\nA proposta art\u00edstica do grupo se embasa na experi\u00eancia de conex\u00e3o com duas matrizes do povo brasileiro: a ind\u00edgena e a negra, de modo a redimensionar a pr\u00f3pria identidade do grupo, sempre no processo.[\/vc_column_text][\/vc_tta_section][vc_tta_section title=&#8221;Ficha T\u00e9cnica&#8221; tab_id=&#8221;1723051372044-4de7e0c8-ac23&#8243;][vc_column_text css=&#8221;&#8221;]<strong>Ficha T\u00e9cnica<\/strong><\/p>\n<p><strong>Dire\u00e7\u00e3o:<\/strong> Cristiane Agnes<br \/>\n<strong>Atua\u00e7\u00e3o:<\/strong> Cristiane Agnes, Gabrielle Suamy, Joyce Lima, Neudenis de Carvalho<br \/>\n<strong>Sonoplastia ao Vivo:<\/strong> Adalto Carlos[\/vc_column_text][\/vc_tta_section][vc_tta_section title=&#8221;Programa\u00e7\u00e3o&#8221; tab_id=&#8221;1723051406819-7e54b22e-71d5&#8243;][vc_column_text css=&#8221;&#8221;]<strong>Dia: <\/strong>07 de novembro de 2024<\/p>\n<p><strong>Hor\u00e1rio: <\/strong>11h30<\/p>\n<p><strong>Local:<\/strong> Hall da Central Acad\u00eamica Paulo Freire<\/p>\n<p>N\u00e3o ser\u00e1 necess\u00e1ria a inscri\u00e7\u00e3o pr\u00e9via para ter acesso a apresenta\u00e7\u00e3o.[\/vc_column_text][\/vc_tta_section][\/vc_tta_tour][\/vc_column][\/vc_row]<\/p>\n<\/div>","protected":false},"excerpt":{"rendered":"<p>[vc_row][vc_column][vc_tta_tour][vc_tta_section title=&#8221;Sinopse&#8221; tab_id=&#8221;1723051350484-74ca6583-f13f&#8221;][vc_column_text css=&#8221;&#8221;] &nbsp; &nbsp; &nbsp; &nbsp; &nbsp; Em uma d\u00e9cada de exist\u00eancia, o grupo de teatro Experieus re\u00fane o que considera mais significativo em sua hist\u00f3ria: o ancestral presente em seus corpos-vozes. Mesclando diversas linguagens art\u00edsticas presentes na cultura brasileira, enfoca for\u00e7a dos povos origin\u00e1rios, culminando no resgate do personagem Tibira, ind\u00edgena tupinamb\u00e1 <a class=\"leiamais\" href=\"https:\/\/eventos.uepb.edu.br\/congressouniversitario\/espetaculo-teatral-o-ancestral-em-nos-conexoes-entre-corpos-e-vozes\/\">Leia Mais&#8230;<\/a><\/p>\n","protected":false},"author":4,"featured_media":0,"parent":0,"menu_order":0,"comment_status":"closed","ping_status":"closed","template":"","meta":{"footnotes":""},"class_list":["post-1285","page","type-page","status-publish","hentry"],"_links":{"self":[{"href":"https:\/\/eventos.uepb.edu.br\/congressouniversitario\/wp-json\/wp\/v2\/pages\/1285","targetHints":{"allow":["GET"]}}],"collection":[{"href":"https:\/\/eventos.uepb.edu.br\/congressouniversitario\/wp-json\/wp\/v2\/pages"}],"about":[{"href":"https:\/\/eventos.uepb.edu.br\/congressouniversitario\/wp-json\/wp\/v2\/types\/page"}],"author":[{"embeddable":true,"href":"https:\/\/eventos.uepb.edu.br\/congressouniversitario\/wp-json\/wp\/v2\/users\/4"}],"replies":[{"embeddable":true,"href":"https:\/\/eventos.uepb.edu.br\/congressouniversitario\/wp-json\/wp\/v2\/comments?post=1285"}],"version-history":[{"count":8,"href":"https:\/\/eventos.uepb.edu.br\/congressouniversitario\/wp-json\/wp\/v2\/pages\/1285\/revisions"}],"predecessor-version":[{"id":2159,"href":"https:\/\/eventos.uepb.edu.br\/congressouniversitario\/wp-json\/wp\/v2\/pages\/1285\/revisions\/2159"}],"wp:attachment":[{"href":"https:\/\/eventos.uepb.edu.br\/congressouniversitario\/wp-json\/wp\/v2\/media?parent=1285"}],"curies":[{"name":"wp","href":"https:\/\/api.w.org\/{rel}","templated":true}]}}