{"id":1283,"date":"2024-08-23T10:35:35","date_gmt":"2024-08-23T13:35:35","guid":{"rendered":"https:\/\/eventos.uepb.edu.br\/congressouniversitario\/?page_id=1283"},"modified":"2024-10-16T08:51:48","modified_gmt":"2024-10-16T11:51:48","slug":"vii-semana-de-sociologia","status":"publish","type":"page","link":"https:\/\/eventos.uepb.edu.br\/congressouniversitario\/vii-semana-de-sociologia\/","title":{"rendered":"VII Semana de Sociologia"},"content":{"rendered":"<div class=\"wpb-content-wrapper\"><p>[vc_row][vc_column][vc_tta_tour][vc_tta_section title=&#8221;Apresenta\u00e7\u00e3o&#8221; tab_id=&#8221;1723051350484-74ca6583-f13f&#8221;][vc_column_text css=&#8221;&#8221;]<img loading=\"lazy\" decoding=\"async\" class=\"alignleft size-medium wp-image-1728 img-responsive\" src=\"https:\/\/eventos.uepb.edu.br\/congressouniversitario\/wp-content\/uploads\/sites\/7\/2024\/09\/Yellow-and-Orange-Playful-Illustrative-Research-Forum-Poster-3-Waltimar-Batista-Rodrigues-Lula-212x300.png\" alt=\"\" width=\"212\" height=\"300\" srcset=\"https:\/\/eventos.uepb.edu.br\/congressouniversitario\/wp-content\/uploads\/sites\/7\/2024\/09\/Yellow-and-Orange-Playful-Illustrative-Research-Forum-Poster-3-Waltimar-Batista-Rodrigues-Lula-212x300.png 212w, https:\/\/eventos.uepb.edu.br\/congressouniversitario\/wp-content\/uploads\/sites\/7\/2024\/09\/Yellow-and-Orange-Playful-Illustrative-Research-Forum-Poster-3-Waltimar-Batista-Rodrigues-Lula-1086x1536.png 1086w, https:\/\/eventos.uepb.edu.br\/congressouniversitario\/wp-content\/uploads\/sites\/7\/2024\/09\/Yellow-and-Orange-Playful-Illustrative-Research-Forum-Poster-3-Waltimar-Batista-Rodrigues-Lula-563x796.png 563w, https:\/\/eventos.uepb.edu.br\/congressouniversitario\/wp-content\/uploads\/sites\/7\/2024\/09\/Yellow-and-Orange-Playful-Illustrative-Research-Forum-Poster-3-Waltimar-Batista-Rodrigues-Lula.png 1414w\" sizes=\"auto, (max-width: 212px) 100vw, 212px\" \/><\/p>\n<p>&nbsp;<\/p>\n<p>&nbsp;<\/p>\n<p>&nbsp;<\/p>\n<p>&nbsp;<\/p>\n<p>&nbsp;<\/p>\n<p>&nbsp;<\/p>\n<p>&nbsp;<\/p>\n<p>&nbsp;<\/p>\n<p>&nbsp;<\/p>\n<p><strong>Tem\u00e1tica:<\/strong> A Atividade do Professor de Sociologia no Cotidiano da Escola.<\/p>\n<p><strong>Formato:<\/strong> Presencial<\/p>\n<p><strong>P\u00fablico-alvo: <\/strong>Alunos de Sociologia e de \u00e1reas afins<\/p>\n<p><strong>Local:<\/strong> Central Acad\u00eamica Paulo Freire[\/vc_column_text][\/vc_tta_section][vc_tta_section title=&#8221;Comiss\u00e3o Organizadora&#8221; tab_id=&#8221;1723051372044-4de7e0c8-ac23&#8243;][vc_column_text css=&#8221;&#8221;]Waltimar Batista Rodrigues Lula, Departamento de Ci\u00eancias Sociais, Curso de Sociologia<\/p>\n<p>Silvania Karla de Farias Lima.[\/vc_column_text][\/vc_tta_section][vc_tta_section title=&#8221;Programa\u00e7\u00e3o&#8221; tab_id=&#8221;1723051406819-7e54b22e-71d5&#8243;][vc_column_text css=&#8221;&#8221;]<strong>06\/11\/2024<\/strong><\/p>\n<p><strong>\u00a0<\/strong><\/p>\n<p><strong>1\u00ba Mesa: Sociologia no Ensino Fundamental \u2013 Reflex\u00f5es e Experi\u00eancias. <\/strong><\/p>\n<p>Hora de in\u00edcio da atividade: 14h<\/p>\n<p>Hora de fim da atividade: 15h 30min<\/p>\n<p>Limite de Inscri\u00e7\u00f5es (quantidade de vagas): 100<\/p>\n<p>&nbsp;<\/p>\n<p><strong>OFICINA : Se atualize! Venha aprender a fazer uma sequ\u00eancia did\u00e1tica como <\/strong><strong>recurso<\/strong> <strong>pedag\u00f3gico<\/strong> <strong>no ensino de sociologia<\/strong><\/p>\n<p>Hora de in\u00edcio da atividade: 16h<\/p>\n<p>Hora de fim da atividade: 18h<\/p>\n<p>Limite de Inscri\u00e7\u00f5es (quantidade de vagas): 40<\/p>\n<p>&nbsp;<\/p>\n<p><strong>07\/111\/024<\/strong><\/p>\n<p><strong>\u00a0<\/strong><\/p>\n<p><strong>MESA<\/strong> <strong>&#8211;<\/strong> <strong>O<\/strong> <strong>ensino<\/strong> <strong>de<\/strong> <strong>Sociologia<\/strong> <strong>e<\/strong> <strong>a<\/strong> <strong>Cidade<\/strong><\/p>\n<p>Hora de in\u00edcio da atividade: 14h<\/p>\n<p>Hora de fim da atividade: 15h 30min<\/p>\n<p>Profa. Dra. Maria Jackeline Feitosa Carvalho<\/p>\n<p>Limite de Inscri\u00e7\u00f5es (quantidade de vagas): 100<\/p>\n<p>&nbsp;<\/p>\n<p><strong>Oficina:<\/strong> <strong>Os<\/strong> <strong>instrumentos<\/strong> <strong>Did\u00e1ticos<\/strong> <strong>da<\/strong> <strong>Sociologia<\/strong><\/p>\n<p>Hora de in\u00edcio da atividade: 16h<\/p>\n<p>Hora de fim da atividade: 18h<\/p>\n<p>Professora Lena Costa Carvalho<\/p>\n<p>Limite de Inscri\u00e7\u00f5es (quantidade de vagas): 40<\/p>\n<p>&nbsp;<\/p>\n<p>&nbsp;<\/p>\n<p><strong>08\/11\/2024<\/strong><\/p>\n<p>&nbsp;<\/p>\n<p><strong>MESA : Desafios do Livro Did\u00e1tico de sociologia: uma reflex\u00e3o<\/strong><\/p>\n<p>Hora de in\u00edcio da atividade: 14h<\/p>\n<p>Hora de fim da atividade: 15h 30 min<\/p>\n<p>Professor Marcelo Ara\u00fajo &#8211; IFPB<\/p>\n<p>Limite de Inscri\u00e7\u00f5es (quantidade de vagas): 100<\/p>\n<p><strong>\u00a0<\/strong><\/p>\n<p><strong>Oficina: Uso de memes no ensino b\u00e1sico<\/strong><\/p>\n<p>Hora de in\u00edcio da atividade: 16h<\/p>\n<p>Hora de fim da atividade: 18h<\/p>\n<p>Lays Honorio<\/p>\n<p>Mateus Floresta<\/p>\n<p>Limite de Inscri\u00e7\u00f5es (quantidade de vagas): 40[\/vc_column_text][\/vc_tta_section][vc_tta_section title=&#8221;Inscri\u00e7\u00f5es e Credenciamento&#8221; tab_id=&#8221;1723056810590-d369a7e8-5186&#8243;][vc_column_text css=&#8221;&#8221;]<strong>Normas para Inscri\u00e7\u00e3o e Credenciamento<\/strong><\/p>\n<p>&nbsp;<\/p>\n<p>Prazo para inscri\u00e7\u00e3o \u2013 at\u00e9 <strong><del>15 DE OUTUBRO DE 2024<\/del>\u00a0 <span style=\"color: #0000ff\">20\u00a0DE OUTUBRO DE 2024<\/span><\/strong><\/p>\n<p>&nbsp;<\/p>\n<p><strong>ATEN\u00c7\u00c3O:<\/strong> n\u00e3o haver\u00e1 inscri\u00e7\u00f5es ap\u00f3s essa data e o credenciamento s\u00f3 ser\u00e1 realizado para os inscritos.<\/p>\n<p>&nbsp;<\/p>\n<p>Siga as normas, inscreva-se e participe conosco!<\/p>\n<p>&nbsp;<\/p>\n<p><strong>Regras gerais sobre as inscri\u00e7\u00f5es<\/strong><\/p>\n<p>&nbsp;<\/p>\n<p>Todos(as) os(as) participantes dever\u00e3o realizar inscri\u00e7\u00f5es no <strong>VII Semana de Sociologia<\/strong>.<\/p>\n<p>&nbsp;<\/p>\n<p>As inscri\u00e7\u00f5es dever\u00e3o ser efetuadas por meio do preenchimento do formul\u00e1rio on-line, observando-se os prazos estabelecidos para cada modalidade de inscri\u00e7\u00e3o.<\/p>\n<p>&nbsp;<\/p>\n<p>No item \u201cPerfil\u201d, escolha uma das op\u00e7\u00f5es segundo o seu v\u00ednculo com a UEPB:<\/p>\n<p>&nbsp;<\/p>\n<ul>\n<li>SERVIDOR (docente ou t\u00e9cnico administrativo);<\/li>\n<\/ul>\n<p>&nbsp;<\/p>\n<ul>\n<li>ALUNO (gradua\u00e7\u00e3o ou p\u00f3s).<\/li>\n<\/ul>\n<p>&nbsp;<\/p>\n<ul>\n<li>P\u00daBLICO EXTERNO \u2013 refere-se a toda e qualquer pessoa <strong>sem v\u00ednculo com a UEPB<\/strong> que deseja participar do Evento.<\/li>\n<\/ul>\n<p>&nbsp;<\/p>\n<p>Para a finaliza\u00e7\u00e3o da inscri\u00e7\u00e3o, faz-se necess\u00e1rio optar por pelo menos uma atividade (MINICURSOS OU OFICINAS).<\/p>\n<p>&nbsp;<\/p>\n<p>Caso <strong>N\u00c3O DESEJE <\/strong>participar de nenhuma atividade (minicursos ou oficinas) escolher a op\u00e7\u00e3o MINICURSO: N\u00c3O DESEJO PARTICIPAR DE NENHUMA ATIVIDADE (MINICURSO E\/OU OFICINA) QUERO PARTICIPAR COM OUVINTE DA <strong>VII Semana de Sociologia<\/strong>.<\/p>\n<p>&nbsp;<\/p>\n<p><strong>OBS:<\/strong> Depois de escolhidas as atividades (minicursos e\/ou oficinas), e finalizada a inscri\u00e7\u00e3o, n\u00e3o ser\u00e1 poss\u00edvel acrescentar nem trocar de atividade, portanto, al\u00e9m do formato, observe dias e hor\u00e1rios dispon\u00edveis.<\/p>\n<p>&nbsp;<\/p>\n<p>Na aba \u201cPrograma\u00e7\u00e3o\u201d ser\u00e3o disponibilizados os links de acesso \u00e0s atividades remotas e a localiza\u00e7\u00e3o das atividades presenciais.<\/p>\n<p>&nbsp;<\/p>\n<p><strong>Minicursos e Oficinas<\/strong><\/p>\n<p>&nbsp;<\/p>\n<p>Os minicursos e oficinas possuem vagas limitadas disponibilizadas no sistema e s\u00f3 poder\u00e3o participar os que optarem pela atividade no momento da inscri\u00e7\u00e3o.<\/p>\n<p>&nbsp;<\/p>\n<p>S\u00f3 poder\u00e1 participar dos minicursos e oficinas quem realizar inscri\u00e7\u00e3o pr\u00e9via nos mesmos.<\/p>\n<p>&nbsp;<\/p>\n<p>&nbsp;<\/p>\n<p><strong>Credenciamento<\/strong><\/p>\n<p>&nbsp;<\/p>\n<p>O credenciamento s\u00f3 ser\u00e1 efetuado com a apresenta\u00e7\u00e3o de um documento oficial com foto (RG, CNH ou documento oficial expedido por \u00f3rg\u00e3os federais).<\/p>\n<p>&nbsp;<\/p>\n<p>N\u00e3o ser\u00e1 permitido o credenciamento por terceiros, exceto atrav\u00e9s de procura\u00e7\u00e3o. A entrega do material do evento ser\u00e1 realizada apenas ao participante presente ou ao seu procurador.<\/p>\n<p>&nbsp;<\/p>\n<p>O credenciamento (entrega do material \u2013 pasta, crach\u00e1, bloco e caneta) ocorrer\u00e1 no local do evento;<\/p>\n<p>&nbsp;<\/p>\n<p>Haver\u00e1 lista de presen\u00e7a em todas as atividades.<\/p>\n<p>&nbsp;<\/p>\n<p><strong>Fa\u00e7a Sua Inscri\u00e7\u00e3o<\/strong><\/p>\n<p>&nbsp;<\/p>\n<p>Acesse o link: <a href=\"https:\/\/suap.uepb.edu.br\/eventos\/inscricao\/56\/\">https:\/\/suap.uepb.edu.br\/eventos\/inscricao\/56\/<\/a>[\/vc_column_text][\/vc_tta_section][vc_tta_section title=&#8221;Certificados&#8221; tab_id=&#8221;1723056893961-23202c5a-7142&#8243;][vc_column_text css=&#8221;&#8221;]<\/p>\n<ul>\n<li>Informamos aos participantes do <strong>VII Semana de Sociologia<\/strong> que os certificados ser\u00e3o enviados para o e-mail dos inscritos que estiveram presentes no evento, favor buscar, na caixa de entrada ou no SPAM, pelo assunto: [SUAP] Certificado de Participa\u00e7\u00e3o;<\/li>\n<li>O certificado de Participa\u00e7\u00e3o no <strong>VII Semana de Sociologia <\/strong>ser\u00e1 emitido com <strong>16 horas<\/strong> para todos os participantes inscritos e que assinaram as listas de presen\u00e7a;<\/li>\n<li>Os certificados de participa\u00e7\u00e3o em Minicurso e Oficina ser\u00e3o emitidos com a carga hor\u00e1ria conforme a atividade desenvolvida, desde que tenha sido constatada a inscri\u00e7\u00e3o e presen\u00e7a, mediante assinatura das listas;<\/li>\n<li>Os certificados de Ministrantes de atividades ser\u00e3o enviados para o e-mail informado no ato da inscri\u00e7\u00e3o.<\/li>\n<\/ul>\n<p>[\/vc_column_text][\/vc_tta_section][\/vc_tta_tour][\/vc_column][\/vc_row]<\/p>\n<\/div>","protected":false},"excerpt":{"rendered":"<p>[vc_row][vc_column][vc_tta_tour][vc_tta_section title=&#8221;Apresenta\u00e7\u00e3o&#8221; tab_id=&#8221;1723051350484-74ca6583-f13f&#8221;][vc_column_text css=&#8221;&#8221;] &nbsp; &nbsp; &nbsp; &nbsp; &nbsp; &nbsp; &nbsp; &nbsp; &nbsp; Tem\u00e1tica: A Atividade do Professor de Sociologia no Cotidiano da Escola. Formato: Presencial P\u00fablico-alvo: Alunos de Sociologia e de \u00e1reas afins Local: Central Acad\u00eamica Paulo Freire[\/vc_column_text][\/vc_tta_section][vc_tta_section title=&#8221;Comiss\u00e3o Organizadora&#8221; tab_id=&#8221;1723051372044-4de7e0c8-ac23&#8243;][vc_column_text css=&#8221;&#8221;]Waltimar Batista Rodrigues Lula, Departamento de Ci\u00eancias Sociais, Curso de Sociologia Silvania Karla <a class=\"leiamais\" href=\"https:\/\/eventos.uepb.edu.br\/congressouniversitario\/vii-semana-de-sociologia\/\">Leia Mais&#8230;<\/a><\/p>\n","protected":false},"author":4,"featured_media":0,"parent":0,"menu_order":0,"comment_status":"closed","ping_status":"closed","template":"","meta":{"footnotes":""},"class_list":["post-1283","page","type-page","status-publish","hentry"],"_links":{"self":[{"href":"https:\/\/eventos.uepb.edu.br\/congressouniversitario\/wp-json\/wp\/v2\/pages\/1283","targetHints":{"allow":["GET"]}}],"collection":[{"href":"https:\/\/eventos.uepb.edu.br\/congressouniversitario\/wp-json\/wp\/v2\/pages"}],"about":[{"href":"https:\/\/eventos.uepb.edu.br\/congressouniversitario\/wp-json\/wp\/v2\/types\/page"}],"author":[{"embeddable":true,"href":"https:\/\/eventos.uepb.edu.br\/congressouniversitario\/wp-json\/wp\/v2\/users\/4"}],"replies":[{"embeddable":true,"href":"https:\/\/eventos.uepb.edu.br\/congressouniversitario\/wp-json\/wp\/v2\/comments?post=1283"}],"version-history":[{"count":14,"href":"https:\/\/eventos.uepb.edu.br\/congressouniversitario\/wp-json\/wp\/v2\/pages\/1283\/revisions"}],"predecessor-version":[{"id":2104,"href":"https:\/\/eventos.uepb.edu.br\/congressouniversitario\/wp-json\/wp\/v2\/pages\/1283\/revisions\/2104"}],"wp:attachment":[{"href":"https:\/\/eventos.uepb.edu.br\/congressouniversitario\/wp-json\/wp\/v2\/media?parent=1283"}],"curies":[{"name":"wp","href":"https:\/\/api.w.org\/{rel}","templated":true}]}}