{"id":1263,"date":"2024-08-23T10:29:49","date_gmt":"2024-08-23T13:29:49","guid":{"rendered":"https:\/\/eventos.uepb.edu.br\/congressouniversitario\/?page_id=1263"},"modified":"2024-10-29T12:10:48","modified_gmt":"2024-10-29T15:10:48","slug":"i-feira-das-profissoes-uepb","status":"publish","type":"page","link":"https:\/\/eventos.uepb.edu.br\/congressouniversitario\/i-feira-das-profissoes-uepb\/","title":{"rendered":"I Feira das Profiss\u00f5es UEPB"},"content":{"rendered":"<div class=\"wpb-content-wrapper\"><p>[vc_row][vc_column][vc_tta_tour][vc_tta_section title=&#8221;Apresenta\u00e7\u00e3o&#8221; tab_id=&#8221;1723051350484-74ca6583-f13f&#8221;][vc_column_text css=&#8221;&#8221;]<img loading=\"lazy\" decoding=\"async\" class=\"alignleft size-medium wp-image-1601 img-responsive\" src=\"https:\/\/eventos.uepb.edu.br\/congressouniversitario\/wp-content\/uploads\/sites\/7\/2024\/09\/FEIRA-01-Thais-Farias-de-Almeida-300x145.png\" alt=\"\" width=\"300\" height=\"145\" srcset=\"https:\/\/eventos.uepb.edu.br\/congressouniversitario\/wp-content\/uploads\/sites\/7\/2024\/09\/FEIRA-01-Thais-Farias-de-Almeida-300x145.png 300w, https:\/\/eventos.uepb.edu.br\/congressouniversitario\/wp-content\/uploads\/sites\/7\/2024\/09\/FEIRA-01-Thais-Farias-de-Almeida-1536x741.png 1536w, https:\/\/eventos.uepb.edu.br\/congressouniversitario\/wp-content\/uploads\/sites\/7\/2024\/09\/FEIRA-01-Thais-Farias-de-Almeida-2048x988.png 2048w, https:\/\/eventos.uepb.edu.br\/congressouniversitario\/wp-content\/uploads\/sites\/7\/2024\/09\/FEIRA-01-Thais-Farias-de-Almeida-1120x540.png 1120w\" sizes=\"auto, (max-width: 300px) 100vw, 300px\" \/><\/p>\n<p>&nbsp;<\/p>\n<p>&nbsp;<\/p>\n<p>&nbsp;<\/p>\n<p>&nbsp;<\/p>\n<p>&nbsp;<\/p>\n<p>&nbsp;<\/p>\n<p><strong>Tem\u00e1tica:<\/strong> Exposi\u00e7\u00e3o das atividades dos cursos de gradua\u00e7\u00e3o da UEPB.<\/p>\n<p>Exposi\u00e7\u00e3o das atividades dos cursos de gradua\u00e7\u00e3o da institui\u00e7\u00e3o atrav\u00e9s de stand\/biombo para os estudantes do Ensino M\u00e9dio do estado da Para\u00edba.<\/p>\n<p><strong>Formato:<\/strong> Presencial<\/p>\n<p><strong>P\u00fablico-alvo:<\/strong> Estudantes do Ensino M\u00e9dio do estado da Para\u00edba.<\/p>\n<p><strong>Local:<\/strong> Central Acad\u00eamica Paulo Freire (hall), C\u00e2mpus I. R. Bara\u00fanas, 351 &#8211; Universit\u00e1rio, Campina Grande &#8211; PB, 58429-500.[\/vc_column_text][\/vc_tta_section][vc_tta_section title=&#8221;Comiss\u00e3o Organizadora&#8221; tab_id=&#8221;1723051372044-4de7e0c8-ac23&#8243;][vc_column_text css=&#8221;&#8221;]<strong>Coordenadora:<\/strong><\/p>\n<p>Tha\u00eds Farias de Almeida, 1071360, C\u00e2mpus I, PROGRAD<\/p>\n<p><strong>Organizadores(as): <\/strong><\/p>\n<p>Vagda Gutemberg Gon\u00e7alves Rocha, 1229478, C\u00e2mpus I, PROGRAD;<\/p>\n<p>Bruno Henrique Oliveira Timb\u00f3, 1055027, C\u00e2mpus I, PROGRAD;<\/p>\n<p>Alberto Lima de Oliveira, 1020901, C\u00e2mpus I, PROGRAD;<\/p>\n<p>Altamir Souto Dias, 8255726, C\u00e2mpus VIII, PROGRAD.[\/vc_column_text][\/vc_tta_section][vc_tta_section title=&#8221;Programa\u00e7\u00e3o&#8221; tab_id=&#8221;1723051406819-7e54b22e-71d5&#8243;][vc_column_text css=&#8221;&#8221;]Programa\u00e7\u00e3o iniciar\u00e1 no dia <strong>06 de novembro de 2024<\/strong>, das <strong>8:00 \u00e0s 22:00<\/strong>.[\/vc_column_text][\/vc_tta_section][\/vc_tta_tour][\/vc_column][\/vc_row]<\/p>\n<\/div>","protected":false},"excerpt":{"rendered":"<p>[vc_row][vc_column][vc_tta_tour][vc_tta_section title=&#8221;Apresenta\u00e7\u00e3o&#8221; tab_id=&#8221;1723051350484-74ca6583-f13f&#8221;][vc_column_text css=&#8221;&#8221;] &nbsp; &nbsp; &nbsp; &nbsp; &nbsp; &nbsp; Tem\u00e1tica: Exposi\u00e7\u00e3o das atividades dos cursos de gradua\u00e7\u00e3o da UEPB. Exposi\u00e7\u00e3o das atividades dos cursos de gradua\u00e7\u00e3o da institui\u00e7\u00e3o atrav\u00e9s de stand\/biombo para os estudantes do Ensino M\u00e9dio do estado da Para\u00edba. Formato: Presencial P\u00fablico-alvo: Estudantes do Ensino M\u00e9dio do estado da Para\u00edba. Local: Central <a class=\"leiamais\" href=\"https:\/\/eventos.uepb.edu.br\/congressouniversitario\/i-feira-das-profissoes-uepb\/\">Leia Mais&#8230;<\/a><\/p>\n","protected":false},"author":4,"featured_media":0,"parent":0,"menu_order":0,"comment_status":"closed","ping_status":"closed","template":"","meta":{"footnotes":""},"class_list":["post-1263","page","type-page","status-publish","hentry"],"_links":{"self":[{"href":"https:\/\/eventos.uepb.edu.br\/congressouniversitario\/wp-json\/wp\/v2\/pages\/1263","targetHints":{"allow":["GET"]}}],"collection":[{"href":"https:\/\/eventos.uepb.edu.br\/congressouniversitario\/wp-json\/wp\/v2\/pages"}],"about":[{"href":"https:\/\/eventos.uepb.edu.br\/congressouniversitario\/wp-json\/wp\/v2\/types\/page"}],"author":[{"embeddable":true,"href":"https:\/\/eventos.uepb.edu.br\/congressouniversitario\/wp-json\/wp\/v2\/users\/4"}],"replies":[{"embeddable":true,"href":"https:\/\/eventos.uepb.edu.br\/congressouniversitario\/wp-json\/wp\/v2\/comments?post=1263"}],"version-history":[{"count":10,"href":"https:\/\/eventos.uepb.edu.br\/congressouniversitario\/wp-json\/wp\/v2\/pages\/1263\/revisions"}],"predecessor-version":[{"id":2143,"href":"https:\/\/eventos.uepb.edu.br\/congressouniversitario\/wp-json\/wp\/v2\/pages\/1263\/revisions\/2143"}],"wp:attachment":[{"href":"https:\/\/eventos.uepb.edu.br\/congressouniversitario\/wp-json\/wp\/v2\/media?parent=1263"}],"curies":[{"name":"wp","href":"https:\/\/api.w.org\/{rel}","templated":true}]}}