{"id":1247,"date":"2024-08-23T10:23:44","date_gmt":"2024-08-23T13:23:44","guid":{"rendered":"https:\/\/eventos.uepb.edu.br\/congressouniversitario\/?page_id=1247"},"modified":"2024-10-16T11:02:50","modified_gmt":"2024-10-16T14:02:50","slug":"ii-encontro-de-monitoria-da-uepb","status":"publish","type":"page","link":"https:\/\/eventos.uepb.edu.br\/congressouniversitario\/ii-encontro-de-monitoria-da-uepb\/","title":{"rendered":"II Encontro de Monitoria da UEPB"},"content":{"rendered":"<div class=\"wpb-content-wrapper\"><p>[vc_row][vc_column][vc_tta_tour][vc_tta_section title=&#8221;Apresenta\u00e7\u00e3o&#8221; tab_id=&#8221;1723051350484-74ca6583-f13f&#8221;][vc_column_text css=&#8221;&#8221;]<img loading=\"lazy\" decoding=\"async\" class=\"alignleft size-medium wp-image-1487 img-responsive\" src=\"https:\/\/eventos.uepb.edu.br\/congressouniversitario\/wp-content\/uploads\/sites\/7\/2024\/09\/Encontro-monitoria-LOGO-300x172.png\" alt=\"\" width=\"300\" height=\"172\" srcset=\"https:\/\/eventos.uepb.edu.br\/congressouniversitario\/wp-content\/uploads\/sites\/7\/2024\/09\/Encontro-monitoria-LOGO-300x172.png 300w, https:\/\/eventos.uepb.edu.br\/congressouniversitario\/wp-content\/uploads\/sites\/7\/2024\/09\/Encontro-monitoria-LOGO-1120x642.png 1120w, https:\/\/eventos.uepb.edu.br\/congressouniversitario\/wp-content\/uploads\/sites\/7\/2024\/09\/Encontro-monitoria-LOGO.png 1402w\" sizes=\"auto, (max-width: 300px) 100vw, 300px\" \/><\/p>\n<p>&nbsp;<\/p>\n<p>&nbsp;<\/p>\n<p>&nbsp;<\/p>\n<p>&nbsp;<\/p>\n<p>&nbsp;<\/p>\n<p><strong>Tem\u00e1tica:<\/strong> Discuss\u00e3o da atividade de monitoria desenvolvida na UEPB.<\/p>\n<p>&nbsp;<\/p>\n<p>O <strong>II Encontro de Monitoria da UEPB<\/strong> constitui um evento destinado \u00e0 discuss\u00e3o da atividade de monitoria desenvolvida na UEPB. O evento contar\u00e1 com mesas tem\u00e1ticas segundo as \u00e1reas de desenvolvimento da atividade de monitoria, as Ci\u00eancias Exatas e Tecnologias, as Ci\u00eancias Humanas e Sociais Aplicadas e as Ci\u00eancias da Vida e da Sa\u00fade. Al\u00e9m disso, todos os monitores que exerceram ou exercem a monitoria em 2024.1 e 2024.2 s\u00e3o convidados a expor suas experi\u00eancias com a apresenta\u00e7\u00e3o de trabalhos no formato p\u00f4ster.<\/p>\n<p><strong>Formato:<\/strong> Presencial<\/p>\n<p><strong>P\u00fablico-alvo:<\/strong> Toda a comunidade acad\u00eamica<\/p>\n<p><strong>Local:<\/strong> Em salas de aula e no hall da Central Acad\u00eamica Paulo Freire.<br \/>\nR. Bara\u00fanas, 351 &#8211; Universit\u00e1rio, Campina Grande &#8211; PB, 58429-500[\/vc_column_text][\/vc_tta_section][vc_tta_section title=&#8221;Comiss\u00e3o Organizadora&#8221; tab_id=&#8221;1723051372044-4de7e0c8-ac23&#8243;][vc_column_text css=&#8221;&#8221;]<span style=\"color: #0000ff\"><strong>Coordenador: <\/strong><\/span><\/p>\n<p>Altamir Souto Dias, C\u00e2mpus VIII, PROGRAD<\/p>\n<p><strong><span style=\"color: #0000ff\">Organizadores:<\/span><\/strong><\/p>\n<p>Bruno Henrique Oliveira Timb\u00f3, C\u00e2mpus I, PROGRAD;<\/p>\n<p>Alberto Lima de Oliveira, C\u00e2mpus I, PROGRAD;<\/p>\n<p>Thais Farias de Almeida, C\u00e2mpus I, PROGRAD;<\/p>\n<p>Arthur Felipe Albuquerque Cavalcanti, C\u00e2mpus I, PROGRAD;<\/p>\n<p>Milenna Sara Ferreira Matias, C\u00e2mpus I, PROGRAD[\/vc_column_text][\/vc_tta_section][vc_tta_section title=&#8221;Comiss\u00e3o Cient\u00edfica e Avaliadora&#8221; tab_id=&#8221;1723051393227-dd34a073-4930&#8243;][vc_column_text css=&#8221;&#8221;]Em constru\u00e7\u00e3o.[\/vc_column_text][\/vc_tta_section][vc_tta_section title=&#8221;Programa\u00e7\u00e3o&#8221; tab_id=&#8221;1723051406819-7e54b22e-71d5&#8243;][vc_column_text css=&#8221;&#8221;]Em constru\u00e7\u00e3o.[\/vc_column_text][\/vc_tta_section][vc_tta_section title=&#8221;Inscri\u00e7\u00f5es e Credenciamento&#8221; tab_id=&#8221;1723056810590-d369a7e8-5186&#8243;][vc_column_text css=&#8221;&#8221;]<\/p>\n<p class=\"western\" align=\"justify\"><span style=\"font-family: Arial, serif;color: #0000ff\"><span style=\"font-size: small\">Normas para Inscri\u00e7\u00e3o e Credenciamento<\/span><\/span><\/p>\n<p class=\"western\" align=\"justify\"><span style=\"font-family: Arial, serif\"><span style=\"font-size: small\">Prazo para inscri\u00e7\u00e3o \u2013 at\u00e9 <\/span><\/span><span style=\"font-family: Arial, serif\"><span style=\"font-size: small\"><b><del>15 DE OUTUBRO DE 2024<\/del>\u00a0 <span style=\"color: #0000ff\">20\u00a0DE OUTUBRO DE 2024<\/span><\/b><\/span><\/span><\/p>\n<p class=\"western\" align=\"justify\"><span style=\"font-family: Arial, serif\"><span style=\"font-size: small\"><b>ATEN\u00c7\u00c3O:<\/b><\/span><\/span><span style=\"font-family: Arial, serif\"><span style=\"font-size: small\"> n\u00e3o haver\u00e1 inscri\u00e7\u00f5es ap\u00f3s essa data e o credenciamento s\u00f3 ser\u00e1 realizado para os inscritos.<\/span><\/span><\/p>\n<p class=\"western\" align=\"justify\"><span style=\"font-family: Arial, serif\"><span style=\"font-size: small\">Siga as normas, inscreva-se e participe conosco!<\/span><\/span><\/p>\n<p class=\"western\" align=\"justify\"><span style=\"color: #0000ff\"><span style=\"font-family: Arial, serif\"><span style=\"font-size: small\">Regras gerais sobre as inscri\u00e7\u00f5es<\/span><\/span><\/span><\/p>\n<p class=\"western\" align=\"justify\"><span style=\"font-family: Arial, serif\"><span style=\"font-size: small\">Todos(as) os(as) participantes dever\u00e3o realizar inscri\u00e7\u00f5es no<strong> II Encontro de Monitoria da UEPB.<\/strong><\/span><\/span><\/p>\n<p class=\"western\" align=\"justify\"><span style=\"font-family: Arial, serif\"><span style=\"font-size: small\">As inscri\u00e7\u00f5es dever\u00e3o ser efetuadas por meio do preenchimento do formul\u00e1rio on-line, observando-se os prazos estabelecidos para cada modalidade de inscri\u00e7\u00e3o.<\/span><\/span><\/p>\n<p class=\"western\" align=\"justify\"><span style=\"font-family: Arial, serif\"><span style=\"font-size: small\">No menu, escolha a op\u00e7\u00e3o \u201cRealizar inscri\u00e7\u00e3o no evento\u201d e preencha as informa\u00e7\u00f5es solicitadas.<\/span><\/span><\/p>\n<p class=\"western\" align=\"justify\"><span style=\"font-family: Arial, serif\"><span style=\"font-size: small\">No item \u201cPerfil\u201d, escolha uma das op\u00e7\u00f5es segundo o seu v\u00ednculo com a UEPB:<\/span><\/span><\/p>\n<p class=\"western\" align=\"justify\">\u2022 <span style=\"font-family: Arial, serif\"><span style=\"font-size: small\">SERVIDOR (docente ou t\u00e9cnico administrativo);<\/span><\/span><\/p>\n<p class=\"western\" align=\"justify\">\u2022 <span style=\"font-family: Arial, serif\"><span style=\"font-size: small\">ALUNO (gradua\u00e7\u00e3o ou p\u00f3s).<\/span><\/span><\/p>\n<p class=\"western\" align=\"justify\">\u2022 <span style=\"font-family: Arial, serif\"><span style=\"font-size: small\">P\u00daBLICO EXTERNO \u2013 refere-se a toda e qualquer pessoa <\/span><\/span><span style=\"font-family: Arial, serif\"><span style=\"font-size: small\"><b>sem v\u00ednculo com a UEPB<\/b><\/span><\/span><span style=\"font-family: Arial, serif\"><span style=\"font-size: small\"> que deseja participar do Evento.<\/span><\/span><\/p>\n<p class=\"western\" align=\"justify\"><span style=\"font-family: Arial, serif\"><span style=\"font-size: small\">Para a finaliza\u00e7\u00e3o da inscri\u00e7\u00e3o, faz-se necess\u00e1rio <\/span><\/span><span style=\"font-family: Arial, serif\"><span style=\"font-size: small\">escolher a op\u00e7\u00e3o: <em>A atividade &#8220;Minicurso \u00e0s 03:49&#8221; \u00e9 uma op\u00e7\u00e3o meramente formal, em virtude da limita\u00e7\u00e3o do sistema para inserir dados excepcionais. Desse modo, ao selecionar tal atividade, o candidato estar\u00e1 optando participar do evento\u00a0APENAS COMO OUVINTE<\/em>..<\/span><\/span><\/p>\n<p class=\"western\" align=\"justify\"><span style=\"font-family: Arial, serif\"><span style=\"font-size: small\"><b>OBS:<\/b><\/span><\/span><span style=\"font-family: Arial, serif\"><span style=\"font-size: small\"> Depois de escolhidas as atividades (minicursos e\/ou oficinas), e finalizada a inscri\u00e7\u00e3o, n\u00e3o ser\u00e1 poss\u00edvel acrescentar nem trocar de atividade, portanto, al\u00e9m do formato, observe dias e hor\u00e1rios dispon\u00edveis.<\/span><\/span><\/p>\n<p class=\"western\" align=\"justify\"><span style=\"font-family: Arial, serif\"><span style=\"font-size: small\">Na aba \u201cPrograma\u00e7\u00e3o\u201d ser\u00e3o disponibilizados os links de acesso \u00e0s atividades remotas e a localiza\u00e7\u00e3o das atividades presenciais.<\/span><\/span><\/p>\n<p class=\"western\" align=\"justify\"><span style=\"font-family: Arial, serif\"><span style=\"font-size: small\"><b>Submiss\u00e3o de Trabalhos<\/b><\/span><\/span><\/p>\n<p class=\"western\" align=\"justify\"><span style=\"font-family: Arial, serif\"><span style=\"font-size: small\">Para submiss\u00e3o de trabalhos \u00e9 necess\u00e1ria a inscri\u00e7\u00e3o no <strong>II Encontro de Monitoria da UEPB<\/strong><\/span><\/span><span style=\"color: #ff0000\"><span style=\"font-family: Arial, serif\"><span style=\"font-size: small\">\u00a0<\/span><\/span><\/span><span style=\"font-family: Arial, serif\"><span style=\"font-size: small\">e em seguida acessar a aba \u201cSubmiss\u00e3o de trabalhos\u201d.<\/span><\/span><\/p>\n<p class=\"western\" align=\"justify\"><span style=\"font-family: Arial, serif\"><span style=\"font-size: small\"><b>Credenciamento<\/b><\/span><\/span><\/p>\n<p class=\"western\" align=\"justify\"><span style=\"font-family: Arial, serif\"><span style=\"font-size: small\">O credenciamento s\u00f3 ser\u00e1 efetuado com a apresenta\u00e7\u00e3o de um documento oficial com foto (RG, CNH ou documento oficial expedido por \u00f3rg\u00e3os federais).<\/span><\/span><\/p>\n<p class=\"western\" align=\"justify\"><span style=\"font-family: Arial, serif\"><span style=\"font-size: small\">N\u00e3o ser\u00e1 permitido o credenciamento por terceiros, exceto atrav\u00e9s de procura\u00e7\u00e3o. A entrega do material do evento ser\u00e1 realizada apenas ao participante presente ou ao seu procurador.<\/span><\/span><\/p>\n<p class=\"western\" align=\"justify\"><span style=\"font-family: Arial, serif\"><span style=\"font-size: small\">O credenciamento (entrega do material \u2013 pasta, crach\u00e1, bloco e caneta) ocorrer\u00e1 no local do evento;<\/span><\/span><\/p>\n<p class=\"western\" align=\"justify\"><span style=\"font-family: Arial, serif\"><span style=\"font-size: small\">Haver\u00e1 lista de presen\u00e7a em todas as atividades.<\/span><\/span><\/p>\n<p class=\"western\" align=\"justify\"><span style=\"font-family: Arial, serif;color: #0000ff\"><span style=\"font-size: small\"><b>Fa\u00e7a Sua Inscri\u00e7\u00e3o<\/b><\/span><\/span><\/p>\n<p class=\"western\" align=\"justify\"><span style=\"font-family: Arial, serif\"><span style=\"font-size: small\">Acesse o link: <a href=\"https:\/\/suap.uepb.edu.br\/eventos\/inscricao\/70\/\">https:\/\/suap.uepb.edu.br\/eventos\/inscricao\/70\/<\/a><\/span><\/span><\/p>\n<p>[\/vc_column_text][\/vc_tta_section][vc_tta_section title=&#8221;Submiss\u00e3o de Trabalhos&#8221; tab_id=&#8221;1723056827084-d333db5f-2eaf&#8221;][vc_column_text css=&#8221;&#8221;]<\/p>\n<p align=\"justify\"><span style=\"font-size: medium;color: #0000ff\"><b>P\u00d4STERES<\/b><\/span><\/p>\n<p align=\"justify\"><span style=\"font-size: medium\">O p\u00f4ster deve se vincular a um dos eixos tem\u00e1ticos do evento. O texto elaborado pelos\/as autores\/as dever\u00e1 ser um trabalho com experi\u00eancias vivenciadas na atividade da monitoria. O(a) autor(a) do p\u00f4ster dever\u00e1 efetuar sua inscri\u00e7\u00e3o no evento.<\/span><\/p>\n<p align=\"justify\"><span style=\"font-size: medium;color: #00ccff\"><b>Formata\u00e7\u00e3o do P\u00f4ster<\/b><\/span><\/p>\n<p align=\"justify\"><span style=\"font-size: medium\">A estrutura do texto para p\u00f4ster deve conter: t\u00edtulo, resumo e tr\u00eas palavras-chave.<br \/>\nOs p\u00f4steres ser\u00e3o organizados em sess\u00e3o de 45 minutos. Per\u00edodo no qual o\/a autor\/a far\u00e1 sua apresenta\u00e7\u00e3o.<\/span><\/p>\n<p align=\"justify\"><span style=\"color: #00ccff\"><span style=\"font-size: medium\"><b>Formata\u00e7\u00e3o dos textos que acompanham o p\u00f4ster para publica\u00e7\u00e3o nos <\/b><\/span><span style=\"font-size: medium\"><b>A<\/b><\/span><span style=\"font-size: medium\"><b>nais do evento<\/b><\/span><\/span><\/p>\n<p align=\"justify\"><span style=\"font-size: medium\">O texto do p\u00f4ster dever\u00e1 ter formato de artigo, contendo resumo de at\u00e9 250 palavras, com problema de pesquisa, sua hip\u00f3tese (se necess\u00e1rio), objetivos, procedimentos metodol\u00f3gicos, discuss\u00e3o e resultados, considera\u00e7\u00f5es finais e refer\u00eancias, estruturado conforme modelo em anexo, incluindo as refer\u00eancias bibliogr\u00e1ficas.<\/span><\/p>\n<p align=\"justify\"><span style=\"font-size: medium\"><b>P\u00f4ster \u2013<\/b><\/span><span style=\"font-size: medium\"> resultados de trabalhos em andamento que apresentem an\u00e1lises parciais consistentes, organizados em sess\u00f5es de 45 minutos.<\/span><\/p>\n<p align=\"justify\"><span style=\"font-size: medium\"><b>Quantidade de trabalhos para submiss\u00e3o em anais (P\u00f4ster):<\/b><\/span><\/p>\n<p align=\"justify\"><span style=\"font-size: medium\">Trabalhos como autor\/a principal: 01<\/span><\/p>\n<p align=\"justify\"><span style=\"font-size: medium\"><b>Formato:<\/b><\/span><span style=\"font-size: medium\"> o arquivo dever\u00e1 ser anexado no formato PDF.<\/span><\/p>\n<p align=\"justify\"><a href=\"https:\/\/eventos.uepb.edu.br\/congressouniversitario\/download\/template-ii-encontro-de-monitoria-da-uepb\/\">Template \u2013 II Encontro de Monitoria da UEPB<\/a><\/p>\n<p align=\"justify\"><a href=\"https:\/\/eventos.uepb.edu.br\/congressouniversitario\/download\/template-em-pptx-ii-encontro-de-monitoria-da-uepb\/\">TEMPLATE EM PPTX \u2013 II Encontro de Monitoria da UEPB<\/a><\/p>\n<p align=\"justify\"><span style=\"color: #0000ff\">Acesse o link e submeta seu trabalho:<\/span> <a href=\"https:\/\/suap.uepb.edu.br\/eventos\/inscricao\/70\/\">https:\/\/suap.uepb.edu.br\/eventos\/inscricao\/70\/<\/a><\/p>\n<p>[\/vc_column_text][\/vc_tta_section][vc_tta_section title=&#8221;Apresenta\u00e7\u00e3o e avalia\u00e7\u00e3o de Trabalhos&#8221; tab_id=&#8221;1723056843092-3b78113b-6dca&#8221;][vc_column_text css=&#8221;&#8221;]<\/p>\n<p align=\"justify\"><span style=\"font-size: medium;color: #0000ff\"><b>MODO DE APRESENTA\u00c7\u00c3O<\/b><\/span><\/p>\n<p align=\"justify\"><span style=\"font-size: medium\">1. O p\u00f4ster deve ser confeccionado no formato banner, em lona, no tamanho 1,20m x 0,90m, de acordo com o template p\u00f4ster dispon\u00edvel para download.<\/span><\/p>\n<p align=\"justify\"><span style=\"font-size: medium\">2. O(A) expositor(a) dever\u00e1 verificar no site do evento o dia e o hor\u00e1rio de apresenta\u00e7\u00e3o do p\u00f4ster. As apresenta\u00e7\u00f5es acontecer\u00e3o no C\u00e2mpus que o curso \u00e9 vinculado.<\/span><\/p>\n<p align=\"justify\"><span style=\"font-size: medium\">3. O(A) expositor(a) dever\u00e1 observar o n\u00famero de seu localizador para identificar o local espec\u00edfico em que o p\u00f4ster ser\u00e1 posicionado para apresenta\u00e7\u00e3o.<\/span><\/p>\n<p align=\"justify\"><span style=\"font-size: medium\">4. Cada sess\u00e3o de apresenta\u00e7\u00e3o de p\u00f4steres ter\u00e1 a dura\u00e7\u00e3o de 45 minutos. O(A) expositor(a) deve permanecer no local em que est\u00e1 posicionado seu p\u00f4ster para dialogar com os\/as demais participantes do evento. N\u00e3o se trata de uma comunica\u00e7\u00e3o oral, portanto, n\u00e3o ser\u00e1 necess\u00e1ria a prepara\u00e7\u00e3o de slides.<\/span><\/p>\n<p align=\"justify\"><span style=\"font-size: medium\">5. Ao longo da sess\u00e3o de p\u00f4steres, uma equipe de monitores\/as coletar\u00e1 a assinatura dos\/as expositores\/as para comprovar a apresenta\u00e7\u00e3o dos trabalhos.<\/span><\/p>\n<p align=\"justify\"><span style=\"font-size: medium\">6. Os\/as expositores\/as dever\u00e3o retirar seus p\u00f4steres do local, logo ap\u00f3s o t\u00e9rmino da sess\u00e3o de apresenta\u00e7\u00e3o.<\/span><\/p>\n<p style=\"text-align: left\" align=\"center\"><span style=\"font-size: medium;color: #0000ff\"><b>CRIT\u00c9RIOS PARA AVALIA\u00c7\u00c3O DOS P\u00d4STERES <\/b><\/span><\/p>\n<p align=\"justify\"><span style=\"font-size: medium\">Os crit\u00e9rios abaixo ser\u00e3o avaliados pela comiss\u00e3o de avalia\u00e7\u00e3o <\/span><span style=\"font-size: medium\"><i>in loco<\/i><\/span><span style=\"font-size: medium\">:<\/span><\/p>\n<p align=\"justify\"><span style=\"font-size: medium\"><b>1. Apresenta\u00e7\u00e3o<\/b><\/span><span style=\"font-size: medium\"> \u2013 aspecto geral do p\u00f4ster: <\/span><\/p>\n<ul>\n<li>\n<p align=\"justify\"><span style=\"font-size: medium\">Disposi\u00e7\u00e3o do Conte\u00fado: est\u00e1 bem distribu\u00eddo, em uma sequ\u00eancia l\u00f3gica, com gr\u00e1ficos, tabelas e fotos de acordo com o texto? <\/span><\/p>\n<\/li>\n<li>\n<p align=\"justify\"><span style=\"font-size: medium\">O p\u00f4ster \u00e9 auto-explicativo? Lendo-o, tem-se a compreens\u00e3o do que se trata, do conte\u00fado e dos resultados? <\/span><\/p>\n<\/li>\n<li>\n<p align=\"justify\"><span style=\"font-size: medium\">Est\u00e9tica: qualidade visual do p\u00f4ster; se bem trabalhado, se alinhado corretamente, etc. <\/span><\/p>\n<\/li>\n<\/ul>\n<p align=\"justify\"><span style=\"font-size: medium\"><b>2. Conte\u00fado<\/b><\/span><span style=\"font-size: medium\"> \u2013 metodologia do trabalho <\/span><\/p>\n<ul>\n<li>\n<p align=\"justify\"><span style=\"font-size: medium\">Metodologia da coleta dos dados: a forma de coleta dos dados foi realizada de forma cient\u00edfica? Envolveu pesquisa de campo? Pesquisa bibliogr\u00e1fica relevante? <\/span><\/p>\n<\/li>\n<li>\n<p align=\"justify\"><span style=\"font-size: medium\">Consist\u00eancia dos dados: os dados coletados s\u00e3o, al\u00e9m de confi\u00e1veis, significantes para o universo da popula\u00e7\u00e3o que se quer estudar? Foram coletados com confiabilidade? A pesquisa bibliogr\u00e1fica foi feita em fonte de dados confi\u00e1vel? <\/span><\/p>\n<\/li>\n<li>\n<p align=\"justify\"><span style=\"font-size: medium\">Desenvolvimento cient\u00edfico do trabalho: foi realizado dentro do m\u00e9todo cient\u00edfico? Desenvolveram os temas pesquisados visando \u00e0 aplica\u00e7\u00e3o pr\u00e1tica dos mesmos? <\/span><\/p>\n<\/li>\n<\/ul>\n<p align=\"justify\"><span style=\"font-size: medium\"><b>3. Resultados<\/b><\/span><\/p>\n<ul>\n<li>\n<p align=\"justify\"><span style=\"font-size: medium\">Relev\u00e2ncia para a forma\u00e7\u00e3o acad\u00eamica e contribui\u00e7\u00e3o social; <\/span><\/p>\n<\/li>\n<li>\n<p align=\"justify\"><span style=\"font-size: medium\">Pode ser aplicado na pr\u00e1tica di\u00e1ria? <\/span><\/p>\n<\/li>\n<li>\n<p align=\"justify\"><span style=\"font-size: medium\">Leva a alguma conclus\u00e3o\/ benef\u00edcio? O trabalho consegue provar sua tese (m\u00e9todo cient\u00edfico)? Tem conclus\u00f5es concretas a apresentar a partir do tema abordado?<\/span><\/p>\n<\/li>\n<\/ul>\n<p>[\/vc_column_text][\/vc_tta_section][vc_tta_section title=&#8221;Aloca\u00e7\u00e3o de Trabalhos&#8221; tab_id=&#8221;1723056861459-0e2ad0e5-c9e3&#8243;][vc_column_text css=&#8221;&#8221;]As informa\u00e7\u00f5es referentes ao local e hor\u00e1rio de apresenta\u00e7\u00e3o de trabalhos ser\u00e3o disponibilizadas ap\u00f3s o encerramento das inscri\u00e7\u00f5es.[\/vc_column_text][\/vc_tta_section][vc_tta_section title=&#8221;Premia\u00e7\u00e3o&#8221; tab_id=&#8221;1723056880150-d9a0f853-f4df&#8221;][vc_column_text css=&#8221;&#8221;]Em constru\u00e7\u00e3o.[\/vc_column_text][\/vc_tta_section][vc_tta_section title=&#8221;Certificado e ANAIS&#8221; tab_id=&#8221;1723056893961-23202c5a-7142&#8243;][vc_column_text css=&#8221;&#8221;]<\/p>\n<ul>\n<li>\n<p class=\"western\" align=\"justify\"><span style=\"font-family: Arial, serif\"><span style=\"font-size: small\">Informamos aos participantes do <strong>II Encontro de Monitoria da UEPB<\/strong><\/span><\/span><span style=\"font-family: Arial, serif\"><span style=\"font-size: small\">\u00a0que\u00a0os certificados ser\u00e3o enviados para o e-mail dos inscritos que estiveram presentes no evento, favor buscar, na caixa de entrada ou no SPAM, pelo assunto: [SUAP] Certificado de Participa\u00e7\u00e3o;<\/span><\/span><\/p>\n<\/li>\n<li>\n<p class=\"western\" align=\"justify\"><span style=\"font-family: Arial, serif\"><span style=\"font-size: small\">O certificado de Participa\u00e7\u00e3o no <strong>II Encontro de Monitoria da UEPB<\/strong><\/span><\/span><span style=\"font-family: Arial, serif\"><span style=\"font-size: small\"> ser\u00e1 emitido com <strong>15<\/strong><\/span><\/span><span style=\"font-family: Arial, serif\"><span style=\"font-size: small\"><strong>\u00a0horas<\/strong> para todos os participantes inscritos e que assinaram as listas de presen\u00e7a;<\/span><\/span><\/p>\n<\/li>\n<li>\n<p class=\"western\" align=\"justify\"><span style=\"color: #000000\"><span style=\"font-family: Arial, serif\"><span style=\"font-size: small\">Os certificados de <\/span><\/span><span style=\"font-family: Arial, serif\"><span style=\"font-size: small\">apresenta\u00e7\u00e3o de trabalhos, Comiss\u00e3o Cient\u00edfica e Avaliadora, e Ministrante de atividade <\/span><\/span><\/span><span style=\"font-family: Arial, serif\"><span style=\"font-size: small\"><span style=\"color: #000000\">ser\u00e3o\/foram enviados<\/span> para o e-mail informado no ato da inscri\u00e7\u00e3o; <\/span><\/span><\/p>\n<\/li>\n<li>\n<p class=\"western\" align=\"justify\"><span style=\"font-family: Arial, serif\"><span style=\"font-size: small\">Os\u00a0ANAIS\u00a0a medida que forem publicados ser\u00e3o divulgados.<\/span><\/span><\/p>\n<\/li>\n<\/ul>\n<p>[\/vc_column_text][\/vc_tta_section][\/vc_tta_tour][\/vc_column][\/vc_row]<\/p>\n<\/div>","protected":false},"excerpt":{"rendered":"<p>[vc_row][vc_column][vc_tta_tour][vc_tta_section title=&#8221;Apresenta\u00e7\u00e3o&#8221; tab_id=&#8221;1723051350484-74ca6583-f13f&#8221;][vc_column_text css=&#8221;&#8221;] &nbsp; &nbsp; &nbsp; &nbsp; &nbsp; Tem\u00e1tica: Discuss\u00e3o da atividade de monitoria desenvolvida na UEPB. &nbsp; O II Encontro de Monitoria da UEPB constitui um evento destinado \u00e0 discuss\u00e3o da atividade de monitoria desenvolvida na UEPB. O evento contar\u00e1 com mesas tem\u00e1ticas segundo as \u00e1reas de desenvolvimento da atividade de monitoria, as <a class=\"leiamais\" href=\"https:\/\/eventos.uepb.edu.br\/congressouniversitario\/ii-encontro-de-monitoria-da-uepb\/\">Leia Mais&#8230;<\/a><\/p>\n","protected":false},"author":4,"featured_media":0,"parent":0,"menu_order":0,"comment_status":"closed","ping_status":"closed","template":"","meta":{"footnotes":""},"class_list":["post-1247","page","type-page","status-publish","hentry"],"_links":{"self":[{"href":"https:\/\/eventos.uepb.edu.br\/congressouniversitario\/wp-json\/wp\/v2\/pages\/1247","targetHints":{"allow":["GET"]}}],"collection":[{"href":"https:\/\/eventos.uepb.edu.br\/congressouniversitario\/wp-json\/wp\/v2\/pages"}],"about":[{"href":"https:\/\/eventos.uepb.edu.br\/congressouniversitario\/wp-json\/wp\/v2\/types\/page"}],"author":[{"embeddable":true,"href":"https:\/\/eventos.uepb.edu.br\/congressouniversitario\/wp-json\/wp\/v2\/users\/4"}],"replies":[{"embeddable":true,"href":"https:\/\/eventos.uepb.edu.br\/congressouniversitario\/wp-json\/wp\/v2\/comments?post=1247"}],"version-history":[{"count":20,"href":"https:\/\/eventos.uepb.edu.br\/congressouniversitario\/wp-json\/wp\/v2\/pages\/1247\/revisions"}],"predecessor-version":[{"id":2109,"href":"https:\/\/eventos.uepb.edu.br\/congressouniversitario\/wp-json\/wp\/v2\/pages\/1247\/revisions\/2109"}],"wp:attachment":[{"href":"https:\/\/eventos.uepb.edu.br\/congressouniversitario\/wp-json\/wp\/v2\/media?parent=1247"}],"curies":[{"name":"wp","href":"https:\/\/api.w.org\/{rel}","templated":true}]}}