{"id":1217,"date":"2024-08-07T14:21:39","date_gmt":"2024-08-07T17:21:39","guid":{"rendered":"https:\/\/eventos.uepb.edu.br\/congressouniversitario\/?page_id=1217"},"modified":"2024-11-11T11:20:40","modified_gmt":"2024-11-11T14:20:40","slug":"comissao-geral-do-congresso","status":"publish","type":"page","link":"https:\/\/eventos.uepb.edu.br\/congressouniversitario\/comissao-geral-do-congresso\/","title":{"rendered":"Comiss\u00e3o Geral do Congresso"},"content":{"rendered":"<p><strong>Comiss\u00e3o Geral do Congresso<\/strong><\/p>\n<ul>\n<li>N\u00fabia do Nascimento Martins (Presidente)<\/li>\n<li>Paula Almeida de Castro (Vice-Presidente)<\/li>\n<li>Dillane Ara\u00fajo Arruda Ramos (Secret\u00e1ria)<\/li>\n<li>Aluska Tatiane Cabral Oliveira (T\u00e9cnica administrativa)<\/li>\n<li>Thayza Greg\u00f3rio dos Santos (T\u00e9cnica administrativa)<\/li>\n<li>Val\u00e9ria Martins Cavalcanti (T\u00e9cnica administrativa)<\/li>\n<li>Roseane Barros da Silva (T\u00e9cnica administrativa)<\/li>\n<\/ul>\n","protected":false},"excerpt":{"rendered":"<p>Comiss\u00e3o Geral do Congresso N\u00fabia do Nascimento Martins (Presidente) Paula Almeida de Castro (Vice-Presidente) Dillane Ara\u00fajo Arruda Ramos (Secret\u00e1ria) Aluska Tatiane Cabral Oliveira (T\u00e9cnica administrativa) Thayza Greg\u00f3rio dos Santos (T\u00e9cnica administrativa) Val\u00e9ria Martins Cavalcanti (T\u00e9cnica administrativa) Roseane Barros da Silva (T\u00e9cnica administrativa)<\/p>\n","protected":false},"author":4,"featured_media":0,"parent":0,"menu_order":0,"comment_status":"closed","ping_status":"closed","template":"","meta":{"footnotes":""},"class_list":["post-1217","page","type-page","status-publish","hentry"],"_links":{"self":[{"href":"https:\/\/eventos.uepb.edu.br\/congressouniversitario\/wp-json\/wp\/v2\/pages\/1217","targetHints":{"allow":["GET"]}}],"collection":[{"href":"https:\/\/eventos.uepb.edu.br\/congressouniversitario\/wp-json\/wp\/v2\/pages"}],"about":[{"href":"https:\/\/eventos.uepb.edu.br\/congressouniversitario\/wp-json\/wp\/v2\/types\/page"}],"author":[{"embeddable":true,"href":"https:\/\/eventos.uepb.edu.br\/congressouniversitario\/wp-json\/wp\/v2\/users\/4"}],"replies":[{"embeddable":true,"href":"https:\/\/eventos.uepb.edu.br\/congressouniversitario\/wp-json\/wp\/v2\/comments?post=1217"}],"version-history":[{"count":5,"href":"https:\/\/eventos.uepb.edu.br\/congressouniversitario\/wp-json\/wp\/v2\/pages\/1217\/revisions"}],"predecessor-version":[{"id":2195,"href":"https:\/\/eventos.uepb.edu.br\/congressouniversitario\/wp-json\/wp\/v2\/pages\/1217\/revisions\/2195"}],"wp:attachment":[{"href":"https:\/\/eventos.uepb.edu.br\/congressouniversitario\/wp-json\/wp\/v2\/media?parent=1217"}],"curies":[{"name":"wp","href":"https:\/\/api.w.org\/{rel}","templated":true}]}}