{"id":196,"date":"2022-10-17T14:24:51","date_gmt":"2022-10-17T17:24:51","guid":{"rendered":"https:\/\/eventos.uepb.edu.br\/2congressouniversitario\/?page_id=196"},"modified":"2023-06-07T14:36:12","modified_gmt":"2023-06-07T17:36:12","slug":"certificados","status":"publish","type":"page","link":"https:\/\/eventos.uepb.edu.br\/2congressouniversitario\/certificados\/","title":{"rendered":"Certificados"},"content":{"rendered":"<div class=\"wpb-content-wrapper\"><p>[vc_row gap=&#8221;30&#8243;][vc_column][vc_column_text]<\/p>\n<h2>Como ter acesso ao certificado?<\/h2>\n<ol>\n<li>Acesse: <a href=\"https:\/\/sistemas.uepb.edu.br\/forms\/\" target=\"_blank\" rel=\"noopener\">https:\/\/sistemas.uepb.edu.br\/forms\/<\/a><\/li>\n<li>Informe seu CPF e clique na lupa<\/li>\n<\/ol>\n<p>[\/vc_column_text][vc_single_image image=&#8221;516&#8243; img_size=&#8221;full&#8221; css=&#8221;.vc_custom_1686159369092{border-top-width: 1px !important;border-right-width: 1px !important;border-bottom-width: 1px !important;border-left-width: 1px !important;border-left-color: #cccccc !important;border-left-style: s\u00f3lido !important;border-right-color: #cccccc !important;border-right-style: s\u00f3lido !important;border-top-color: #cccccc !important;border-top-style: s\u00f3lido !important;border-bottom-color: #cccccc !important;border-bottom-style: s\u00f3lido !important;}&#8221;][\/vc_column][\/vc_row]<\/p>\n<\/div>","protected":false},"excerpt":{"rendered":"<p>[vc_row gap=&#8221;30&#8243;][vc_column][vc_column_text] Como ter acesso ao certificado? Acesse: https:\/\/sistemas.uepb.edu.br\/forms\/ Informe seu CPF e clique na lupa [\/vc_column_text][vc_single_image image=&#8221;516&#8243; img_size=&#8221;full&#8221; css=&#8221;.vc_custom_1686159369092{border-top-width: 1px !important;border-right-width: 1px !important;border-bottom-width: 1px !important;border-left-width: 1px !important;border-left-color: #cccccc !important;border-left-style: s\u00f3lido !important;border-right-color: #cccccc !important;border-right-style: s\u00f3lido !important;border-top-color: #cccccc !important;border-top-style: s\u00f3lido !important;border-bottom-color: #cccccc !important;border-bottom-style: s\u00f3lido !important;}&#8221;][\/vc_column][\/vc_row]<\/p>\n","protected":false},"author":1,"featured_media":0,"parent":0,"menu_order":0,"comment_status":"closed","ping_status":"closed","template":"page-sem-espacamento.php","meta":{"footnotes":""},"class_list":["post-196","page","type-page","status-publish","hentry"],"_links":{"self":[{"href":"https:\/\/eventos.uepb.edu.br\/2congressouniversitario\/wp-json\/wp\/v2\/pages\/196","targetHints":{"allow":["GET"]}}],"collection":[{"href":"https:\/\/eventos.uepb.edu.br\/2congressouniversitario\/wp-json\/wp\/v2\/pages"}],"about":[{"href":"https:\/\/eventos.uepb.edu.br\/2congressouniversitario\/wp-json\/wp\/v2\/types\/page"}],"author":[{"embeddable":true,"href":"https:\/\/eventos.uepb.edu.br\/2congressouniversitario\/wp-json\/wp\/v2\/users\/1"}],"replies":[{"embeddable":true,"href":"https:\/\/eventos.uepb.edu.br\/2congressouniversitario\/wp-json\/wp\/v2\/comments?post=196"}],"version-history":[{"count":0,"href":"https:\/\/eventos.uepb.edu.br\/2congressouniversitario\/wp-json\/wp\/v2\/pages\/196\/revisions"}],"wp:attachment":[{"href":"https:\/\/eventos.uepb.edu.br\/2congressouniversitario\/wp-json\/wp\/v2\/media?parent=196"}],"curies":[{"name":"wp","href":"https:\/\/api.w.org\/{rel}","templated":true}]}}