{"id":117,"date":"2022-10-17T08:27:02","date_gmt":"2022-10-17T11:27:02","guid":{"rendered":"https:\/\/eventos.uepb.edu.br\/2congressouniversitario\/?page_id=117"},"modified":"2022-10-28T11:59:33","modified_gmt":"2022-10-28T14:59:33","slug":"comissoes","status":"publish","type":"page","link":"https:\/\/eventos.uepb.edu.br\/2congressouniversitario\/comissoes\/","title":{"rendered":"Comiss\u00f5es"},"content":{"rendered":"<div class=\"wpb-content-wrapper\"><p>[vc_row gap=&#8221;30&#8243; equal_height=&#8221;yes&#8221; el_class=&#8221;conf-azul&#8221;][vc_column width=&#8221;1\/3&#8243;][vc_text_separator title=&#8221;Comiss\u00e3o Organizadora&#8221; title_align=&#8221;separator_align_left&#8221; css=&#8221;.vc_custom_1666190081555{margin-top: 10px !important;}&#8221;][vc_column_text]- Pr\u00f3-Reitoria de Gradua\u00e7\u00e3o (PROGRAD)<br \/>\n&#8211; Pr\u00f3-Reitoria de P\u00f3s-Gradua\u00e7\u00e3o e Pesquisa (PRPGP)<br \/>\n&#8211; Pr\u00f3- Reitoria de Extens\u00e3o (PROEXT)<\/p>\n<ul>\n<li>Maria do Socorro Barbosa e Silva<\/li>\n<li>Dauci Pinheiro Rodrigues<\/li>\n<li>Aldo Manoel Branquinho<\/li>\n<li>Dillane Ara\u00fajo Arruda Ramos<\/li>\n<li>Natan Mamede da Silva<\/li>\n<li>Yasmin Sim\u00f5es de Souza<\/li>\n<\/ul>\n<p>&#8211; Pr\u00f3-Reitoria de Cultura (PROCULT)[\/vc_column_text][\/vc_column][vc_column width=&#8221;1\/3&#8243;][vc_text_separator title=&#8221;Comiss\u00e3o Cient\u00edfica e Avaliadora&#8221; title_align=&#8221;separator_align_left&#8221; css=&#8221;.vc_custom_1666190392570{margin-top: 10px !important;}&#8221;][vc_column_text]VI SEMEX<\/p>\n<ul>\n<li>Abigail Fregni Lins<\/li>\n<li>Alidianne F\u00e1bia Cabral Cavalcanti<\/li>\n<li>Aline dos Santos de Maman<\/li>\n<li>Ana Fl\u00e1via Granville Garcia<\/li>\n<li>Ana Paula Ara\u00fajo Almeida<\/li>\n<li>Ana Tereza do Nascimento Sales Figueiredo Fernandes<\/li>\n<li>Arlandson Matheus Silva Oliveira<\/li>\n<li>Carmen Lucia Soares Gomes de Medeiros<\/li>\n<li>D\u00f3ris N\u00f3brega de Andrade Laurentino<\/li>\n<li>Emanuela R\u00e9gia de Sousa Coelho<\/li>\n<li>Francisco Anderson Mariano da Silva<\/li>\n<li>Giselda Felix Coutinho<\/li>\n<li>Helimarcos Nunes Pereira<\/li>\n<li>Jakeline Pereira Alves<\/li>\n<li>Jaqueline Michele Fran\u00e7a Martins<\/li>\n<li>Jomar Ricardo da Silva<\/li>\n<li>Jose Jamilton Rodrigues dos Santos<\/li>\n<li>Josemar Henrique de Melo<\/li>\n<li>Jucelino Pereira Lins<\/li>\n<li>Karla Patricia de Oliveira Luna<\/li>\n<li>Kathleen Elane Leal Vasconcelos<\/li>\n<li>Katia Simone Alves dos Santos<\/li>\n<li>L\u00edgia Maria Ribeiro Lima<\/li>\n<li>Manuel Antonio Gord\u00f3n-N\u00fa\u00f1ez<\/li>\n<li>Maria Helena Chaves De Vasconcelos Cat\u00e3o<\/li>\n<li>Maria Vit\u00f3ria Dias Carneiro<\/li>\n<li>Mirian Werba Saldanha<\/li>\n<li>Noelma Cristina Ferreira dos Santos<\/li>\n<li>Rochane Villarim de Almeida<\/li>\n<li>Shirleyde Alves dos Santos<\/li>\n<li>Sibele Tha\u00edse Viana Guimar\u00e3es Duarte<\/li>\n<li>Simone Silva dos Santos Lopes<\/li>\n<li>T\u00e2nia Maria Ribeiro Monteiro de Figueiredo<\/li>\n<li>Tha\u00edse Alves Bezerra<\/li>\n<li>Valdecir Alves dos Santos J\u00fanior<\/li>\n<li>Vera L\u00facia Meira De Morais Silva<\/li>\n<\/ul>\n<p>[\/vc_column_text][\/vc_column][vc_column width=&#8221;1\/3&#8243;][vc_text_separator title=&#8221;Apoio&#8221; title_align=&#8221;separator_align_left&#8221; css=&#8221;.vc_custom_1666190086005{margin-top: 10px !important;}&#8221;][vc_column_text css=&#8221;.vc_custom_1666969168017{margin-bottom: 20px !important;}&#8221;]<\/p>\n<ul>\n<li>Pr\u00f3-Reitoria Estudantil (PROEST)<\/li>\n<li>Pr\u00f3-Reitoria de Infra-estrutura (PROINFRA)<\/li>\n<li>Pr\u00f3-Reitoria de Administra\u00e7\u00e3o (PROAD)<\/li>\n<li>Pr\u00f3-Reitoria de Finan\u00e7as (Proinfra)<\/li>\n<li>Pr\u00f3-Reitoria de Planejamento e Or\u00e7amento (PROPLAN)<\/li>\n<li>Coordena\u00e7\u00e3o de Rela\u00e7\u00f5es Internacionais (CORI)<\/li>\n<li>Inovatec<\/li>\n<li>CTIC<\/li>\n<li>Codecom<\/li>\n<li>Funda\u00e7\u00e3o Parque Tecnol\u00f3gico da Para\u00edba<\/li>\n<li>Cerimonial da UEPB<\/li>\n<\/ul>\n<p>[\/vc_column_text][\/vc_column][\/vc_row]<\/p>\n<\/div>","protected":false},"excerpt":{"rendered":"<p>[vc_row gap=&#8221;30&#8243; equal_height=&#8221;yes&#8221; el_class=&#8221;conf-azul&#8221;][vc_column width=&#8221;1\/3&#8243;][vc_text_separator title=&#8221;Comiss\u00e3o Organizadora&#8221; title_align=&#8221;separator_align_left&#8221; css=&#8221;.vc_custom_1666190081555{margin-top: 10px !important;}&#8221;][vc_column_text]- Pr\u00f3-Reitoria de Gradua\u00e7\u00e3o (PROGRAD) &#8211; Pr\u00f3-Reitoria de P\u00f3s-Gradua\u00e7\u00e3o e Pesquisa (PRPGP) &#8211; Pr\u00f3- Reitoria de Extens\u00e3o (PROEXT) Maria do Socorro Barbosa e Silva Dauci Pinheiro Rodrigues Aldo Manoel Branquinho Dillane Ara\u00fajo Arruda Ramos Natan Mamede da Silva Yasmin Sim\u00f5es de Souza &#8211; Pr\u00f3-Reitoria de <a class=\"leiamais\" href=\"https:\/\/eventos.uepb.edu.br\/2congressouniversitario\/comissoes\/\">Leia Mais&#8230;<\/a><\/p>\n","protected":false},"author":1,"featured_media":0,"parent":0,"menu_order":0,"comment_status":"closed","ping_status":"closed","template":"page-sem-espacamento.php","meta":{"footnotes":""},"class_list":["post-117","page","type-page","status-publish","hentry"],"_links":{"self":[{"href":"https:\/\/eventos.uepb.edu.br\/2congressouniversitario\/wp-json\/wp\/v2\/pages\/117","targetHints":{"allow":["GET"]}}],"collection":[{"href":"https:\/\/eventos.uepb.edu.br\/2congressouniversitario\/wp-json\/wp\/v2\/pages"}],"about":[{"href":"https:\/\/eventos.uepb.edu.br\/2congressouniversitario\/wp-json\/wp\/v2\/types\/page"}],"author":[{"embeddable":true,"href":"https:\/\/eventos.uepb.edu.br\/2congressouniversitario\/wp-json\/wp\/v2\/users\/1"}],"replies":[{"embeddable":true,"href":"https:\/\/eventos.uepb.edu.br\/2congressouniversitario\/wp-json\/wp\/v2\/comments?post=117"}],"version-history":[{"count":0,"href":"https:\/\/eventos.uepb.edu.br\/2congressouniversitario\/wp-json\/wp\/v2\/pages\/117\/revisions"}],"wp:attachment":[{"href":"https:\/\/eventos.uepb.edu.br\/2congressouniversitario\/wp-json\/wp\/v2\/media?parent=117"}],"curies":[{"name":"wp","href":"https:\/\/api.w.org\/{rel}","templated":true}]}}