{"id":6,"date":"2023-05-11T08:26:04","date_gmt":"2023-05-11T11:26:04","guid":{"rendered":"https:\/\/eventos.uepb.edu.br\/1simposiodesaudematerna\/?page_id=6"},"modified":"2023-05-11T08:33:18","modified_gmt":"2023-05-11T11:33:18","slug":"apresentacao","status":"publish","type":"page","link":"https:\/\/eventos.uepb.edu.br\/1simposiodesaudematerna\/","title":{"rendered":"Apresenta\u00e7\u00e3o"},"content":{"rendered":"<div class=\"wpb-content-wrapper\"><p>[vc_row el_class=&#8221;conf-azul&#8221;][vc_column css=&#8221;.vc_custom_1683804439188{padding-bottom: 30px !important;}&#8221;][vc_column_text]O Departamento de Psicologia e o Programa de P\u00f3s-Gradua\u00e7\u00e3o em Psicologia da Sa\u00fade promovem o I Simp\u00f3sio de Sa\u00fade Materna, nos dias 23 e 24 de maio, no Audit\u00f3rio de Psicologia.<\/p>\n<p>A organiza\u00e7\u00e3o do I Simp\u00f3sio de Sa\u00fade Materna foi impulsionada pela campanha nacional Maio Furta-Cor, que visa sensibilizar a popula\u00e7\u00e3o para a import\u00e2ncia da sa\u00fade mental materna. N\u00e3o obstante, pretende ir al\u00e9m de discutir este tema, ao buscar refletir sobre a maternidade a partir da perspectiva da integralidade, o que requer um debate pol\u00edtico e acad\u00eamico.<\/p>\n<p>Com a pretens\u00e3o de proporcionar discuss\u00f5es a partir de diferentes \u00e1reas do saber (direito, enfermagem, fisioterapia, obstetr\u00edcia, psicologia, servi\u00e7o social) e fomentar a interprofissionalidade, o evento &#8211; organizado por docentes da Universidade Estadual da Para\u00edba, junto \u00e0s representantes da campanha Maio Furta-Cor em Campina Grande &#8211; contar\u00e1 com a participa\u00e7\u00e3o de professoras\/es, discentes de gradua\u00e7\u00e3o e p\u00f3s-gradua\u00e7\u00e3o, gestoras\/es e profissionais de sa\u00fade, representantes da campanha Maio Furta-Cor, doulas e egressas\/os do Programa de P\u00f3s-Gradua\u00e7\u00e3o em Psicologia da Sa\u00fade da UEPB.<\/p>\n<p>Destina-se \u00e0 comunidade acad\u00eamica, aos profissionais e gestores de sa\u00fade, usu\u00e1rias\/os do Sistema \u00danico de Sa\u00fade e \u00e0 comunidade em geral.<\/p>\n<p>Contamos com sua participa\u00e7\u00e3o para adensar essa discuss\u00e3o e fortalecer a luta pela integralidade da sa\u00fade da mulher![\/vc_column_text][\/vc_column][\/vc_row]<\/p>\n<\/div>","protected":false},"excerpt":{"rendered":"<p>[vc_row el_class=&#8221;conf-azul&#8221;][vc_column css=&#8221;.vc_custom_1683804439188{padding-bottom: 30px !important;}&#8221;][vc_column_text]O Departamento de Psicologia e o Programa de P\u00f3s-Gradua\u00e7\u00e3o em Psicologia da Sa\u00fade promovem o I Simp\u00f3sio de Sa\u00fade Materna, nos dias 23 e 24 de maio, no Audit\u00f3rio de Psicologia. A organiza\u00e7\u00e3o do I Simp\u00f3sio de Sa\u00fade Materna foi impulsionada pela campanha nacional Maio Furta-Cor, que visa sensibilizar a popula\u00e7\u00e3o <a class=\"leiamais\" href=\"https:\/\/eventos.uepb.edu.br\/1simposiodesaudematerna\/\">Leia Mais&#8230;<\/a><\/p>\n","protected":false},"author":1,"featured_media":11,"parent":0,"menu_order":0,"comment_status":"closed","ping_status":"closed","template":"","meta":{"footnotes":""},"class_list":["post-6","page","type-page","status-publish","has-post-thumbnail","hentry"],"_links":{"self":[{"href":"https:\/\/eventos.uepb.edu.br\/1simposiodesaudematerna\/wp-json\/wp\/v2\/pages\/6","targetHints":{"allow":["GET"]}}],"collection":[{"href":"https:\/\/eventos.uepb.edu.br\/1simposiodesaudematerna\/wp-json\/wp\/v2\/pages"}],"about":[{"href":"https:\/\/eventos.uepb.edu.br\/1simposiodesaudematerna\/wp-json\/wp\/v2\/types\/page"}],"author":[{"embeddable":true,"href":"https:\/\/eventos.uepb.edu.br\/1simposiodesaudematerna\/wp-json\/wp\/v2\/users\/1"}],"replies":[{"embeddable":true,"href":"https:\/\/eventos.uepb.edu.br\/1simposiodesaudematerna\/wp-json\/wp\/v2\/comments?post=6"}],"version-history":[{"count":0,"href":"https:\/\/eventos.uepb.edu.br\/1simposiodesaudematerna\/wp-json\/wp\/v2\/pages\/6\/revisions"}],"wp:featuredmedia":[{"embeddable":true,"href":"https:\/\/eventos.uepb.edu.br\/1simposiodesaudematerna\/wp-json\/wp\/v2\/media\/11"}],"wp:attachment":[{"href":"https:\/\/eventos.uepb.edu.br\/1simposiodesaudematerna\/wp-json\/wp\/v2\/media?parent=6"}],"curies":[{"name":"wp","href":"https:\/\/api.w.org\/{rel}","templated":true}]}}