{"id":12,"date":"2023-05-11T08:45:21","date_gmt":"2023-05-11T11:45:21","guid":{"rendered":"https:\/\/eventos.uepb.edu.br\/1simposiodesaudematerna\/?page_id=12"},"modified":"2023-05-11T08:57:47","modified_gmt":"2023-05-11T11:57:47","slug":"programacao","status":"publish","type":"page","link":"https:\/\/eventos.uepb.edu.br\/1simposiodesaudematerna\/programacao\/","title":{"rendered":"Programa\u00e7\u00e3o"},"content":{"rendered":"<div class=\"wpb-content-wrapper\"><p>[vc_row gap=&#8221;30&#8243; el_class=&#8221;conf-azul&#8221;][vc_column width=&#8221;1\/2&#8243;][vc_text_separator title=&#8221;23\/05&#8243; title_align=&#8221;separator_align_left&#8221; css=&#8221;.vc_custom_1683806214494{margin-top: 20px !important;}&#8221;][vc_column_text]<strong>MANH\u00c3<\/strong><\/p>\n<p>08:00 \u2013 Credenciamento<\/p>\n<p>8:30 &#8211; Mesa de Abertura<\/p>\n<p>09:00 \u00e0s 10:30- Mesa redonda: <strong>A aten\u00e7\u00e3o integral \u00e0 sa\u00fade materna: um debate <\/strong><strong>cient\u00edfico e pol\u00edtico<\/strong><\/p>\n<p><strong>A sa\u00fade materna na perspectiva da integralidade<\/strong><br \/>\nProf\u00aa Dr\u00aa Kathleen Elane Leal Vasconcelos<br \/>\nAssistente Social, Doutora em Servi\u00e7o Social e Professora do Departamento de Servi\u00e7o Social da UEPB<\/p>\n<p><strong>Rede Cegonha: caminho que inicia antes da concep\u00e7\u00e3o<\/strong><br \/>\nMe.Laudeci Brito<br \/>\nEnfermeira, Mestra em Sa\u00fade Coletiva e Coordenadora da Rede Cegonha e Campina Grande<\/p>\n<p><strong>Doulas da Para\u00edba: profissionais agentes da humaniza\u00e7\u00e3o<\/strong><br \/>\nJessica Cavalcanti Farias<br \/>\nPsic\u00f3loga e Doula (Representante da Associa\u00e7\u00e3o de Doulas da Para\u00edba)<\/p>\n<p>Media\u00e7\u00e3o: Prof\u00aa Dr\u00aa. Sibelle M\u00aa Martins de Barros (UEPB)<\/p>\n<p><strong>TARDE<\/strong><\/p>\n<p>14:00h \u00e0s 15:30 &#8211; Mesa redonda &#8211; Aten\u00e7\u00e3o ao Parto: a necessidade e o desafio da humaniza\u00e7\u00e3o<\/p>\n<p><strong>Por que o parto precisa ser respeitoso?<\/strong><br \/>\nDra. Cl\u00e1udia Bianka de Souza Manh\u00e3es<br \/>\nM\u00e9dica pela Universidade Federal de Campina Grande &#8211; UFCG, Obstetra na Maternidade Instituto Elp\u00eddio de Almeida &#8211; ISEA e Coordenadora da Resid\u00eancia M\u00e9dica em Ginecologia e Obstetr\u00edcia pela Secretaria Municipal de Sa\u00fade de Campina Grande<\/p>\n<p><strong>A import\u00e2ncia do psic\u00f3logo no cen\u00e1rio de parto<\/strong><br \/>\nPsi. Daiane Arantes Barbosa<br \/>\nPsic\u00f3loga perinatal e doula<br \/>\nRepresentante do Maio Furta-Cor<\/p>\n<p><strong>As marcas da Viol\u00eancia Obst\u00e9trica<\/strong><br \/>\nMe. Franciane Silva Hanel<br \/>\nPsic\u00f3loga, Terapeuta sexual, Mestra em sa\u00fade da mulher e doula<\/p>\n<p>Media\u00e7\u00e3o: Prof\u00aa Me.Pammella Lyenne Barbosa de Carvalho (FIP\/CG)<\/p>\n<p><strong>15:30 MINICURSOS<\/strong><\/p>\n<p><strong>01 &#8211; Pr\u00e9-natal psicol\u00f3gico<\/strong><br \/>\nFacilitadora: Psi. Daiane Arantes Barbosa<br \/>\nPsic\u00f3loga perinatal e doula<\/p>\n<p><strong>02 &#8211; Acolhendo o colo vazio: a\u00e7\u00f5es terap\u00eauticas no luto gestacional e neonatal<\/strong><br \/>\nFacilitadoras:<br \/>\nProf\u00aa Me. Pammella Lyenne Barbosa de Carvalho<br \/>\nPsic\u00f3loga e Professora<br \/>\nMestre em Ci\u00eancias Sociais e Humanas<br \/>\nEsp. Jessica Cavalcanti Farias<br \/>\nPsic\u00f3loga e Doula<\/p>\n<p><strong>03 &#8211; Direitos na gesta\u00e7\u00e3o, parto e p\u00f3s-parto<\/strong><br \/>\nMe. Herlane Barros Cavalcanti<br \/>\nAdvogada, Doula e Educadora Perinatal,<br \/>\nMestra em Sa\u00fade Coletiva<\/p>\n<p><strong>04 &#8211; Estrat\u00e9gias n\u00e3o farmacol\u00f3gicas para al\u00edvio da dor no parto<\/strong><br \/>\nProf\u00aa Dr\u00aa. Isabelle Albuquerque<br \/>\nFisioterapeuta, Doutora em Sa\u00fade Materno Infantil, Professora do Departamento de Fisioterapia da UEPB<br \/>\nRespons\u00e1vel pela coordena\u00e7\u00e3o das oficinas: Psi. Jos\u00e9 Isaul (UEPB)[\/vc_column_text][\/vc_column][vc_column width=&#8221;1\/2&#8243;][vc_text_separator title=&#8221;24\/05&#8243; title_align=&#8221;separator_align_left&#8221; css=&#8221;.vc_custom_1683806231638{margin-top: 20px !important;}&#8221;][vc_column_text]08:30 &#8211; 10:00 Mesa redonda &#8211; <strong>Acolhendo a mulher frente ao inesperado: o diagn\u00f3stico de malforma\u00e7\u00e3o e as perdas gestacionais<\/strong><\/p>\n<p><strong>A vida ap\u00f3s o diagn\u00f3stico da S\u00edndrome Cong\u00eanita do V\u00edrus Zika: representa\u00e7\u00f5es sociais, estrat\u00e9gias de enfrentamento e redes sociais pessoais<\/strong><br \/>\nProf\u00aa Dr\u00aa Sibelle Maria Martins de Barros (UEPB)<br \/>\nPsic\u00f3loga, Doutora em Psicologia, Professora do Departamento de Psicologia e do Programa de P\u00f3s-Gradua\u00e7\u00e3o em Psicologia da Sa\u00fade<\/p>\n<p><strong>A maternidade no contexto da malforma\u00e7\u00e3o fetal: impacto e estrat\u00e9gias de <\/strong><strong>enfrentamento<\/strong><br \/>\nMe. Ana Clara Nascimento Cabral Lima<br \/>\nPsic\u00f3loga e Mestra em Psicologia da Sa\u00fade<\/p>\n<p><strong>Perdas gestacionais, elabora\u00e7\u00e3o do luto materno e o papel da equipe interdisciplinar<\/strong><br \/>\nProf\u00aa Me.Pammella Lyenne Barbosa de Carvalho<br \/>\nPsic\u00f3loga, Mestre em Ci\u00eancias Sociais e Humanas e Professora do Curso de Psicologia FIP (CG)<\/p>\n<p>Media\u00e7\u00e3o: Prof\u00aa. Dr\u00aa Jailma Souto (UEPB)<\/p>\n<p>10:30 \u00e0s 12:00 Mesa redonda: <strong>Ser m\u00e3e de crian\u00e7as com necessidades especiais de <\/strong><strong>sa\u00fade<\/strong><\/p>\n<p><strong>A viv\u00eancia de uma m\u00e3e \u201cat\u00edpica\u201d e a busca por direitos<\/strong><br \/>\nMe. T\u00e2mara de Oliveira Silva<br \/>\nAssistente social, Mestra em Desenvolvimento Regional, Especialista em Sa\u00fade P\u00fablica e Coordenadora do Servi\u00e7o Social e do N\u00facleo de Atendimento \u00e0s V\u00edtimas de Viol\u00eancia Sexual no Instituto de Sa\u00fade Elpidio de Almeida &#8211; ISEA.<\/p>\n<p><strong>Maternidade e Transtorno do Espectro Autista: experi\u00eancias do Caps Interven\u00e7\u00e3o <\/strong><strong>Precoce<\/strong><br \/>\nMe. Ariadne Messalina Batista Meira<br \/>\nPsic\u00f3loga, Mestra em Psicologia e psic\u00f3loga do CAPS Interven\u00e7\u00e3o precoce (Capsinho)<\/p>\n<p><strong>O acolhimento das m\u00e3es no processo de reabilita\u00e7\u00e3o<\/strong><br \/>\nEsp. Juciane Castro de Vasconcelos<br \/>\nMestranda em Psicologia Cl\u00ednica e da Sa\u00fade e Especialista em Psicologia Cl\u00ednica e Neuropsicologia<\/p>\n<p>Media\u00e7\u00e3o: Esp. Jessica Cavalcanti Farias<\/p>\n<p><strong>TARDE<\/strong><br \/>\n14:00 \u00e0s 15:30 &#8211; <strong>Mesa redonda: A sa\u00fade mental materna<\/strong><\/p>\n<p><strong>O movimento Maio Furta-Cor<\/strong><br \/>\nPsi Daiane Arantes<br \/>\nPsic\u00f3loga perinatal e doula<br \/>\nEsp. Carol Gomes<br \/>\nFisioterapeuta, Especialista em Sa\u00fade da Fam\u00edlia, Especialista em Sa\u00fade Mental, Vereadora no munic\u00edpio de Campina Grande e autora do Projeto de Lei Maio Furta-cor, em Campina Grande<\/p>\n<p><strong>Sa\u00fade mental materna<\/strong><br \/>\nDr\u00aa L\u00edvia Sales<br \/>\nPsic\u00f3loga, Doutora em Psicologia e Coordenadora da Sa\u00fade Mental Campina Grande<\/p>\n<p><strong>Maternidade e a paternidade em (des) constru\u00e7\u00e3o<\/strong><br \/>\nEsp. Thiago Fernandes<br \/>\nPsic\u00f3logo, Professor Substituto do Departamento de Psicologia (UEPB), Mestrando no Programa de Psicologia da Sa\u00fade (UEPB)<\/p>\n<p>Media\u00e7\u00e3o:Prof\u00aa Dr\u00aa Sibelle Maria Martins de Barros (UEPB)<\/p>\n<p><strong>15:30 Encerramento<\/strong>[\/vc_column_text][\/vc_column][\/vc_row]<\/p>\n<\/div>","protected":false},"excerpt":{"rendered":"<p>[vc_row gap=&#8221;30&#8243; el_class=&#8221;conf-azul&#8221;][vc_column width=&#8221;1\/2&#8243;][vc_text_separator title=&#8221;23\/05&#8243; title_align=&#8221;separator_align_left&#8221; css=&#8221;.vc_custom_1683806214494{margin-top: 20px !important;}&#8221;][vc_column_text]MANH\u00c3 08:00 \u2013 Credenciamento 8:30 &#8211; Mesa de Abertura 09:00 \u00e0s 10:30- Mesa redonda: A aten\u00e7\u00e3o integral \u00e0 sa\u00fade materna: um debate cient\u00edfico e pol\u00edtico A sa\u00fade materna na perspectiva da integralidade Prof\u00aa Dr\u00aa Kathleen Elane Leal Vasconcelos Assistente Social, Doutora em Servi\u00e7o Social e Professora do <a class=\"leiamais\" href=\"https:\/\/eventos.uepb.edu.br\/1simposiodesaudematerna\/programacao\/\">Leia Mais&#8230;<\/a><\/p>\n","protected":false},"author":1,"featured_media":0,"parent":0,"menu_order":0,"comment_status":"closed","ping_status":"closed","template":"","meta":{"footnotes":""},"class_list":["post-12","page","type-page","status-publish","hentry"],"_links":{"self":[{"href":"https:\/\/eventos.uepb.edu.br\/1simposiodesaudematerna\/wp-json\/wp\/v2\/pages\/12","targetHints":{"allow":["GET"]}}],"collection":[{"href":"https:\/\/eventos.uepb.edu.br\/1simposiodesaudematerna\/wp-json\/wp\/v2\/pages"}],"about":[{"href":"https:\/\/eventos.uepb.edu.br\/1simposiodesaudematerna\/wp-json\/wp\/v2\/types\/page"}],"author":[{"embeddable":true,"href":"https:\/\/eventos.uepb.edu.br\/1simposiodesaudematerna\/wp-json\/wp\/v2\/users\/1"}],"replies":[{"embeddable":true,"href":"https:\/\/eventos.uepb.edu.br\/1simposiodesaudematerna\/wp-json\/wp\/v2\/comments?post=12"}],"version-history":[{"count":0,"href":"https:\/\/eventos.uepb.edu.br\/1simposiodesaudematerna\/wp-json\/wp\/v2\/pages\/12\/revisions"}],"wp:attachment":[{"href":"https:\/\/eventos.uepb.edu.br\/1simposiodesaudematerna\/wp-json\/wp\/v2\/media?parent=12"}],"curies":[{"name":"wp","href":"https:\/\/api.w.org\/{rel}","templated":true}]}}